{"id":29331,"date":"2023-11-17T17:01:57","date_gmt":"2023-11-17T16:17:19","guid":{"rendered":"https:\/\/www.eventixgroup.it\/product\/rack-12-rx-6000-dante-sennheiser\/"},"modified":"2023-11-17T17:17:19","modified_gmt":"2023-11-17T16:17:19","slug":"rack-12-rx-6000-dante-sennheiser","status":"publish","type":"product","link":"https:\/\/www.eventixgroup.it\/it\/prodotto\/rack-12-rx-6000-dante-sennheiser\/","title":{"rendered":"Rack 12 RX 6000 Dante Sennheiser"},"content":{"rendered":"","protected":false},"excerpt":{"rendered":"<p>Il Sennheiser EM 6000 \u00e8 un ricevitore digitale a due canali e opera su una larghezza di banda di 244 MHz (470-714 MHz) coperta dalle tre versioni del trasmettitore (470-558 MHz, 550-638 MHz e 630-718 MHz). Per i sistemi multicanale, \u00e8 possibile collegare in cascata fino a otto ricevitori senza la necessit\u00e0 di uno splitter d&#8217;antenna aggiuntivo, poich\u00e9 \u00e8 integrato nel ricevitore stesso; il sistema multicanale funziona quindi con un&#8217;unica coppia di antenne.<\/p>\n<p>La latenza di sistema \u00e8 di 3 millisecondi.<\/p>\n<p>Ricezione superiore, audio affidabile<\/p>\n<p>L&#8217;affidabilit\u00e0 \u00e8 sempre stata un segno distintivo dei sistemi wireless Sennheiser e il Digital 6000 mantiene questa promessa impiegando una vera diversit\u00e0 di bit, la correzione degli errori di trasmissione e un ulteriore sistema intelligente di mascheramento degli errori.<\/p>\n<p>La vera diversit\u00e0 di bit garantisce una qualit\u00e0 di ricezione nettamente superiore a quella disponibile con altri sistemi. Mentre la diversit\u00e0 o la vera diversit\u00e0 utilizzano rispettivamente il segnale RF di una singola antenna o il segnale audio di un singolo percorso di ricezione, la vera diversit\u00e0 di bit utilizza entrambi i circuiti di ricezione e combina le loro informazioni per creare il segnale di ricezione ottimale.<\/p>\n<p>I ricevitori Digital 6000 sono dotati di un indicatore della qualit\u00e0 del collegamento che consente di individuare i problemi prima che si verifichino perdite di segnale. Se, come accade in ambienti RF difficili, il segnale \u00e8 stato momentaneamente degradato a tal punto che la correzione dell&#8217;errore di trasmissione non pu\u00f2 essere riparata, si attiva la dissimulazione intelligente degli errori del Digital 6000. Utilizzando algoritmi di apprendimento intelligenti per sostituire il segnale deteriorato, il Digital 6000 trasmette ancora perfettamente dove altri sistemi digitali potrebbero fallire. Per la sicurezza dei dati, una caratteristica particolarmente importante per le conferenze e per l&#8217;uso aziendale, il Digital 6000 consente la crittografia AES 256.<\/p>\n<p>Il ricevitore EM 6000 \u00e8 dotato di un display OLED bianco di facile visualizzazione che offre una rapida panoramica del segnale RF, della qualit\u00e0 del collegamento, del segnale audio, dello stato della batteria, della frequenza e della crittografia. Diverse schermate consentono di accedere facilmente a ulteriori informazioni senza dover cercare in complicati sottomenu. I messaggi di condizioni critiche di funzionamento e di errore vengono visualizzati direttamente sul display.<\/p>\n","protected":false},"featured_media":29330,"template":"","meta":{"_monsterinsights_skip_tracking":false,"_monsterinsights_sitenote_active":false,"_monsterinsights_sitenote_note":"","_monsterinsights_sitenote_category":0},"product_brand":[],"product_cat":[1343],"product_tag":[2845,3314,3313],"class_list":{"0":"post-29331","1":"product","2":"type-product","3":"status-publish","4":"has-post-thumbnail","6":"product_cat-audio-equipment-it","7":"product_tag-rack-it","8":"product_tag-rx-it","9":"product_tag-senheiser-it","11":"first","12":"instock","13":"shipping-taxable","14":"product-type-simple"},"aioseo_notices":[],"_links":{"self":[{"href":"https:\/\/www.eventixgroup.it\/it\/wp-json\/wp\/v2\/product\/29331","targetHints":{"allow":["GET"]}}],"collection":[{"href":"https:\/\/www.eventixgroup.it\/it\/wp-json\/wp\/v2\/product"}],"about":[{"href":"https:\/\/www.eventixgroup.it\/it\/wp-json\/wp\/v2\/types\/product"}],"wp:featuredmedia":[{"embeddable":true,"href":"https:\/\/www.eventixgroup.it\/it\/wp-json\/wp\/v2\/media\/29330"}],"wp:attachment":[{"href":"https:\/\/www.eventixgroup.it\/it\/wp-json\/wp\/v2\/media?parent=29331"}],"wp:term":[{"taxonomy":"product_brand","embeddable":true,"href":"https:\/\/www.eventixgroup.it\/it\/wp-json\/wp\/v2\/product_brand?post=29331"},{"taxonomy":"product_cat","embeddable":true,"href":"https:\/\/www.eventixgroup.it\/it\/wp-json\/wp\/v2\/product_cat?post=29331"},{"taxonomy":"product_tag","embeddable":true,"href":"https:\/\/www.eventixgroup.it\/it\/wp-json\/wp\/v2\/product_tag?post=29331"}],"curies":[{"name":"wp","href":"https:\/\/api.w.org\/{rel}","templated":true}]}}