{"id":29312,"date":"2023-11-17T15:24:31","date_gmt":"2023-11-17T14:32:14","guid":{"rendered":"https:\/\/www.eventixgroup.it\/product\/90x-uhd-uj90x9-canon-servoassisita-supporto-per-ottica-90x\/"},"modified":"2023-11-17T15:37:57","modified_gmt":"2023-11-17T14:37:57","slug":"90x-uhd-uj90x9-canon-power-assisted-90x-lens-mount","status":"publish","type":"product","link":"https:\/\/www.eventixgroup.it\/it\/prodotto\/90x-uhd-uj90x9-canon-power-assisted-90x-lens-mount\/","title":{"rendered":"Sony FX3"},"content":{"rendered":"","protected":false},"excerpt":{"rendered":"<p>Esperienze come non ne avete mai vissute prima. Il Sony FX3 (ILMEFX3.CEC) vi porta nel mondo del cinema. La videocamera \u00e8 supercompatta, ma ha tutto ci\u00f2 che si pu\u00f2 desiderare come direttore della fotografia. Qualit\u00e0 delle immagini 4K, riprese in condizioni di scarsa luminosit\u00e0, messa a fuoco automatica degli occhi in tempo reale, &#8220;&#8221;touch tracking&#8221;&#8221; e altro ancora.<\/p>\n<p>Sensore:<\/p>\n<p>La FX3 di Sony (ILMEFX3.CEC) utilizza un sensore CMOS Exmor R da 10,2 megapixel. Insieme al processore Bionz XR, questa tecnologia offre le prestazioni che cercate. Questo sensore non solo permette di filmare in 4K a 120 fps, ma anche di ridurre al minimo il &#8220;&#8221;rolling shutter&#8221;&#8221;. Ci\u00f2 significa che non ci sono blackout. Garantisce inoltre un ottimo risultato in condizioni di luce difficili. L&#8217;ISO pu\u00f2 arrivare fino a 409.800 e la gamma dinamica \u00e8 ampia e supera i 15 stop. Tradotto con www.DeepL.com\/Translator (versione gratuita)<\/p>\n","protected":false},"featured_media":29315,"template":"","meta":{"_monsterinsights_skip_tracking":false,"_monsterinsights_sitenote_active":false,"_monsterinsights_sitenote_note":"","_monsterinsights_sitenote_category":0},"product_brand":[],"product_cat":[1350],"product_tag":[3300,2713],"class_list":{"0":"post-29312","1":"product","2":"type-product","3":"status-publish","4":"has-post-thumbnail","6":"product_cat-video-equipment-it","7":"product_tag-fx3-it","8":"product_tag-sony-it","10":"first","11":"instock","12":"shipping-taxable","13":"product-type-simple"},"aioseo_notices":[],"_links":{"self":[{"href":"https:\/\/www.eventixgroup.it\/it\/wp-json\/wp\/v2\/product\/29312","targetHints":{"allow":["GET"]}}],"collection":[{"href":"https:\/\/www.eventixgroup.it\/it\/wp-json\/wp\/v2\/product"}],"about":[{"href":"https:\/\/www.eventixgroup.it\/it\/wp-json\/wp\/v2\/types\/product"}],"wp:featuredmedia":[{"embeddable":true,"href":"https:\/\/www.eventixgroup.it\/it\/wp-json\/wp\/v2\/media\/29315"}],"wp:attachment":[{"href":"https:\/\/www.eventixgroup.it\/it\/wp-json\/wp\/v2\/media?parent=29312"}],"wp:term":[{"taxonomy":"product_brand","embeddable":true,"href":"https:\/\/www.eventixgroup.it\/it\/wp-json\/wp\/v2\/product_brand?post=29312"},{"taxonomy":"product_cat","embeddable":true,"href":"https:\/\/www.eventixgroup.it\/it\/wp-json\/wp\/v2\/product_cat?post=29312"},{"taxonomy":"product_tag","embeddable":true,"href":"https:\/\/www.eventixgroup.it\/it\/wp-json\/wp\/v2\/product_tag?post=29312"}],"curies":[{"name":"wp","href":"https:\/\/api.w.org\/{rel}","templated":true}]}}