{"id":29308,"date":"2023-11-17T15:03:52","date_gmt":"2023-11-17T14:16:44","guid":{"rendered":"https:\/\/www.eventixgroup.it\/product\/mctrl-4k-sender-video-processore\/"},"modified":"2023-11-20T10:56:22","modified_gmt":"2023-11-20T09:56:22","slug":"mctrl-4k-sender-video-processor","status":"publish","type":"product","link":"https:\/\/www.eventixgroup.it\/it\/prodotto\/mctrl-4k-sender-video-processor\/","title":{"rendered":"MCTRL 4K Sender Video Processore"},"content":{"rendered":"","protected":false},"excerpt":{"rendered":"<p>-Alta dinamica: La gamma dinamica \u00e8 la differenza tra le parti pi\u00f9 chiare e quelle pi\u00f9 scure dell&#8217;immagine. In condizioni di controluce, l&#8217;alta dinamica funziona come l&#8217;occhio umano, mostrando i dettagli sia nelle aree chiare che in quelle scure dell&#8217;immagine.<\/p>\n<p>Profondit\u00e0 di colore -10bit: una maggiore profondit\u00e0 di colore significa pi\u00f9 sfumature di colore. Durante le scene con cambi di illuminazione dinamici, luci, ombre e colori sono espressi in modo estremamente dettagliato, rendendo l&#8217;immagine pi\u00f9 reale, accurata e stratificata.<\/p>\n<p>-Ampia gamma di colori: il passaggio da BT.709 a BT.2020 consente di ottenere una maggiore quantit\u00e0 di colori con una maggiore ricchezza, avvicinando l&#8217;immagine a ci\u00f2 che vediamo nel mondo reale.<\/p>\n<p>-Semplificare il processo di post-produzione e migliorare l&#8217;effetto della trasmissione in diretta: HLG pu\u00f2 essere facilmente integrato nel mondo della trasmissione. La cosa pi\u00f9 conveniente \u00e8 che non \u00e8 necessario regolare le luci e le ombre in una fase successiva e si pu\u00f2 ottenere direttamente l&#8217;immagine ad alta gamma dinamica durante la ripresa. HLG ci ha aiutato a soddisfare le esigenze di ripresa rapida e di produzione di immagini di alta qualit\u00e0 e ad alta gamma dinamica, consentendoci di migliorare facilmente la qualit\u00e0 delle immagini.<\/p>\n<p>-4K UHD: una singola unit\u00e0 ha una capacit\u00e0 di carico fino a 4096\u00d72160@60Hz. Supporta qualsiasi risoluzione personalizzata con larghezza o altezza massima fino a 7680 pixel, soddisfacendo i requisiti di configurazione in loco dei display LED ultra lunghi o ultra larghi.<\/p>\n<p>-3D: Supporta la funzione 3D quando si utilizza l&#8217;emettitore 3D EMT200 e gli occhiali 3D, consentendo di sperimentare gli effetti di visualizzazione 3D.<\/p>\n","protected":false},"featured_media":29307,"template":"","meta":{"_monsterinsights_skip_tracking":false,"_monsterinsights_sitenote_active":false,"_monsterinsights_sitenote_note":"","_monsterinsights_sitenote_category":0},"product_brand":[],"product_cat":[1348],"product_tag":[1785,3296,2976],"class_list":{"0":"post-29308","1":"product","2":"type-product","3":"status-publish","4":"has-post-thumbnail","6":"product_cat-projectors-screens-it","7":"product_tag-processor-it","8":"product_tag-sender-it","9":"product_tag-video-it","11":"first","12":"instock","13":"shipping-taxable","14":"product-type-simple"},"aioseo_notices":[],"_links":{"self":[{"href":"https:\/\/www.eventixgroup.it\/it\/wp-json\/wp\/v2\/product\/29308","targetHints":{"allow":["GET"]}}],"collection":[{"href":"https:\/\/www.eventixgroup.it\/it\/wp-json\/wp\/v2\/product"}],"about":[{"href":"https:\/\/www.eventixgroup.it\/it\/wp-json\/wp\/v2\/types\/product"}],"wp:featuredmedia":[{"embeddable":true,"href":"https:\/\/www.eventixgroup.it\/it\/wp-json\/wp\/v2\/media\/29307"}],"wp:attachment":[{"href":"https:\/\/www.eventixgroup.it\/it\/wp-json\/wp\/v2\/media?parent=29308"}],"wp:term":[{"taxonomy":"product_brand","embeddable":true,"href":"https:\/\/www.eventixgroup.it\/it\/wp-json\/wp\/v2\/product_brand?post=29308"},{"taxonomy":"product_cat","embeddable":true,"href":"https:\/\/www.eventixgroup.it\/it\/wp-json\/wp\/v2\/product_cat?post=29308"},{"taxonomy":"product_tag","embeddable":true,"href":"https:\/\/www.eventixgroup.it\/it\/wp-json\/wp\/v2\/product_tag?post=29308"}],"curies":[{"name":"wp","href":"https:\/\/api.w.org\/{rel}","templated":true}]}}