{"id":29304,"date":"2023-11-17T14:41:58","date_gmt":"2023-11-17T13:57:55","guid":{"rendered":"https:\/\/www.eventixgroup.it\/product\/monitor-led-85-sony-4k-fwd-85x80h-t1\/"},"modified":"2023-11-20T10:56:40","modified_gmt":"2023-11-20T09:56:40","slug":"monitor-led-85-sony-4k-fwd-85x80h-t1","status":"publish","type":"product","link":"https:\/\/www.eventixgroup.it\/it\/prodotto\/monitor-led-85-sony-4k-fwd-85x80h-t1\/","title":{"rendered":"Monitor LED 85&#8243; SONY 4K FWD-85X80H\/T1"},"content":{"rendered":"","protected":false},"excerpt":{"rendered":"<p>-Risoluzione dell&#8217;immagine 4K (3.840 x 2.160 pixel): Grazie a una risoluzione di 8 milioni di pixel, 4 volte superiore a quella del Full HD, il 4K offre una maggiore nitidezza per le soluzioni display per l&#8217;area corporate, per il settore education e per le applicazioni di digital signage.<\/p>\n<p>-Pi\u00f9 contrasto, colori e nitidezza: Il nostro processore X1\u2122 4K HDR ripulisce e perfeziona il segnale dell&#8217;immagine, utilizzando algoritmi avanzati per ridurre il rumore e migliorare i dettagli. Perfino le immagini a risoluzione inferiore vengono convertite a una risoluzione pi\u00f9 prossima al 4K, con colori e texture realistici per un signage pi\u00f9 impattante.<\/p>\n<p>-Godetevi i pi\u00f9 piccoli dettagli: 4K X-Reality PRO esalta le immagini in modo da ottenere una qualit\u00e0 simile al 4K. Le immagini sono nitide e raffinate in tempo reale, rivelando dettagli extra da fonti di immagini a bassa risoluzione.<\/p>\n<p>-Colori intensi con display TRILUMINOUS. Il display TRILUMINOS, basato sul nostro processore X1, utilizza una gamma di colori pi\u00f9 ampia, riproducendo fedelmente un mondo di tonalit\u00e0 e sfumature pi\u00f9 ricche e realistiche.<\/p>\n<p>-Movimento pi\u00f9 fluido: La tecnologia Motionflow XR inserisce fotogrammi supplementari tra gli originali, garantendo dettagli pi\u00f9 fluidi e nitidi nelle sequenze in rapido movimento. -Configurazione rapida con la modalit\u00e0 Pro. Personalizzate e salvate le impostazioni e le funzioni del display e copiatele facilmente su altri display tramite la memoria flash USB.<\/p>\n<p>-Creare facilmente applicativi di segnaletica digitale: Il supporto HTML5 integrato consente di produrre facilmente contenuti di segnaletica digitale accattivanti. Combinate grafica, testo, video e contenuti Web dal vivo per produrre creazioni di segnaletica accattivanti in pochi minuti senza hardware aggiuntivo o formazione specializzata.<\/p>\n<p>-Controllo remoto versatile Controllo: il BRAVIA a distanza, comprese le funzioni di accensione e spegnimento, la selezione del segnale di ingresso e la regolazione del volume, su rete IP tramite RJ45 via Web API.<\/p>\n<p>-Integrazione TEOS: BRAVIA si integra perfettamente con TEOS, la suite di soluzioni di gestione della postazione di lavoro di Sony che organizza il controllo dei dispositivi e dei contenuti nelle riunioni aziendali, nelle sale riunioni e negli spazi pubblici.<\/p>\n","protected":false},"featured_media":29303,"template":"","meta":{"_monsterinsights_skip_tracking":false,"_monsterinsights_sitenote_active":false,"_monsterinsights_sitenote_note":"","_monsterinsights_sitenote_category":0},"product_brand":[],"product_cat":[1348],"product_tag":[1655,2060,2713],"class_list":{"0":"post-29304","1":"product","2":"type-product","3":"status-publish","4":"has-post-thumbnail","6":"product_cat-projectors-screens-it","7":"product_tag-led-it","8":"product_tag-monitor-it","9":"product_tag-sony-it","11":"first","12":"instock","13":"shipping-taxable","14":"product-type-simple"},"aioseo_notices":[],"_links":{"self":[{"href":"https:\/\/www.eventixgroup.it\/it\/wp-json\/wp\/v2\/product\/29304","targetHints":{"allow":["GET"]}}],"collection":[{"href":"https:\/\/www.eventixgroup.it\/it\/wp-json\/wp\/v2\/product"}],"about":[{"href":"https:\/\/www.eventixgroup.it\/it\/wp-json\/wp\/v2\/types\/product"}],"wp:featuredmedia":[{"embeddable":true,"href":"https:\/\/www.eventixgroup.it\/it\/wp-json\/wp\/v2\/media\/29303"}],"wp:attachment":[{"href":"https:\/\/www.eventixgroup.it\/it\/wp-json\/wp\/v2\/media?parent=29304"}],"wp:term":[{"taxonomy":"product_brand","embeddable":true,"href":"https:\/\/www.eventixgroup.it\/it\/wp-json\/wp\/v2\/product_brand?post=29304"},{"taxonomy":"product_cat","embeddable":true,"href":"https:\/\/www.eventixgroup.it\/it\/wp-json\/wp\/v2\/product_cat?post=29304"},{"taxonomy":"product_tag","embeddable":true,"href":"https:\/\/www.eventixgroup.it\/it\/wp-json\/wp\/v2\/product_tag?post=29304"}],"curies":[{"name":"wp","href":"https:\/\/api.w.org\/{rel}","templated":true}]}}