{"id":28830,"date":"2023-09-13T10:03:32","date_gmt":"2023-09-13T08:05:18","guid":{"rendered":"https:\/\/www.eventixgroup.it\/product\/go-pro-hero-9-black\/"},"modified":"2023-09-13T10:05:18","modified_gmt":"2023-09-13T08:05:18","slug":"go-pro-hero-9-black","status":"publish","type":"product","link":"https:\/\/www.eventixgroup.it\/it\/prodotto\/go-pro-hero-9-black\/","title":{"rendered":"Go Pro Hero 9 Black"},"content":{"rendered":"","protected":false},"excerpt":{"rendered":"<p>Riprese video straordinarie a risoluzione 5K, perfette per mantenere i dettagli nitidi anche durante lo zoom. Con un nuovo sensore da 23,6 MP a piena potenza<br \/>\nScatta foto nitide e di qualit\u00e0 professionale con una nitidezza di 20MP. E grazie a SuperFoto, la HERO9 Black \u00e8 in grado di scegliere automaticamente la migliore elaborazione dell&#8217;immagine, in modo da poter scattare facilmente la foto perfetta.<br \/>\nNon \u00e8 pi\u00f9 necessario portare con s\u00e9 un telaio separato. Basta estrarre le guide pieghevoli, fissare la fotocamera a qualsiasi supporto e partire all&#8217;avventura.<\/p>\n","protected":false},"featured_media":28829,"template":"","meta":{"_monsterinsights_skip_tracking":false,"_monsterinsights_sitenote_active":false,"_monsterinsights_sitenote_note":"","_monsterinsights_sitenote_category":0},"product_brand":[],"product_cat":[1350],"product_tag":[1764,1765],"class_list":{"0":"post-28830","1":"product","2":"type-product","3":"status-publish","4":"has-post-thumbnail","6":"product_cat-video-equipment-it","7":"product_tag-gopro-it","8":"product_tag-hero-it","10":"first","11":"instock","12":"shipping-taxable","13":"product-type-simple"},"aioseo_notices":[],"_links":{"self":[{"href":"https:\/\/www.eventixgroup.it\/it\/wp-json\/wp\/v2\/product\/28830","targetHints":{"allow":["GET"]}}],"collection":[{"href":"https:\/\/www.eventixgroup.it\/it\/wp-json\/wp\/v2\/product"}],"about":[{"href":"https:\/\/www.eventixgroup.it\/it\/wp-json\/wp\/v2\/types\/product"}],"wp:featuredmedia":[{"embeddable":true,"href":"https:\/\/www.eventixgroup.it\/it\/wp-json\/wp\/v2\/media\/28829"}],"wp:attachment":[{"href":"https:\/\/www.eventixgroup.it\/it\/wp-json\/wp\/v2\/media?parent=28830"}],"wp:term":[{"taxonomy":"product_brand","embeddable":true,"href":"https:\/\/www.eventixgroup.it\/it\/wp-json\/wp\/v2\/product_brand?post=28830"},{"taxonomy":"product_cat","embeddable":true,"href":"https:\/\/www.eventixgroup.it\/it\/wp-json\/wp\/v2\/product_cat?post=28830"},{"taxonomy":"product_tag","embeddable":true,"href":"https:\/\/www.eventixgroup.it\/it\/wp-json\/wp\/v2\/product_tag?post=28830"}],"curies":[{"name":"wp","href":"https:\/\/api.w.org\/{rel}","templated":true}]}}