{"id":28771,"date":"2023-09-07T15:41:47","date_gmt":"2023-09-07T13:44:30","guid":{"rendered":"https:\/\/www.eventixgroup.it\/product\/camera-hdc3200\/"},"modified":"2023-09-07T15:44:30","modified_gmt":"2023-09-07T13:44:30","slug":"camera-hdc3200","status":"publish","type":"product","link":"https:\/\/www.eventixgroup.it\/it\/prodotto\/camera-hdc3200\/","title":{"rendered":"Camera HDC3200"},"content":{"rendered":"","protected":false},"excerpt":{"rendered":"<p>Spettacolare qualit\u00e0 4K accessibile a tutti<br \/>\nLa telecamera di sistema HDC-3200 offre un&#8217;eccezionale qualit\u00e0 d&#8217;immagine 4K e un&#8217;incredibile versatilit\u00e0 che la rende adatta a qualsiasi produzione live. Condividendo molte caratteristiche operative con le acclamate telecamere della serie HDC di Sony, l&#8217;HDC-3200 \u00e8 dotato di un sensore 3CMOS 4K ad alta sensibilit\u00e0 con un&#8217;esclusiva tecnologia dell&#8217;otturatore per offrire una qualit\u00e0 d&#8217;immagine brillante con livelli di rumore estremamente bassi, anche in studi poco illuminati.<\/p>\n","protected":false},"featured_media":28767,"template":"","meta":{"_monsterinsights_skip_tracking":false,"_monsterinsights_sitenote_active":false,"_monsterinsights_sitenote_note":"","_monsterinsights_sitenote_category":0},"product_brand":[],"product_cat":[1350],"product_tag":[3197,3272],"class_list":{"0":"post-28771","1":"product","2":"type-product","3":"status-publish","4":"has-post-thumbnail","6":"product_cat-video-equipment-it","7":"product_tag-camera-it","8":"product_tag-hdc3200-it","10":"first","11":"instock","12":"shipping-taxable","13":"product-type-simple"},"aioseo_notices":[],"_links":{"self":[{"href":"https:\/\/www.eventixgroup.it\/it\/wp-json\/wp\/v2\/product\/28771","targetHints":{"allow":["GET"]}}],"collection":[{"href":"https:\/\/www.eventixgroup.it\/it\/wp-json\/wp\/v2\/product"}],"about":[{"href":"https:\/\/www.eventixgroup.it\/it\/wp-json\/wp\/v2\/types\/product"}],"wp:featuredmedia":[{"embeddable":true,"href":"https:\/\/www.eventixgroup.it\/it\/wp-json\/wp\/v2\/media\/28767"}],"wp:attachment":[{"href":"https:\/\/www.eventixgroup.it\/it\/wp-json\/wp\/v2\/media?parent=28771"}],"wp:term":[{"taxonomy":"product_brand","embeddable":true,"href":"https:\/\/www.eventixgroup.it\/it\/wp-json\/wp\/v2\/product_brand?post=28771"},{"taxonomy":"product_cat","embeddable":true,"href":"https:\/\/www.eventixgroup.it\/it\/wp-json\/wp\/v2\/product_cat?post=28771"},{"taxonomy":"product_tag","embeddable":true,"href":"https:\/\/www.eventixgroup.it\/it\/wp-json\/wp\/v2\/product_tag?post=28771"}],"curies":[{"name":"wp","href":"https:\/\/api.w.org\/{rel}","templated":true}]}}