{"id":28764,"date":"2023-09-07T15:26:43","date_gmt":"2023-09-07T13:38:27","guid":{"rendered":"https:\/\/www.eventixgroup.it\/product\/camera-hdc3500\/"},"modified":"2023-09-07T15:38:27","modified_gmt":"2023-09-07T13:38:27","slug":"camera-hdc3500","status":"publish","type":"product","link":"https:\/\/www.eventixgroup.it\/it\/prodotto\/camera-hdc3500\/","title":{"rendered":"Camera HDC3500"},"content":{"rendered":"","protected":false},"excerpt":{"rendered":"<p>Un nuovo punto di riferimento per la flessibilit\u00e0 creativa<br \/>\nLa telecamera di sistema HDC-3500 introduce nuovi livelli di qualit\u00e0 delle immagini, portabilit\u00e0 e flessibilit\u00e0 creativa per gli ambienti di produzione live. Provate la superba qualit\u00e0 delle immagini 4K\/HD\/HDR e anticipate le esigenze di produzione di domani, mantenendo la piena compatibilit\u00e0 con i flussi di lavoro e l&#8217;hardware di sistema attuali.<br \/>\nPotenza di acquisizione immagini illimitata<br \/>\nCattura immagini di qualit\u00e0 superiore grazie al primo sensore CMOS 4K da 2\/3&#8243; al mondo con una tecnologia di scatto unica, che elimina l&#8217;effetto &#8220;gelatina&#8221; e le bande di rumore. Ci\u00f2 consente all&#8217;HDC-3500 di acquisire immagini nitide ad alta risoluzione 4K (2000 TVL), bassissimo rumore (-62 dB), sensibilit\u00e0 eccezionale (F10 a 1080\/59,94P o F11 a 1080\/50p) e ampia gamma dinamica, raggiungendo lo spazio colore esteso dello standard broadcast ITU-R BT.2020. \u00c8 abbinato a un processore di segnale digitale LSI appositamente sviluppato, che sfrutta appieno la straordinaria potenza di imaging di questo nuovo sensore.<\/p>\n","protected":false},"featured_media":28763,"template":"","meta":{"_monsterinsights_skip_tracking":false,"_monsterinsights_sitenote_active":false,"_monsterinsights_sitenote_note":"","_monsterinsights_sitenote_category":0},"product_brand":[],"product_cat":[1350],"product_tag":[3197,3270],"class_list":{"0":"post-28764","1":"product","2":"type-product","3":"status-publish","4":"has-post-thumbnail","6":"product_cat-video-equipment-it","7":"product_tag-camera-it","8":"product_tag-hdc3500-it","10":"first","11":"instock","12":"shipping-taxable","13":"product-type-simple"},"aioseo_notices":[],"_links":{"self":[{"href":"https:\/\/www.eventixgroup.it\/it\/wp-json\/wp\/v2\/product\/28764","targetHints":{"allow":["GET"]}}],"collection":[{"href":"https:\/\/www.eventixgroup.it\/it\/wp-json\/wp\/v2\/product"}],"about":[{"href":"https:\/\/www.eventixgroup.it\/it\/wp-json\/wp\/v2\/types\/product"}],"wp:featuredmedia":[{"embeddable":true,"href":"https:\/\/www.eventixgroup.it\/it\/wp-json\/wp\/v2\/media\/28763"}],"wp:attachment":[{"href":"https:\/\/www.eventixgroup.it\/it\/wp-json\/wp\/v2\/media?parent=28764"}],"wp:term":[{"taxonomy":"product_brand","embeddable":true,"href":"https:\/\/www.eventixgroup.it\/it\/wp-json\/wp\/v2\/product_brand?post=28764"},{"taxonomy":"product_cat","embeddable":true,"href":"https:\/\/www.eventixgroup.it\/it\/wp-json\/wp\/v2\/product_cat?post=28764"},{"taxonomy":"product_tag","embeddable":true,"href":"https:\/\/www.eventixgroup.it\/it\/wp-json\/wp\/v2\/product_tag?post=28764"}],"curies":[{"name":"wp","href":"https:\/\/api.w.org\/{rel}","templated":true}]}}