{"id":28668,"date":"2022-02-09T16:23:47","date_gmt":"2023-09-05T10:06:40","guid":{"rendered":"https:\/\/www.eventixgroup.it\/product\/bresser-roll-up-green-screen-150x200cm\/"},"modified":"2023-09-05T12:06:40","modified_gmt":"2023-09-05T10:06:40","slug":"bresser-roll-up-green-screen-150x200cm","status":"publish","type":"product","link":"https:\/\/www.eventixgroup.it\/it\/prodotto\/bresser-roll-up-green-screen-150x200cm\/","title":{"rendered":"Bresser Roll-up Green Screen 150x200cm"},"content":{"rendered":"","protected":false},"excerpt":{"rendered":"<p>Il Bresser Roll-up Green Screen \u00e8 un&#8217;aggiunta utile sia per i principianti che per i professionisti che desiderano utilizzare Chromakey. Semplice, pieghevole e resistente alle pieghe, il telo verde avvolgibile Bresser \u00e8 ideale per lavorare in location.<\/p>\n<p>Lo sfondo \u00e8 realizzato in cromakey di poliestere di alta qualit\u00e0.c Il telo verde avvolgibile Bresser con alloggiamento in alluminio \u00e8 dotato di una maniglia e di due stabili barre orizzontali per una maggiore stabilit\u00e0. Lo sfondo verde pu\u00f2 essere arrotolato su un tubo girevole nella cassetta. Questo tubo girevole pu\u00f2 essere fissato all&#8217;altezza desiderata con staffe pneumatiche a X.<\/p>\n","protected":false},"featured_media":21125,"template":"","meta":{"_monsterinsights_skip_tracking":false,"_monsterinsights_sitenote_active":false,"_monsterinsights_sitenote_note":"","_monsterinsights_sitenote_category":0},"product_brand":[],"product_cat":[1348],"product_tag":[],"class_list":{"0":"post-28668","1":"product","2":"type-product","3":"status-publish","4":"has-post-thumbnail","6":"product_cat-projectors-screens-it","8":"first","9":"instock","10":"shipping-taxable","11":"product-type-simple"},"aioseo_notices":[],"_links":{"self":[{"href":"https:\/\/www.eventixgroup.it\/it\/wp-json\/wp\/v2\/product\/28668","targetHints":{"allow":["GET"]}}],"collection":[{"href":"https:\/\/www.eventixgroup.it\/it\/wp-json\/wp\/v2\/product"}],"about":[{"href":"https:\/\/www.eventixgroup.it\/it\/wp-json\/wp\/v2\/types\/product"}],"wp:featuredmedia":[{"embeddable":true,"href":"https:\/\/www.eventixgroup.it\/it\/wp-json\/wp\/v2\/media\/21125"}],"wp:attachment":[{"href":"https:\/\/www.eventixgroup.it\/it\/wp-json\/wp\/v2\/media?parent=28668"}],"wp:term":[{"taxonomy":"product_brand","embeddable":true,"href":"https:\/\/www.eventixgroup.it\/it\/wp-json\/wp\/v2\/product_brand?post=28668"},{"taxonomy":"product_cat","embeddable":true,"href":"https:\/\/www.eventixgroup.it\/it\/wp-json\/wp\/v2\/product_cat?post=28668"},{"taxonomy":"product_tag","embeddable":true,"href":"https:\/\/www.eventixgroup.it\/it\/wp-json\/wp\/v2\/product_tag?post=28668"}],"curies":[{"name":"wp","href":"https:\/\/api.w.org\/{rel}","templated":true}]}}