{"id":28653,"date":"2022-02-09T16:57:30","date_gmt":"2023-09-05T08:55:39","guid":{"rendered":"https:\/\/www.eventixgroup.it\/product\/snapbag-sbtlve2\/"},"modified":"2023-09-05T10:55:39","modified_gmt":"2023-09-05T08:55:39","slug":"snapbag-sbtlve2","status":"publish","type":"product","link":"https:\/\/www.eventixgroup.it\/it\/prodotto\/snapbag-sbtlve2\/","title":{"rendered":"SnapBag SBTLVE2"},"content":{"rendered":"","protected":false},"excerpt":{"rendered":"<p>Per l&#8217;era dell&#8217;illuminazione a LED, DoPchoice ha creato il brevettato SNAPBAG\u00ae, il primo softbox autoserrante. Facile da maneggiare, SNAPBAG\u00ae si estrae istantaneamente dal suo sacchetto di stoccaggio, pronto a lavorare. Il peso ridotto, la rapidit\u00e0 di installazione e la facilit\u00e0 d&#8217;uso ne hanno fatto la scelta di registi e videografi di tutto il mondo. Si montano in pochi secondi, senza bisogno di un anello di velocit\u00e0 pesante e dispendioso. Questi risparmiatori di spazio si montano direttamente sulla parte anteriore dei pi\u00f9 diffusi apparecchi a LED, senza bisogno di ulteriori supporti che li intralcino. Scegli tra una variet\u00e0 di forme: Rettangolare, ottagonale e Flyball e inizia a illuminare in un attimo!<\/p>\n<p>Specifiche:<\/p>\n<p>Dimensioni installate LxLxH: 90 x 62 x 20 cm<\/p>\n<p>Peso installato: 0,92 kg<\/p>\n<p>Dimensioni dell&#8217;imballaggio LxLxH: 68 x 47 x 3 cm<\/p>\n<p>Peso dell&#8217;imballaggio: 1 kg<\/p>\n","protected":false},"featured_media":21158,"template":"","meta":{"_monsterinsights_skip_tracking":false,"_monsterinsights_sitenote_active":false,"_monsterinsights_sitenote_note":"","_monsterinsights_sitenote_category":0},"product_brand":[],"product_cat":[1347],"product_tag":[],"class_list":{"0":"post-28653","1":"product","2":"type-product","3":"status-publish","4":"has-post-thumbnail","6":"product_cat-lighting-equipment-it","8":"first","9":"instock","10":"shipping-taxable","11":"product-type-simple"},"aioseo_notices":[],"_links":{"self":[{"href":"https:\/\/www.eventixgroup.it\/it\/wp-json\/wp\/v2\/product\/28653","targetHints":{"allow":["GET"]}}],"collection":[{"href":"https:\/\/www.eventixgroup.it\/it\/wp-json\/wp\/v2\/product"}],"about":[{"href":"https:\/\/www.eventixgroup.it\/it\/wp-json\/wp\/v2\/types\/product"}],"wp:featuredmedia":[{"embeddable":true,"href":"https:\/\/www.eventixgroup.it\/it\/wp-json\/wp\/v2\/media\/21158"}],"wp:attachment":[{"href":"https:\/\/www.eventixgroup.it\/it\/wp-json\/wp\/v2\/media?parent=28653"}],"wp:term":[{"taxonomy":"product_brand","embeddable":true,"href":"https:\/\/www.eventixgroup.it\/it\/wp-json\/wp\/v2\/product_brand?post=28653"},{"taxonomy":"product_cat","embeddable":true,"href":"https:\/\/www.eventixgroup.it\/it\/wp-json\/wp\/v2\/product_cat?post=28653"},{"taxonomy":"product_tag","embeddable":true,"href":"https:\/\/www.eventixgroup.it\/it\/wp-json\/wp\/v2\/product_tag?post=28653"}],"curies":[{"name":"wp","href":"https:\/\/api.w.org\/{rel}","templated":true}]}}