{"id":28638,"date":"2022-08-30T15:58:04","date_gmt":"2023-09-05T07:46:53","guid":{"rendered":"https:\/\/www.eventixgroup.it\/product\/grandma-3-light\/"},"modified":"2023-09-05T09:46:53","modified_gmt":"2023-09-05T07:46:53","slug":"grandma-3-light","status":"publish","type":"product","link":"https:\/\/www.eventixgroup.it\/it\/prodotto\/grandma-3-light\/","title":{"rendered":"GrandMa 3 Light"},"content":{"rendered":"<p style=\"text-align: justify;\">La <strong>grandMA3 light console<\/strong> \u00e8 il cavallo di battaglia della gamma. Offre una combinazione perfetta di potenza e dimensioni fisiche. La console luci grandMA3 \u00e8 adatta a tutte le produzioni, tranne quelle pi\u00f9 impegnative, ed \u00e8 probabilmente la console luci pi\u00f9 versatile disponibile sul mercato. Dotata di 60 playback fisici, 16 tasti x assegnabili e un&#8217;area master dedicata, la console grandMA3 light offre numerose opzioni di riproduzione.<\/p>\n<p style=\"text-align: justify;\">Il sistema operativo grandMA3 \u00e8 completamente nuovo ed \u00e8 stato progettato per essere pi\u00f9 accogliente per i nuovi utenti senza allontanare i programmatori grandMA esistenti. \u00c8 stato incorporato un ampio feedback degli utenti per garantire che le nuove funzionalit\u00e0 rispondano alle esigenze reali della famiglia MA. La sintassi fondamentale di grandMA2 \u00e8 stata conservata ed estesa per facilitare le nuove funzionalit\u00e0.<\/p>\n<p style=\"text-align: justify;\">Il software grandMA3 ha un&#8217;elegante nuova architettura di sistema che incorpora una nuova gestione di fixture, funzioni ed effetti.<\/p>\n","protected":false},"excerpt":{"rendered":"<p>Controllo in tempo reale per un massimo di 250.000 parametri per sessione in connessione con le unit\u00e0 di elaborazione grandMA3<br \/>\n6 DMX output, 1 DMX input<br \/>\n2 schermi multi-touch interni pieghevoli<br \/>\n2 schermi interni letterbox multi-touch<br \/>\n2 schermi di comando interni multi-touch<br \/>\n\u00c8 possibile collegare 2 schermi multi-touch esterni<br \/>\n41 encoder rotativi retroilluminati RGB<br \/>\n5 encoder doppi retroilluminati<br \/>\n15 fader motorizzati retroilluminati da 60 mm<br \/>\n60 playback separati<br \/>\n16 tasti x assegnabili<br \/>\nCassetto per tastiera integrato<br \/>\nGruppo di continuit\u00e0 (UPS) incorporato<br \/>\n3 connettori etherCON, 6 connettori USB<br \/>\n2 fader A\/B motorizzati retroilluminati 100 mm<br \/>\nTasti silenziosi (senza clic) retroilluminati e dimmerabili individualmente<\/p>\n","protected":false},"featured_media":23799,"template":"","meta":{"_monsterinsights_skip_tracking":false,"_monsterinsights_sitenote_active":false,"_monsterinsights_sitenote_note":"","_monsterinsights_sitenote_category":0},"product_brand":[],"product_cat":[1347],"product_tag":[3242],"class_list":{"0":"post-28638","1":"product","2":"type-product","3":"status-publish","4":"has-post-thumbnail","6":"product_cat-lighting-equipment-it","7":"product_tag-grandma-3-light-it","9":"first","10":"instock","11":"shipping-taxable","12":"product-type-simple"},"aioseo_notices":[],"_links":{"self":[{"href":"https:\/\/www.eventixgroup.it\/it\/wp-json\/wp\/v2\/product\/28638","targetHints":{"allow":["GET"]}}],"collection":[{"href":"https:\/\/www.eventixgroup.it\/it\/wp-json\/wp\/v2\/product"}],"about":[{"href":"https:\/\/www.eventixgroup.it\/it\/wp-json\/wp\/v2\/types\/product"}],"wp:featuredmedia":[{"embeddable":true,"href":"https:\/\/www.eventixgroup.it\/it\/wp-json\/wp\/v2\/media\/23799"}],"wp:attachment":[{"href":"https:\/\/www.eventixgroup.it\/it\/wp-json\/wp\/v2\/media?parent=28638"}],"wp:term":[{"taxonomy":"product_brand","embeddable":true,"href":"https:\/\/www.eventixgroup.it\/it\/wp-json\/wp\/v2\/product_brand?post=28638"},{"taxonomy":"product_cat","embeddable":true,"href":"https:\/\/www.eventixgroup.it\/it\/wp-json\/wp\/v2\/product_cat?post=28638"},{"taxonomy":"product_tag","embeddable":true,"href":"https:\/\/www.eventixgroup.it\/it\/wp-json\/wp\/v2\/product_tag?post=28638"}],"curies":[{"name":"wp","href":"https:\/\/api.w.org\/{rel}","templated":true}]}}