{"id":28618,"date":"2017-10-11T15:45:30","date_gmt":"2023-09-01T16:08:23","guid":{"rendered":"https:\/\/www.eventixgroup.it\/product\/drone-dji-phantom-3-professionale\/"},"modified":"2023-09-01T18:08:23","modified_gmt":"2023-09-01T16:08:23","slug":"drone-dji-phantom-3-professional","status":"publish","type":"product","link":"https:\/\/www.eventixgroup.it\/it\/prodotto\/drone-dji-phantom-3-professional\/","title":{"rendered":"DRONE DJI PHANTOM 3 professionale"},"content":{"rendered":"","protected":false},"excerpt":{"rendered":"<h2>HOVERING ASSISTITO DA GPS<\/h2>\n<p>Il GPS e il GLONASS si combinano per rendere il Phantom 3 completamente consapevole della sua posizione e della sua relazione con l&#8217;utente. Si libra con maggiore precisione, si muove con maggiore accuratezza e individua i satelliti pi\u00f9 velocemente. Tramite l&#8217;appDJI Go, \u00e8 possibile seguire la sua posizione su una mappa in tempo reale e registrare il punto di decollo per poterlo riportare a casa con il semplice tocco di un dito.<\/p>\n<h2>REGISTRI DI VOLO AUTOMATICI<\/h2>\n<p>La rotta completa del volo, il tempo di volo, la distanza percorsa, la posizione del volo e le versioni memorizzate nella cache di tutte le foto e i video scattati durante il volo sono a portata di mano, per una futura consultazione. Allo stesso tempo, un registratore di volo avanzato registra costantemente i dati di tutti i meccanismi interni del Phantom 3, che possono essere facilmente condivisi con il team di assistenza DJI in caso di domande o problemi.<\/p>\n<h2>BATTERIA INTELLIGENTE<\/h2>\n<p>Questa batteria di volo intelligente aggiornata \u00e8 dotata di sensori integrati e di LED luminosi che consentono di conoscere in tempo reale lo stato e la potenza residua della batteria. Il Phantom 3 calcola continuamente la sua distanza attuale dall&#8217;utente e la quantit\u00e0 di energia necessaria per tornare indietro, in modo da sapere sempre per quanto tempo si pu\u00f2 continuare a volare e quando \u00e8 il momento di ricaricare.<\/p>\n<h2>PROPULSIONE IMPAREGGIABILE<\/h2>\n<p>Ogni motore ha la potenza e la precisione necessarie per offrire la migliore esperienza di volo possibile. I motori brushless funzionano con ESC fulminei per rendere il Phantom 3 veloce, agile e reattivo. Questi potenti motori consentono di accelerare, aumentare o diminuire rapidamente l&#8217;altitudine e fermarsi immediatamente. I potenti meccanismi di frenatura dell&#8217;aria di DJI fermano il Phantom 3 all&#8217;istante, facendolo librare in posizione non appena si rilasciano gli stick di controllo. Le eliche aerodinamiche autostringenti aumentano la spinta e rimangono saldamente in posizione indipendentemente dal modo in cui si vola.<\/p>\n<h2>SISTEMA INTELLIGENTE E FACILE DA PILOTARE<\/h2>\n<p>Il sistema elabora le informazioni provenienti da ogni sensore e completa calcoli complessi in tempo reale, offrendo un&#8217;esperienza di volo senza preoccupazioni.<\/p>\n<h2>CONTROLLORE PRINCIPALE<\/h2>\n<p>L&#8217;elaborazione e l&#8217;analisi dei dati di volo in tempo reale richiedono una grande potenza. Il Controller principale \u00e8 il centro di controllo del Phantom 3. Raccoglie i dati dell&#8217;intero sistema, tra cui la velocit\u00e0 del motore, la posizione GPS, i vostri comandi e i dati dei sensori automatici, e li analizza per dire al Phantom 3 esattamente come comportarsi in ogni momento.<\/p>\n<h2>RITORNO AL PUNTO DI PARTENZA<\/h2>\n<p>Il sistema ricorda automaticamente* il punto in cui \u00e8 decollato e vi ritorna per atterrare in sicurezza quando gli si ordina di tornare a casa.<\/p>\n","protected":false},"featured_media":14589,"template":"","meta":{"_monsterinsights_skip_tracking":false,"_monsterinsights_sitenote_active":false,"_monsterinsights_sitenote_note":"","_monsterinsights_sitenote_category":0},"product_brand":[],"product_cat":[1350],"product_tag":[1423,3236,3237],"class_list":{"0":"post-28618","1":"product","2":"type-product","3":"status-publish","4":"has-post-thumbnail","6":"product_cat-video-equipment-it","7":"product_tag-dji-it","8":"product_tag-drone-it","9":"product_tag-phantom-3-professional-it","11":"first","12":"instock","13":"shipping-taxable","14":"product-type-simple"},"aioseo_notices":[],"_links":{"self":[{"href":"https:\/\/www.eventixgroup.it\/it\/wp-json\/wp\/v2\/product\/28618","targetHints":{"allow":["GET"]}}],"collection":[{"href":"https:\/\/www.eventixgroup.it\/it\/wp-json\/wp\/v2\/product"}],"about":[{"href":"https:\/\/www.eventixgroup.it\/it\/wp-json\/wp\/v2\/types\/product"}],"wp:featuredmedia":[{"embeddable":true,"href":"https:\/\/www.eventixgroup.it\/it\/wp-json\/wp\/v2\/media\/14589"}],"wp:attachment":[{"href":"https:\/\/www.eventixgroup.it\/it\/wp-json\/wp\/v2\/media?parent=28618"}],"wp:term":[{"taxonomy":"product_brand","embeddable":true,"href":"https:\/\/www.eventixgroup.it\/it\/wp-json\/wp\/v2\/product_brand?post=28618"},{"taxonomy":"product_cat","embeddable":true,"href":"https:\/\/www.eventixgroup.it\/it\/wp-json\/wp\/v2\/product_cat?post=28618"},{"taxonomy":"product_tag","embeddable":true,"href":"https:\/\/www.eventixgroup.it\/it\/wp-json\/wp\/v2\/product_tag?post=28618"}],"curies":[{"name":"wp","href":"https:\/\/api.w.org\/{rel}","templated":true}]}}