{"id":28614,"date":"2017-10-11T16:35:37","date_gmt":"2023-09-01T15:46:55","guid":{"rendered":"https:\/\/www.eventixgroup.it\/product\/recorder-ssd-blackmagic-hyperdeck-studio-pro\/"},"modified":"2023-09-01T17:46:55","modified_gmt":"2023-09-01T15:46:55","slug":"recorder-ssd-blackmagic-hyperdeck-studio-pro","status":"publish","type":"product","link":"https:\/\/www.eventixgroup.it\/it\/prodotto\/recorder-ssd-blackmagic-hyperdeck-studio-pro\/","title":{"rendered":"RECORDER SSD Blackmagic HYPERDECK STUDIO PRO"},"content":{"rendered":"","protected":false},"excerpt":{"rendered":"<p style=\"text-align: justify;\">HyperDeck Studio Pro \u00e8 il massimo in termini di compatibilit\u00e0 e tecnologia, con un design pi\u00f9 avanzato che include 6G-SDI per ottenere formati SD, HD e Ultra HD, inoltre HyperDeck Studio Pro include un&#8217;ampia gamma di connessioni video e audio sia analogiche che digitali per ottenere la massima compatibilit\u00e0 con le apparecchiature pi\u00f9 vecchie e pi\u00f9 recenti. SD, HD fino a 1080p60 e Ultra HD fino a 2160p30, tutto in un&#8217;unica piattaforma! Include inoltre compatibilit\u00e0 con 6G-SDI e Quad SDI, HDMI 4K, componenti analogici, audio analogico bilanciato e audio AES\/EBU. \u00c8 persino integrato Thunderbolt per l&#8217;acquisizione da computer e il software UltraScope per la visione dal vivo!<\/p>\n<p>&nbsp;<\/p>\n","protected":false},"featured_media":14593,"template":"","meta":{"_monsterinsights_skip_tracking":false,"_monsterinsights_sitenote_active":false,"_monsterinsights_sitenote_note":"","_monsterinsights_sitenote_category":0},"product_brand":[],"product_cat":[1350],"product_tag":[1458,3231,3230],"class_list":{"0":"post-28614","1":"product","2":"type-product","3":"status-publish","4":"has-post-thumbnail","6":"product_cat-video-equipment-it","7":"product_tag-blackmagic-it","8":"product_tag-hyperdeck-studio-pro-it","9":"product_tag-registrotore-ssd-it","11":"first","12":"instock","13":"shipping-taxable","14":"product-type-simple"},"aioseo_notices":[],"_links":{"self":[{"href":"https:\/\/www.eventixgroup.it\/it\/wp-json\/wp\/v2\/product\/28614","targetHints":{"allow":["GET"]}}],"collection":[{"href":"https:\/\/www.eventixgroup.it\/it\/wp-json\/wp\/v2\/product"}],"about":[{"href":"https:\/\/www.eventixgroup.it\/it\/wp-json\/wp\/v2\/types\/product"}],"wp:featuredmedia":[{"embeddable":true,"href":"https:\/\/www.eventixgroup.it\/it\/wp-json\/wp\/v2\/media\/14593"}],"wp:attachment":[{"href":"https:\/\/www.eventixgroup.it\/it\/wp-json\/wp\/v2\/media?parent=28614"}],"wp:term":[{"taxonomy":"product_brand","embeddable":true,"href":"https:\/\/www.eventixgroup.it\/it\/wp-json\/wp\/v2\/product_brand?post=28614"},{"taxonomy":"product_cat","embeddable":true,"href":"https:\/\/www.eventixgroup.it\/it\/wp-json\/wp\/v2\/product_cat?post=28614"},{"taxonomy":"product_tag","embeddable":true,"href":"https:\/\/www.eventixgroup.it\/it\/wp-json\/wp\/v2\/product_tag?post=28614"}],"curies":[{"name":"wp","href":"https:\/\/api.w.org\/{rel}","templated":true}]}}