{"id":28607,"date":"2017-10-11T17:20:57","date_gmt":"2023-09-01T15:26:06","guid":{"rendered":"https:\/\/www.eventixgroup.it\/product\/sony-rm-b170-rcp-per-telecamere-xdcam-e-hdcam\/"},"modified":"2023-09-01T17:26:06","modified_gmt":"2023-09-01T15:26:06","slug":"rcp-sony-rm-b170-for-cameras-xdcam-and-hdcam","status":"publish","type":"product","link":"https:\/\/www.eventixgroup.it\/it\/prodotto\/rcp-sony-rm-b170-for-cameras-xdcam-and-hdcam\/","title":{"rendered":"Sony RM-B170 RCP per telecamere XDCAM e HDCAM"},"content":{"rendered":"","protected":false},"excerpt":{"rendered":"<p style=\"text-align: justify;\">L&#8217;unit\u00e0 di controllo remoto RM-B170 \u00e8 il successore dell&#8217;RM-B150. Offre una soluzione ancora pi\u00f9 conveniente per le operazioni di base della telecamera a distanza, con funzioni aggiuntive, tra cui il controllo remoto dei supporti e l&#8217;utilizzo di clip di supporti non lineari. Pu\u00f2 essere collegato direttamente a una fotocamera o videocamera come unit\u00e0 di controllo remoto di tipo portatile oppure pu\u00f2 essere collegato a una CCU per essere utilizzato come semplice pannello di controllo remoto. L&#8217;RM-B170 pu\u00f2 controllare una telecamera da una distanza massima di 100 m (328 piedi) quando \u00e8 collegato direttamente alla telecamera.<\/p>\n<p>&nbsp;<\/p>\n<ul>\n<li>Accesso e visualizzazione a distanza di file multimediali e registrati<\/li>\n<li>Uscita di monitoraggio o &#8220;solo controllo&#8221;<\/li>\n<li>Pu\u00f2 essere utilizzato in applicazioni o al posto dei pannelli di controllo remoto della serie RCP-700<\/li>\n<li>Controllo delle funzioni di regolazione automatica<\/li>\n<li>Controllo della funzione ECS\/otturatore<\/li>\n<li>Controllo della funzione Slow Shutter<\/li>\n<li>Pulsanti assegnabili<\/li>\n<li>Funzionamento in parallelo con un altro pannello di controllo<\/li>\n<li>Pulsanti ad alta luminosit\u00e0<\/li>\n<li>Protezione per impedire il funzionamento involontario<\/li>\n<li>Interfaccia GPI<\/li>\n<\/ul>\n","protected":false},"featured_media":14600,"template":"","meta":{"_monsterinsights_skip_tracking":false,"_monsterinsights_sitenote_active":false,"_monsterinsights_sitenote_note":"","_monsterinsights_sitenote_category":0},"product_brand":[],"product_cat":[1350],"product_tag":[3221,3222,2713],"class_list":{"0":"post-28607","1":"product","2":"type-product","3":"status-publish","4":"has-post-thumbnail","6":"product_cat-video-equipment-it","7":"product_tag-rcp-it","8":"product_tag-rm-b170-per-telecamere-xdcam-e-hdcam-it","9":"product_tag-sony-it","11":"first","12":"instock","13":"shipping-taxable","14":"product-type-simple"},"aioseo_notices":[],"_links":{"self":[{"href":"https:\/\/www.eventixgroup.it\/it\/wp-json\/wp\/v2\/product\/28607","targetHints":{"allow":["GET"]}}],"collection":[{"href":"https:\/\/www.eventixgroup.it\/it\/wp-json\/wp\/v2\/product"}],"about":[{"href":"https:\/\/www.eventixgroup.it\/it\/wp-json\/wp\/v2\/types\/product"}],"wp:featuredmedia":[{"embeddable":true,"href":"https:\/\/www.eventixgroup.it\/it\/wp-json\/wp\/v2\/media\/14600"}],"wp:attachment":[{"href":"https:\/\/www.eventixgroup.it\/it\/wp-json\/wp\/v2\/media?parent=28607"}],"wp:term":[{"taxonomy":"product_brand","embeddable":true,"href":"https:\/\/www.eventixgroup.it\/it\/wp-json\/wp\/v2\/product_brand?post=28607"},{"taxonomy":"product_cat","embeddable":true,"href":"https:\/\/www.eventixgroup.it\/it\/wp-json\/wp\/v2\/product_cat?post=28607"},{"taxonomy":"product_tag","embeddable":true,"href":"https:\/\/www.eventixgroup.it\/it\/wp-json\/wp\/v2\/product_tag?post=28607"}],"curies":[{"name":"wp","href":"https:\/\/api.w.org\/{rel}","templated":true}]}}