{"id":28602,"date":"2017-10-11T18:00:43","date_gmt":"2023-09-01T15:17:12","guid":{"rendered":"https:\/\/www.eventixgroup.it\/product\/sony-pmw-ex3\/"},"modified":"2023-09-01T17:17:12","modified_gmt":"2023-09-01T15:17:12","slug":"sony-pmw-ex3","status":"publish","type":"product","link":"https:\/\/www.eventixgroup.it\/it\/prodotto\/sony-pmw-ex3\/","title":{"rendered":"Sony PMW-EX3"},"content":{"rendered":"","protected":false},"excerpt":{"rendered":"<p style=\"text-align: justify;\">Il <em>PMW-EX3<\/em> combina un flusso di lavoro XDCAM non lineare all&#8217;avanguardia con la migliore qualit\u00e0 HD mai vista in un camcorder semi-spalla. \u00c8 anche il primo camcorder semi-spalla a portare il leggendario marchio CineAlta 24P con capacit\u00e0 di registrazione a pi\u00f9 frame rate, come 59,94i, 50i e 23,98P nativo, oltre alla possibilit\u00e0 di commutare 1080i\/720P.<br \/>\n\u00c8 inoltre possibile scegliere tra una modalit\u00e0 ad alta qualit\u00e0 da 35 Mb\/s e una modalit\u00e0 compatibile con HDV 1080i da 25 Mb\/s. Per sfruttare questa capacit\u00e0 di registrazione ad alte prestazioni, il <em>PMW-EX3<\/em> utilizza lo stesso sistema di imaging del PMW-EX1, costituito da tre sensori CMOS da \u00bd pollice, ciascuno con un numero di pixel effettivo di 1920&#215;1080. Inoltre, c&#8217;\u00e8 un obiettivo intercambiabile Fujinon Professional HD da \u00bd pollice 14x appositamente costruito e un esclusivo meccanismo a doppia ghiera di messa a fuoco. La confezione include un adattatore per obiettivi da \u00bd pollice per consentire l&#8217;uso di altri obiettivi da \u00bd pollice, oltre alla possibilit\u00e0 di utilizzare altri adattatori opzionali per obiettivi da 2\/3 pollici, di tipo cinematografico e per reflex digitali.<br \/>\nPer massimizzare il tempo di registrazione, il <em>PMW-EX3<\/em> dispone di due slot per schede di memoria, il che significa che con una coppia di schede di memoria SxS PRO da 16 GB pu\u00f2 registrare fino a 140 minuti di filmati HD.<\/p>\n","protected":false},"featured_media":14608,"template":"","meta":{"_monsterinsights_skip_tracking":false,"_monsterinsights_sitenote_active":false,"_monsterinsights_sitenote_note":"","_monsterinsights_sitenote_category":0},"product_brand":[],"product_cat":[1350],"product_tag":[3217,2713],"class_list":{"0":"post-28602","1":"product","2":"type-product","3":"status-publish","4":"has-post-thumbnail","6":"product_cat-video-equipment-it","7":"product_tag-pmw-ex3-it","8":"product_tag-sony-it","10":"first","11":"instock","12":"shipping-taxable","13":"product-type-simple"},"aioseo_notices":[],"_links":{"self":[{"href":"https:\/\/www.eventixgroup.it\/it\/wp-json\/wp\/v2\/product\/28602","targetHints":{"allow":["GET"]}}],"collection":[{"href":"https:\/\/www.eventixgroup.it\/it\/wp-json\/wp\/v2\/product"}],"about":[{"href":"https:\/\/www.eventixgroup.it\/it\/wp-json\/wp\/v2\/types\/product"}],"wp:featuredmedia":[{"embeddable":true,"href":"https:\/\/www.eventixgroup.it\/it\/wp-json\/wp\/v2\/media\/14608"}],"wp:attachment":[{"href":"https:\/\/www.eventixgroup.it\/it\/wp-json\/wp\/v2\/media?parent=28602"}],"wp:term":[{"taxonomy":"product_brand","embeddable":true,"href":"https:\/\/www.eventixgroup.it\/it\/wp-json\/wp\/v2\/product_brand?post=28602"},{"taxonomy":"product_cat","embeddable":true,"href":"https:\/\/www.eventixgroup.it\/it\/wp-json\/wp\/v2\/product_cat?post=28602"},{"taxonomy":"product_tag","embeddable":true,"href":"https:\/\/www.eventixgroup.it\/it\/wp-json\/wp\/v2\/product_tag?post=28602"}],"curies":[{"name":"wp","href":"https:\/\/api.w.org\/{rel}","templated":true}]}}