{"id":28601,"date":"2017-10-11T18:05:06","date_gmt":"2023-09-01T15:17:08","guid":{"rendered":"https:\/\/www.eventixgroup.it\/product\/mixer-video-sd-panasonic-mx-70\/"},"modified":"2023-09-01T17:17:08","modified_gmt":"2023-09-01T15:17:08","slug":"mixer-video-sd-panasonic-mx-70","status":"publish","type":"product","link":"https:\/\/www.eventixgroup.it\/it\/prodotto\/mixer-video-sd-panasonic-mx-70\/","title":{"rendered":"Mixer Video SD Panasonic MX-70"},"content":{"rendered":"","protected":false},"excerpt":{"rendered":"<p style=\"text-align: justify;\">Il mixer digitale audio-video AG-MX70 di Panasonic \u00e8 uno switcher versatile con (8) ingressi che funziona come generatore di effetti video digitali e mixer audio. Questa unit\u00e0 \u00e8 dotata di tutto ci\u00f2 che serve per gestire un ambiente di post-produzione digitale. Utilizzate questa unit\u00e0 con i VTR DVCPRO a 25 Mbps in un sistema di editing digitale, come switcher in studio o come unit\u00e0 principale in occasione di eventi dal vivo, oltre a molte altre possibilit\u00e0.<\/p>\n<h2>Audio-Video Mixer<\/h2>\n<p>Questa unit\u00e0 \u00e8 uno switcher versatile con (8) ingressi che funzionano come generatore di effetti video digitali e mixer audio.<\/p>\n<h2>Supporto per la qualit\u00e0 di trasmissione<\/h2>\n<p>Questa unit\u00e0 supporta la qualit\u00e0 dell&#8217;immagine digitale 4:2:2:4 di livello broadcast e gli schemi di pulizia sono in grado di soddisfare le esigenze di produzione di immagini sia in 16:9 che in 4:3.<\/p>\n<h2>Importazione di grafica e titoli<\/h2>\n<p>I titoli e la grafica creati su un PC possono essere scaricati dall&#8217;applicazione MX-Navi e sovrapposti per essere utilizzati nella programmazione in studio o dal vivo.<\/p>\n<h2>Video Inputs &amp; Outputs<\/h2>\n<p>Gli (8) ingressi di questa unit\u00e0 possono essere utilizzati tutti per l&#8217;alimentazione analogica composita, oppure possono essere utilizzati come (4) ingressi analogici component Y\/Pb\/Pr o YC e (4) ingressi SDI (la funzionalit\u00e0 SDI \u00e8 opzionale e richiede una scheda separata).<\/p>\n<h2>Audio Inputs &amp; Outputs<\/h2>\n<p>Questa unit\u00e0 comprende (4) ingressi stereo, (2) ingressi ausiliari mono, un ingresso per microfono e un jack per cuffie.<\/p>\n<h2>Funzionalit\u00e0 audio<\/h2>\n<p>Inoltre, l&#8217;audio pu\u00f2 essere collegato o scollegato alle transizioni video.<\/p>\n<h2>Controlli<\/h2>\n<p>L&#8217;ampio pannello LCD, il controller a joystick, il tastierino numerico e i (13) modelli preimpostati memorizzabili facilitano la gestione e l&#8217;uso di questo mixer.<\/p>\n","protected":false},"featured_media":14609,"template":"","meta":{"_monsterinsights_skip_tracking":false,"_monsterinsights_sitenote_active":false,"_monsterinsights_sitenote_note":"","_monsterinsights_sitenote_category":0},"product_brand":[],"product_cat":[1350],"product_tag":[3214,3216,3215],"class_list":{"0":"post-28601","1":"product","2":"type-product","3":"status-publish","4":"has-post-thumbnail","6":"product_cat-video-equipment-it","7":"product_tag-mixer-video-it","8":"product_tag-panasonic-mx-70-it","9":"product_tag-sd-it","11":"first","12":"instock","13":"shipping-taxable","14":"product-type-simple"},"aioseo_notices":[],"_links":{"self":[{"href":"https:\/\/www.eventixgroup.it\/it\/wp-json\/wp\/v2\/product\/28601","targetHints":{"allow":["GET"]}}],"collection":[{"href":"https:\/\/www.eventixgroup.it\/it\/wp-json\/wp\/v2\/product"}],"about":[{"href":"https:\/\/www.eventixgroup.it\/it\/wp-json\/wp\/v2\/types\/product"}],"wp:featuredmedia":[{"embeddable":true,"href":"https:\/\/www.eventixgroup.it\/it\/wp-json\/wp\/v2\/media\/14609"}],"wp:attachment":[{"href":"https:\/\/www.eventixgroup.it\/it\/wp-json\/wp\/v2\/media?parent=28601"}],"wp:term":[{"taxonomy":"product_brand","embeddable":true,"href":"https:\/\/www.eventixgroup.it\/it\/wp-json\/wp\/v2\/product_brand?post=28601"},{"taxonomy":"product_cat","embeddable":true,"href":"https:\/\/www.eventixgroup.it\/it\/wp-json\/wp\/v2\/product_cat?post=28601"},{"taxonomy":"product_tag","embeddable":true,"href":"https:\/\/www.eventixgroup.it\/it\/wp-json\/wp\/v2\/product_tag?post=28601"}],"curies":[{"name":"wp","href":"https:\/\/api.w.org\/{rel}","templated":true}]}}