{"id":28584,"date":"2022-02-09T16:30:56","date_gmt":"2023-09-01T13:39:30","guid":{"rendered":"https:\/\/www.eventixgroup.it\/product\/hdmi-distributore-4k-1x4-kramer\/"},"modified":"2023-09-01T15:39:30","modified_gmt":"2023-09-01T13:39:30","slug":"hdmi-distributore-4k-1x4-kramer","status":"publish","type":"product","link":"https:\/\/www.eventixgroup.it\/it\/prodotto\/hdmi-distributore-4k-1x4-kramer\/","title":{"rendered":"HDMI distributore 4K 1&#215;4 Kramer"},"content":{"rendered":"","protected":false},"excerpt":{"rendered":"<p>VM-4H2 \u00e8 un amplificatore di distribuzione 1:4 per segnali HDMI fino a 4K HDR, conformi allo standard di protezione dei contenuti HDCP 2.2. L&#8217;unit\u00e0 prende un ingresso HDMI, equalizza e sincronizza il segnale e lo distribuisce a quattro uscite identiche.<\/p>\n<p>Massima Velocit\u00e0 di trasferimento dati &#8211; 17,82 Gbps (5,94 Gbps per canale grafico).<\/p>\n<p>Max. Risoluzione \u2014 4K@60Hz (4:4:4).<\/p>\n<p>Trasmissione del segnale HDMI &#8211; Segnale conforme a HDR, HDCP 2.2, che supporta deep color, x.v.Color\u2122, lip sync, 7.1 PCM, Dolby TrueHD, DTS-HD, CEC (solo OUT 1), 2K, 4K e 3D come specificato in HDMI 2.0.<\/p>\n<p>Gestione intelligente dell&#8217;EDID &#8211; Utilizza l&#8217;EDID del display collegato o l&#8217;EDID predefinito, con le opzioni di blocco dell&#8217;EDID e di forza RGB, per garantire il corretto funzionamento dei sistemi sorgente e display HDMI.<\/p>\n<p>Kramer Equalization &amp; re-Klocking\u2122 Technology &#8211; Ricostruisce il segnale digitale per coprire distanze maggiori.<\/p>\n<p>Forza RGB &#8211; Quando il display non ha capacit\u00e0 YCbCr, l&#8217;utente pu\u00f2 forzare la distribuzione nativa del formato colore RGB nei contenuti HDMI per migliorare la qualit\u00e0 dell&#8217;immagine.<\/p>\n<p>Autorizzazione HDCP selezionabile &#8211; Consente all&#8217;utente di controllare l&#8217;aspetto di un ingresso HDCP o non HDCP alla sorgente per consentire la distribuzione di contenuti privi di protezione, come clip personali e grafici, senza crittografia HDCP. Il contenuto protetto da HDCP non viene passato in modalit\u00e0 non HDCP.<\/p>\n<p>Manutenzione sul campo &#8211; Connessione RS-232 per un semplice aggiornamento del firmware sul campo, indicatori di stato per i segnali di ingresso e uscita HDMI collegati e indicatore di alimentazione, per facilitare la manutenzione e la risoluzione dei problemi.<\/p>\n<p>Facile installazione &#8211; Contenitore compatto Mega TOOLS\u2122 senza ventola per il montaggio a soffitto o in rack affiancato.<\/p>\n","protected":false},"featured_media":21140,"template":"","meta":{"_monsterinsights_skip_tracking":false,"_monsterinsights_sitenote_active":false,"_monsterinsights_sitenote_note":"","_monsterinsights_sitenote_category":0},"product_brand":[],"product_cat":[1350,1348],"product_tag":[],"class_list":{"0":"post-28584","1":"product","2":"type-product","3":"status-publish","4":"has-post-thumbnail","6":"product_cat-video-equipment-it","7":"product_cat-projectors-screens-it","9":"first","10":"instock","11":"shipping-taxable","12":"product-type-simple"},"aioseo_notices":[],"_links":{"self":[{"href":"https:\/\/www.eventixgroup.it\/it\/wp-json\/wp\/v2\/product\/28584","targetHints":{"allow":["GET"]}}],"collection":[{"href":"https:\/\/www.eventixgroup.it\/it\/wp-json\/wp\/v2\/product"}],"about":[{"href":"https:\/\/www.eventixgroup.it\/it\/wp-json\/wp\/v2\/types\/product"}],"wp:featuredmedia":[{"embeddable":true,"href":"https:\/\/www.eventixgroup.it\/it\/wp-json\/wp\/v2\/media\/21140"}],"wp:attachment":[{"href":"https:\/\/www.eventixgroup.it\/it\/wp-json\/wp\/v2\/media?parent=28584"}],"wp:term":[{"taxonomy":"product_brand","embeddable":true,"href":"https:\/\/www.eventixgroup.it\/it\/wp-json\/wp\/v2\/product_brand?post=28584"},{"taxonomy":"product_cat","embeddable":true,"href":"https:\/\/www.eventixgroup.it\/it\/wp-json\/wp\/v2\/product_cat?post=28584"},{"taxonomy":"product_tag","embeddable":true,"href":"https:\/\/www.eventixgroup.it\/it\/wp-json\/wp\/v2\/product_tag?post=28584"}],"curies":[{"name":"wp","href":"https:\/\/api.w.org\/{rel}","templated":true}]}}