{"id":28582,"date":"2022-02-14T11:23:25","date_gmt":"2023-09-01T13:31:42","guid":{"rendered":"https:\/\/www.eventixgroup.it\/product\/cavalletto-cartoni-focus-22\/"},"modified":"2023-09-01T15:31:42","modified_gmt":"2023-09-01T13:31:42","slug":"cavalletto-cartoni-focus-22","status":"publish","type":"product","link":"https:\/\/www.eventixgroup.it\/it\/prodotto\/cavalletto-cartoni-focus-22\/","title":{"rendered":"Cavalletto Cartoni Focus 22"},"content":{"rendered":"","protected":false},"excerpt":{"rendered":"<p>Il nuovo Focus 22 \u00e8 stato progettato specificamente per supportare l&#8217;ampia variet\u00e0 di nuove telecamere ENG, cos\u00ec compatte ma cos\u00ec accessoriate, con il contrappeso brevettato CARTONI &#8220;wing&#8221; a regolazione continua.<br \/>\nCon la sua ampia gamma di carichi utili &#8211; da 3 kg (6,5 lbs) a 22 kg (48,5 lbs) &#8211; il 22 mira a diventare il partner ideale per tutti i lavori di raccolta di notizie e di riprese all&#8217;aperto.<br \/>\nRobusta ma facile da usare, la nuova testa fluida ha tutte le funzioni ergonomiche al posto giusto.<br \/>\nIl trascinamento fluido sia in pan che in tilt \u00e8 caratterizzato dal rinomato sistema a labirinto brevettato CARTONI a regolazione continua.<br \/>\nLe specifiche operative sono completate da serrature di sicurezza, piattaforma scorrevole ad ampio raggio che incorpora la piastra a sgancio rapido di tipo europeo e un livello di getto illuminato commutabile. Focus 22, pesa solo 3,9 kg (8,6 libbre) grazie all&#8217;ampio uso di leghe di magnesio estremamente leggere. Il 22 si interfaccia con tutti i treppiedi con base a conca da 100 mm.<\/p>\n","protected":false},"featured_media":21197,"template":"","meta":{"_monsterinsights_skip_tracking":false,"_monsterinsights_sitenote_active":false,"_monsterinsights_sitenote_note":"","_monsterinsights_sitenote_category":0},"product_brand":[],"product_cat":[1350],"product_tag":[],"class_list":{"0":"post-28582","1":"product","2":"type-product","3":"status-publish","4":"has-post-thumbnail","6":"product_cat-video-equipment-it","8":"first","9":"instock","10":"shipping-taxable","11":"product-type-simple"},"aioseo_notices":[],"_links":{"self":[{"href":"https:\/\/www.eventixgroup.it\/it\/wp-json\/wp\/v2\/product\/28582","targetHints":{"allow":["GET"]}}],"collection":[{"href":"https:\/\/www.eventixgroup.it\/it\/wp-json\/wp\/v2\/product"}],"about":[{"href":"https:\/\/www.eventixgroup.it\/it\/wp-json\/wp\/v2\/types\/product"}],"wp:featuredmedia":[{"embeddable":true,"href":"https:\/\/www.eventixgroup.it\/it\/wp-json\/wp\/v2\/media\/21197"}],"wp:attachment":[{"href":"https:\/\/www.eventixgroup.it\/it\/wp-json\/wp\/v2\/media?parent=28582"}],"wp:term":[{"taxonomy":"product_brand","embeddable":true,"href":"https:\/\/www.eventixgroup.it\/it\/wp-json\/wp\/v2\/product_brand?post=28582"},{"taxonomy":"product_cat","embeddable":true,"href":"https:\/\/www.eventixgroup.it\/it\/wp-json\/wp\/v2\/product_cat?post=28582"},{"taxonomy":"product_tag","embeddable":true,"href":"https:\/\/www.eventixgroup.it\/it\/wp-json\/wp\/v2\/product_tag?post=28582"}],"curies":[{"name":"wp","href":"https:\/\/api.w.org\/{rel}","templated":true}]}}