{"id":28578,"date":"2022-02-14T11:56:01","date_gmt":"2023-09-01T13:15:13","guid":{"rendered":"https:\/\/www.eventixgroup.it\/product\/ready-rig-gs-corpetto-ronin\/"},"modified":"2023-09-01T15:15:13","modified_gmt":"2023-09-01T13:15:13","slug":"ready-rig-gs-corpetto-ronin","status":"publish","type":"product","link":"https:\/\/www.eventixgroup.it\/it\/prodotto\/ready-rig-gs-corpetto-ronin\/","title":{"rendered":"Ready RIG GS (Corpetto Ronin)"},"content":{"rendered":"","protected":false},"excerpt":{"rendered":"<p>Ready Rig GS \u00e8 lo strumento leader del settore che vi permette di spingere la vostra creativit\u00e0 con totale libert\u00e0 di movimento e supporto del peso. Il Ready Rig GS ridistribuisce il peso delle strutture della fotocamera montata su gimbal e a mano sulle gambe e sul corpo, consentendo di effettuare riprese per periodi di tempo pi\u00f9 lunghi con minore affaticamento. Il Ready Rig GS \u00e8 stato progettato per ridurre il movimento di rimbalzo che si pu\u00f2 verificare durante le riprese a mano e con il gimbal. Questo kit \u00e8 compatibile con qualsiasi gimbal in modalit\u00e0 standard o subalterna. Il Ready Rig GS ha una capacit\u00e0 di carico da 1 a 30 libbre, bracci di supporto in fibra di carbonio e un telaio in alluminio. Per riporre il kit \u00e8 inclusa una resistente custodia con cerniera, che pu\u00f2 essere portata a mano o indossata come uno zaino. Con il Ready Rig GS le vostre creazioni prendono vita. Include: &#8211; 1 gilet Ready Rig &#8211; 2 bracci di supporto GS in fibra di carbonio &#8211; 2 morsetti Fulcrum GS per le spalle &#8211; 2 bungee di alimentazione &#8211; 2 attacchi gimbal universali &#8211; 1 custodia per il trasporto Ready Rig GS 1000D Cordura &#8211; Garanzia limitata di 1 anno<\/p>\n","protected":false},"featured_media":21232,"template":"","meta":{"_monsterinsights_skip_tracking":false,"_monsterinsights_sitenote_active":false,"_monsterinsights_sitenote_note":"","_monsterinsights_sitenote_category":0},"product_brand":[],"product_cat":[1350],"product_tag":[],"class_list":{"0":"post-28578","1":"product","2":"type-product","3":"status-publish","4":"has-post-thumbnail","6":"product_cat-video-equipment-it","8":"first","9":"instock","10":"shipping-taxable","11":"product-type-simple"},"aioseo_notices":[],"_links":{"self":[{"href":"https:\/\/www.eventixgroup.it\/it\/wp-json\/wp\/v2\/product\/28578","targetHints":{"allow":["GET"]}}],"collection":[{"href":"https:\/\/www.eventixgroup.it\/it\/wp-json\/wp\/v2\/product"}],"about":[{"href":"https:\/\/www.eventixgroup.it\/it\/wp-json\/wp\/v2\/types\/product"}],"wp:featuredmedia":[{"embeddable":true,"href":"https:\/\/www.eventixgroup.it\/it\/wp-json\/wp\/v2\/media\/21232"}],"wp:attachment":[{"href":"https:\/\/www.eventixgroup.it\/it\/wp-json\/wp\/v2\/media?parent=28578"}],"wp:term":[{"taxonomy":"product_brand","embeddable":true,"href":"https:\/\/www.eventixgroup.it\/it\/wp-json\/wp\/v2\/product_brand?post=28578"},{"taxonomy":"product_cat","embeddable":true,"href":"https:\/\/www.eventixgroup.it\/it\/wp-json\/wp\/v2\/product_cat?post=28578"},{"taxonomy":"product_tag","embeddable":true,"href":"https:\/\/www.eventixgroup.it\/it\/wp-json\/wp\/v2\/product_tag?post=28578"}],"curies":[{"name":"wp","href":"https:\/\/api.w.org\/{rel}","templated":true}]}}