{"id":28576,"date":"2022-04-13T11:29:54","date_gmt":"2023-09-01T13:04:56","guid":{"rendered":"https:\/\/www.eventixgroup.it\/product\/8x8-hdmi-18g-matrix-switch-con-audio\/"},"modified":"2023-09-01T15:04:56","modified_gmt":"2023-09-01T13:04:56","slug":"8x8-hdmi-18g-matrix-switch-with-audio","status":"publish","type":"product","link":"https:\/\/www.eventixgroup.it\/it\/prodotto\/8x8-hdmi-18g-matrix-switch-with-audio\/","title":{"rendered":"8&#215;8 HDMI 18G Matrix Switch con Audio"},"content":{"rendered":"","protected":false},"excerpt":{"rendered":"<ul>\n<li>Commutazione tra 8 dispositivi sorgente HDMI e 8 schermi HDMI collegati simultaneamente<\/li>\n<li>Supporta risoluzioni fino a 4K 60Hz, con supporto aggiuntivo per HDR<\/li>\n<li>Estrazione dell&#8217;audio da HDMI a SPDIF per il collegamento ad amplificatori e sistemi di altoparlanti<\/li>\n<li>Sistema di gestione EDID per controllare e garantire la risoluzione ottimale possibile<\/li>\n<li>2 anni di garanzia<\/li>\n<\/ul>\n<p>&nbsp;<\/p>\n<p>Gli switch a matrice sono soluzioni premium per la distribuzione di contenuti da pi\u00f9 dispositivi sorgente a pi\u00f9 display. Lo switch Lindy 8&#215;8 HDMI Matrix Pro supporta i segnali HDMI 2.0 18G, consentendo la trasmissione di risoluzioni chiare 4K Ultra HD 60Hz. Il supporto aggiuntivo per l&#8217;High Dynamic Range garantisce la visualizzazione di contenuti video con una luminosit\u00e0 superiore, contrasti pi\u00f9 marcati e una gamma cromatica molto pi\u00f9 ampia, perfetta per gli schermi di segnaletica digitale nella vendita al dettaglio, per la creazione di configurazioni informative a pi\u00f9 schermi nel settore dell&#8217;istruzione o per la distribuzione di contenuti in installazioni commerciali come i cinema. Il supporto HDCP 2.2 garantisce l&#8217;assenza di problemi con una serie di contenuti 4K quando vengono collegati a dispositivi sorgente, tra cui set top box, lettori Blu-Ray e lettori multimediali 4K HDR.<\/p>\n<p>Oltre al passaggio audio HDMI, le porte SPDIF individuali consentono di collegare separatamente sistemi di altoparlanti digitali e amplificatori, creando esperienze audio coinvolgenti che completano i contenuti video.<\/p>\n<p>Questa matrice pu\u00f2 essere facilmente controllata tramite la commutazione dei pulsanti sull&#8217;unit\u00e0, mentre il telecomando e l&#8217;estensione IR in dotazione consentono all&#8217;utente di avere un migliore controllo su pi\u00f9 video e display, ideale per fiere, presentazioni di formazione o dimostrazioni di vendita.<\/p>\n","protected":false},"featured_media":23773,"template":"","meta":{"_monsterinsights_skip_tracking":false,"_monsterinsights_sitenote_active":false,"_monsterinsights_sitenote_note":"","_monsterinsights_sitenote_category":0},"product_brand":[],"product_cat":[1350,1348,1344],"product_tag":[],"class_list":{"0":"post-28576","1":"product","2":"type-product","3":"status-publish","4":"has-post-thumbnail","6":"product_cat-video-equipment-it","7":"product_cat-projectors-screens-it","8":"product_cat-computers-accessories-it","10":"first","11":"instock","12":"shipping-taxable","13":"product-type-simple"},"aioseo_notices":[],"_links":{"self":[{"href":"https:\/\/www.eventixgroup.it\/it\/wp-json\/wp\/v2\/product\/28576","targetHints":{"allow":["GET"]}}],"collection":[{"href":"https:\/\/www.eventixgroup.it\/it\/wp-json\/wp\/v2\/product"}],"about":[{"href":"https:\/\/www.eventixgroup.it\/it\/wp-json\/wp\/v2\/types\/product"}],"wp:featuredmedia":[{"embeddable":true,"href":"https:\/\/www.eventixgroup.it\/it\/wp-json\/wp\/v2\/media\/23773"}],"wp:attachment":[{"href":"https:\/\/www.eventixgroup.it\/it\/wp-json\/wp\/v2\/media?parent=28576"}],"wp:term":[{"taxonomy":"product_brand","embeddable":true,"href":"https:\/\/www.eventixgroup.it\/it\/wp-json\/wp\/v2\/product_brand?post=28576"},{"taxonomy":"product_cat","embeddable":true,"href":"https:\/\/www.eventixgroup.it\/it\/wp-json\/wp\/v2\/product_cat?post=28576"},{"taxonomy":"product_tag","embeddable":true,"href":"https:\/\/www.eventixgroup.it\/it\/wp-json\/wp\/v2\/product_tag?post=28576"}],"curies":[{"name":"wp","href":"https:\/\/api.w.org\/{rel}","templated":true}]}}