{"id":28572,"date":"2022-10-11T09:41:21","date_gmt":"2023-09-01T12:48:53","guid":{"rendered":"https:\/\/www.eventixgroup.it\/product\/ultra-studio-recorder-3g-blackmagic\/"},"modified":"2023-09-01T14:48:53","modified_gmt":"2023-09-01T12:48:53","slug":"ultra-studio-recorder-3g-blackmagic","status":"publish","type":"product","link":"https:\/\/www.eventixgroup.it\/it\/prodotto\/ultra-studio-recorder-3g-blackmagic\/","title":{"rendered":"Ultra studio Recorder 3G Blackmagic"},"content":{"rendered":"<p style=\"text-align: justify;\">L&#8217;<strong>UltraStudio Recorder 3G<\/strong> \u00e8 un dispositivo tascabile che funziona a batteria o con l&#8217;alimentazione del computer tramite la porta Thunderbolt. Il design supercompatto \u00e8 ideale per i progetti che richiedono solo l&#8217;acquisizione e il costo contenuto dell&#8217;Ultra Studio Recorder 3G \u00e8 ideale per chi deve solo acquisire video. Grazie alla connettivit\u00e0 plug and play e all&#8217;incredibile velocit\u00e0 di trasferimento della porta Thunderbolt, \u00e8 facile spostare i dispositivi da un computer all&#8217;altro.<\/p>\n<p style=\"text-align: justify;\">L&#8217;acquisizione da deck, telecamere e sorgenti video live lo rende la soluzione perfetta per l&#8217;editing, il compositing e la produzione grafica. Sono ideali per tutte le situazioni che richiedono la massima versatilit\u00e0 e la massima qualit\u00e0 video per la trasmissione o la post-produzione.<\/p>\n","protected":false},"excerpt":{"rendered":"<p style=\"text-align: justify;\">La soluzione di acquisizione video SDI e HDMI tascabile pi\u00f9 piccola al mondo per laptop e desktop Thunderbolt 3. <strong>Ultra Studio Recorder 3G<\/strong> acquisisce video compressi e non compressi a 10 bit compatibili con centinaia di pacchetti software video, tra cui DaVinci Resolve, Avid Media Composer e Adobe Premiere Pro CC.<\/p>\n","protected":false},"featured_media":25412,"template":"","meta":{"_monsterinsights_skip_tracking":false,"_monsterinsights_sitenote_active":false,"_monsterinsights_sitenote_note":"","_monsterinsights_sitenote_category":0},"product_brand":[],"product_cat":[1350],"product_tag":[1458,3208],"class_list":{"0":"post-28572","1":"product","2":"type-product","3":"status-publish","4":"has-post-thumbnail","6":"product_cat-video-equipment-it","7":"product_tag-blackmagic-it","8":"product_tag-ultrastudio-recorder-3g-it","10":"first","11":"instock","12":"shipping-taxable","13":"product-type-simple"},"aioseo_notices":[],"_links":{"self":[{"href":"https:\/\/www.eventixgroup.it\/it\/wp-json\/wp\/v2\/product\/28572","targetHints":{"allow":["GET"]}}],"collection":[{"href":"https:\/\/www.eventixgroup.it\/it\/wp-json\/wp\/v2\/product"}],"about":[{"href":"https:\/\/www.eventixgroup.it\/it\/wp-json\/wp\/v2\/types\/product"}],"wp:featuredmedia":[{"embeddable":true,"href":"https:\/\/www.eventixgroup.it\/it\/wp-json\/wp\/v2\/media\/25412"}],"wp:attachment":[{"href":"https:\/\/www.eventixgroup.it\/it\/wp-json\/wp\/v2\/media?parent=28572"}],"wp:term":[{"taxonomy":"product_brand","embeddable":true,"href":"https:\/\/www.eventixgroup.it\/it\/wp-json\/wp\/v2\/product_brand?post=28572"},{"taxonomy":"product_cat","embeddable":true,"href":"https:\/\/www.eventixgroup.it\/it\/wp-json\/wp\/v2\/product_cat?post=28572"},{"taxonomy":"product_tag","embeddable":true,"href":"https:\/\/www.eventixgroup.it\/it\/wp-json\/wp\/v2\/product_tag?post=28572"}],"curies":[{"name":"wp","href":"https:\/\/api.w.org\/{rel}","templated":true}]}}