{"id":28568,"date":"2022-11-02T16:17:23","date_gmt":"2023-09-01T12:29:26","guid":{"rendered":"https:\/\/www.eventixgroup.it\/product\/sony-fx9\/"},"modified":"2023-09-01T14:29:26","modified_gmt":"2023-09-01T12:29:26","slug":"sony-fx9","status":"publish","type":"product","link":"https:\/\/www.eventixgroup.it\/it\/prodotto\/sony-fx9\/","title":{"rendered":"Sony FX9"},"content":{"rendered":"<ul>\n<li>Sensore CMOS Exmor R Full-Frame 6K<\/li>\n<li>15 stop di gamma dinamica, HDR dinamico<\/li>\n<li>DCI 4K e UHD 4K fino a 59.94p<\/li>\n<li>Registrazione HD fino a 150\/180 fps<\/li>\n<li>Sony E-Mount<\/li>\n<li>10-Bit 4:2:2 XAVC-I fino a 600 Mb\/s<\/li>\n<li>Auto-HD, AF, filtro ND 7-Stop, LUT 3D<\/li>\n<li>Dual Base ISO fino a 102.400, modalit\u00e0 HLG<\/li>\n<li>Due slot per schede XQD, modalit\u00e0 di scansione 2K Imager<\/li>\n<li>12G\/6G\/3G-SDI e uscita HDMI fino a 4K<\/li>\n<\/ul>\n","protected":false},"excerpt":{"rendered":"<p style=\"text-align: justify;\"><strong>Creativit\u00e0 full-frame.<\/strong> Realizzate splendide immagini 4K con la libert\u00e0 creativa resa possibile dal sovracampionamento di un enorme sensore full-frame ad alta risoluzione. Cattura ogni dettaglio della scena con una profondit\u00e0 di campo ridotta e un bokeh sorprendente per un look davvero cinematografico. La gamma dinamica di oltre 15 stop e il doppio ISO di base consentono di catturare ogni sfumatura, dai sottili dettagli delle ombre alle luci riflesse, con una tavolozza di colori immacolata. <strong>Cattura l&#8217;impossibile.<\/strong> Assicuratevi che la vostra storia sia sempre nitida con l&#8217;AF ibrido veloce migliorato che segue il soggetto con una velocit\u00e0, una fluidit\u00e0 e una precisione senza precedenti. Il suo impatto \u00e8 rivoluzionario per i documentari di qualit\u00e0, gli spot pubblicitari e le applicazioni per eventi. La capacit\u00e0 di catturare con precisione l&#8217;espressione del soggetto \u00e8 ulteriormente migliorata grazie all&#8217;esclusivo Eye AF di Sony.<\/p>\n","protected":false},"featured_media":25654,"template":"","meta":{"_monsterinsights_skip_tracking":false,"_monsterinsights_sitenote_active":false,"_monsterinsights_sitenote_note":"","_monsterinsights_sitenote_category":0},"product_brand":[],"product_cat":[1350],"product_tag":[1407,3197,3199,3200,2713,3198],"class_list":{"0":"post-28568","1":"product","2":"type-product","3":"status-publish","4":"has-post-thumbnail","6":"product_cat-video-equipment-it","7":"product_tag-camcorder-it","8":"product_tag-camera-it","9":"product_tag-fx9-it","10":"product_tag-pxw-fx9-it","11":"product_tag-sony-it","12":"product_tag-sony-fx9-it","14":"first","15":"instock","16":"shipping-taxable","17":"product-type-simple"},"aioseo_notices":[],"_links":{"self":[{"href":"https:\/\/www.eventixgroup.it\/it\/wp-json\/wp\/v2\/product\/28568","targetHints":{"allow":["GET"]}}],"collection":[{"href":"https:\/\/www.eventixgroup.it\/it\/wp-json\/wp\/v2\/product"}],"about":[{"href":"https:\/\/www.eventixgroup.it\/it\/wp-json\/wp\/v2\/types\/product"}],"wp:featuredmedia":[{"embeddable":true,"href":"https:\/\/www.eventixgroup.it\/it\/wp-json\/wp\/v2\/media\/25654"}],"wp:attachment":[{"href":"https:\/\/www.eventixgroup.it\/it\/wp-json\/wp\/v2\/media?parent=28568"}],"wp:term":[{"taxonomy":"product_brand","embeddable":true,"href":"https:\/\/www.eventixgroup.it\/it\/wp-json\/wp\/v2\/product_brand?post=28568"},{"taxonomy":"product_cat","embeddable":true,"href":"https:\/\/www.eventixgroup.it\/it\/wp-json\/wp\/v2\/product_cat?post=28568"},{"taxonomy":"product_tag","embeddable":true,"href":"https:\/\/www.eventixgroup.it\/it\/wp-json\/wp\/v2\/product_tag?post=28568"}],"curies":[{"name":"wp","href":"https:\/\/api.w.org\/{rel}","templated":true}]}}