{"id":28558,"date":"2022-02-09T15:22:23","date_gmt":"2023-09-01T10:19:19","guid":{"rendered":"https:\/\/www.eventixgroup.it\/product\/gsm-glensound-expedition-3g-umts\/"},"modified":"2023-09-05T14:18:04","modified_gmt":"2023-09-05T12:18:04","slug":"gsm-glensound-expedition-3g-umts","status":"publish","type":"product","link":"https:\/\/www.eventixgroup.it\/it\/prodotto\/gsm-glensound-expedition-3g-umts\/","title":{"rendered":"GSM Glensound Expedition 3G UMTS"},"content":{"rendered":"<p><strong>Ibrido telefonico GSM Glensound Expedition 3G UMTS<\/strong><\/p>\n","protected":false},"excerpt":{"rendered":"<p>L&#8217;Expedition \u00e8 un telefono portatile a 2 canali per emittenti digitali con audio HD Voice a 7 kHz. Viene utilizzato per la trasmissione di notizie e sport in diretta o per situazioni di talkback. HD Voice \u00e8 disponibile sulle reti 4G LTE e 3G UMTS compatibili. Le chiamate a banda stretta sono disponibili anche sulle reti 2G GSM, 3G UMTS e 4G LTE.<\/p>\n<p>Un telefono cellulare 2G GSM, 3G UMTS e 4G LTE con funzioni specifiche per il broadcast.<\/p>\n<p>Il sistema HD Voice consente di effettuare chiamate mobili a 7kHz su reti mobili compatibili che utilizzano reti 3G UMTS o 4G LTE.<\/p>\n<p>Sono presenti controlli indipendenti e duplicati per entrambi gli ingressi. Il pulsante di accensione illuminato pu\u00f2 essere configurato come bloccante, momentaneo o intelligente. \u00c8 presente un piccolo controllo del guadagno per impostare il livello di ingresso.<\/p>\n<p>Sono presenti due prese per cuffie da 6,35 mm con regolazione del livello.<\/p>\n<p>L&#8217;alimentazione a batteria \u00e8 disponibile con 6 batterie AA. \u00c8 presente anche un ingresso esterno in corrente continua da 10 &#8211; 15 V.<\/p>\n<p>L&#8217;Expedition pu\u00f2 essere impostato per rispondere automaticamente alle chiamate in arrivo.<\/p>\n<p>Un compressore di uscita impedisce l&#8217;invio di picchi audio alla rete HD Voice. HD Voice \u00e8 molto sensibile ai picchi e il compressore di uscita migliora la qualit\u00e0 dell&#8217;audio ricevuto dall&#8217;estremit\u00e0 remota.<\/p>\n","protected":false},"featured_media":21076,"template":"","meta":{"_monsterinsights_skip_tracking":false,"_monsterinsights_sitenote_active":false,"_monsterinsights_sitenote_note":"","_monsterinsights_sitenote_category":0},"product_brand":[],"product_cat":[1343,1350],"product_tag":[],"class_list":{"0":"post-28558","1":"product","2":"type-product","3":"status-publish","4":"has-post-thumbnail","6":"product_cat-audio-equipment-it","7":"product_cat-video-equipment-it","9":"first","10":"instock","11":"shipping-taxable","12":"product-type-simple"},"aioseo_notices":[],"_links":{"self":[{"href":"https:\/\/www.eventixgroup.it\/it\/wp-json\/wp\/v2\/product\/28558","targetHints":{"allow":["GET"]}}],"collection":[{"href":"https:\/\/www.eventixgroup.it\/it\/wp-json\/wp\/v2\/product"}],"about":[{"href":"https:\/\/www.eventixgroup.it\/it\/wp-json\/wp\/v2\/types\/product"}],"wp:featuredmedia":[{"embeddable":true,"href":"https:\/\/www.eventixgroup.it\/it\/wp-json\/wp\/v2\/media\/21076"}],"wp:attachment":[{"href":"https:\/\/www.eventixgroup.it\/it\/wp-json\/wp\/v2\/media?parent=28558"}],"wp:term":[{"taxonomy":"product_brand","embeddable":true,"href":"https:\/\/www.eventixgroup.it\/it\/wp-json\/wp\/v2\/product_brand?post=28558"},{"taxonomy":"product_cat","embeddable":true,"href":"https:\/\/www.eventixgroup.it\/it\/wp-json\/wp\/v2\/product_cat?post=28558"},{"taxonomy":"product_tag","embeddable":true,"href":"https:\/\/www.eventixgroup.it\/it\/wp-json\/wp\/v2\/product_tag?post=28558"}],"curies":[{"name":"wp","href":"https:\/\/api.w.org\/{rel}","templated":true}]}}