{"id":28555,"date":"2022-02-09T15:40:56","date_gmt":"2023-09-01T09:57:24","guid":{"rendered":"https:\/\/www.eventixgroup.it\/product\/sennheiser-ek-6042\/"},"modified":"2023-09-05T14:25:56","modified_gmt":"2023-09-05T12:25:56","slug":"sennheiser-ek-6042","status":"publish","type":"product","link":"https:\/\/www.eventixgroup.it\/it\/prodotto\/sennheiser-ek-6042\/","title":{"rendered":"Sennheiser EK 6042"},"content":{"rendered":"","protected":false},"excerpt":{"rendered":"<p>L&#8217;EK 6042 \u00e8 un vero ricevitore diversity a due canali. \u00c8 progettato per essere inserito in tutti gli slot per ricevitori standard delle telecamere. \u00c8 altamente compatibile con un&#8217;ampia gamma di microfoni wireless Sennheiser, analogici o digitali, e pu\u00f2 collegarsi praticamente a tutti i sistemi wireless Sennheiser, compresi quelli della serie G3, 2000, 3000\/5000 e 9000 digitali. Grazie al server web incorporato, la configurazione \u00e8 facilmente gestibile con qualsiasi browser, comprese le importazioni e le esportazioni dell&#8217;intera configurazione.<\/p>\n<p>L&#8217;EK 6042 \u00e8 compatibile con SuperSlot\u2122 e funziona perfettamente con le apparecchiature esistenti. Lo stesso vale per ARRI, Panasonic e Sony.<\/p>\n<p>Gli accessori opzionali, come l&#8217;adattatore per il pannello posteriore e il pacco batterie, consentono di utilizzare l&#8217;EK 6042 anche da solo. La configurazione automatica consente di impostare qualsiasi microfono in meno di 5 secondi.<\/p>\n<ul>\n<li>Ricevitore a 2 canali a diversit\u00e0 effettiva<\/li>\n<li>Larghezza di banda di commutazione di 184 MHz<\/li>\n<li>compatibile con HDX, HiDyn+ AND Digital 9000<\/li>\n<li>Adattatori per fotocamere Sony\u00ae e Panasonic\u00ae (Unislot)<\/li>\n<li>Compatibile con SuperSlot<\/li>\n<li>Adattatore per pannello posteriore e batteria opzionale (sostituibile a caldo)<\/li>\n<li>Configurazione automatica e impostazione della scena<\/li>\n<\/ul>\n","protected":false},"featured_media":21088,"template":"","meta":{"_monsterinsights_skip_tracking":false,"_monsterinsights_sitenote_active":false,"_monsterinsights_sitenote_note":"","_monsterinsights_sitenote_category":0},"product_brand":[],"product_cat":[1343],"product_tag":[],"class_list":{"0":"post-28555","1":"product","2":"type-product","3":"status-publish","4":"has-post-thumbnail","6":"product_cat-audio-equipment-it","8":"first","9":"instock","10":"shipping-taxable","11":"product-type-simple"},"aioseo_notices":[],"_links":{"self":[{"href":"https:\/\/www.eventixgroup.it\/it\/wp-json\/wp\/v2\/product\/28555","targetHints":{"allow":["GET"]}}],"collection":[{"href":"https:\/\/www.eventixgroup.it\/it\/wp-json\/wp\/v2\/product"}],"about":[{"href":"https:\/\/www.eventixgroup.it\/it\/wp-json\/wp\/v2\/types\/product"}],"wp:featuredmedia":[{"embeddable":true,"href":"https:\/\/www.eventixgroup.it\/it\/wp-json\/wp\/v2\/media\/21088"}],"wp:attachment":[{"href":"https:\/\/www.eventixgroup.it\/it\/wp-json\/wp\/v2\/media?parent=28555"}],"wp:term":[{"taxonomy":"product_brand","embeddable":true,"href":"https:\/\/www.eventixgroup.it\/it\/wp-json\/wp\/v2\/product_brand?post=28555"},{"taxonomy":"product_cat","embeddable":true,"href":"https:\/\/www.eventixgroup.it\/it\/wp-json\/wp\/v2\/product_cat?post=28555"},{"taxonomy":"product_tag","embeddable":true,"href":"https:\/\/www.eventixgroup.it\/it\/wp-json\/wp\/v2\/product_tag?post=28555"}],"curies":[{"name":"wp","href":"https:\/\/api.w.org\/{rel}","templated":true}]}}