{"id":28554,"date":"2022-02-14T10:53:48","date_gmt":"2023-09-01T09:57:21","guid":{"rendered":"https:\/\/www.eventixgroup.it\/product\/microfono-da-studio-shure-mv5\/"},"modified":"2023-09-05T14:25:54","modified_gmt":"2023-09-05T12:25:54","slug":"shure-mv5-home-studio-microphone","status":"publish","type":"product","link":"https:\/\/www.eventixgroup.it\/it\/prodotto\/shure-mv5-home-studio-microphone\/","title":{"rendered":"Microfono da studio Shure MV5"},"content":{"rendered":"","protected":false},"excerpt":{"rendered":"<p>L&#8217;MV5 racchiude la chiarezza di quasi un secolo di esperienza audio in un microfono superportatile. Otterrete una qualit\u00e0 del suono al quadrato.<br \/>\nSemplicit\u00e0 unica: Il plug-and-play \u00e8 solo una parte della storia. Sebbene sia possibile configurarlo in pochi secondi, \u00e8 anche facile selezionare le modalit\u00e0 voce, flat o strumento, in modo da essere pronti a partire quando l&#8217;ispirazione si fa sentire.<br \/>\nUn audio che viaggia in tutto il mondo: Progettato per viaggiare con il computer o il telefono, l&#8217;MV5 pu\u00f2 essere appoggiato da solo o collegato al supporto da tavolo incluso tramite un attacco standard da 3\/4 di pollice (1,9 cm).<br \/>\nControllo semplice e intuitivo: L&#8217;applicazione audio ShurePlus MOTIV consente di registrare audio di qualit\u00e0 da studio e molto altro ancora. Ritagliare e condividere in pi\u00f9 formati con pochi e rapidi tocchi.<\/p>\n","protected":false},"featured_media":21180,"template":"","meta":{"_monsterinsights_skip_tracking":false,"_monsterinsights_sitenote_active":false,"_monsterinsights_sitenote_note":"","_monsterinsights_sitenote_category":0},"product_brand":[],"product_cat":[1343],"product_tag":[],"class_list":{"0":"post-28554","1":"product","2":"type-product","3":"status-publish","4":"has-post-thumbnail","6":"product_cat-audio-equipment-it","8":"first","9":"instock","10":"shipping-taxable","11":"product-type-simple"},"aioseo_notices":[],"_links":{"self":[{"href":"https:\/\/www.eventixgroup.it\/it\/wp-json\/wp\/v2\/product\/28554","targetHints":{"allow":["GET"]}}],"collection":[{"href":"https:\/\/www.eventixgroup.it\/it\/wp-json\/wp\/v2\/product"}],"about":[{"href":"https:\/\/www.eventixgroup.it\/it\/wp-json\/wp\/v2\/types\/product"}],"wp:featuredmedia":[{"embeddable":true,"href":"https:\/\/www.eventixgroup.it\/it\/wp-json\/wp\/v2\/media\/21180"}],"wp:attachment":[{"href":"https:\/\/www.eventixgroup.it\/it\/wp-json\/wp\/v2\/media?parent=28554"}],"wp:term":[{"taxonomy":"product_brand","embeddable":true,"href":"https:\/\/www.eventixgroup.it\/it\/wp-json\/wp\/v2\/product_brand?post=28554"},{"taxonomy":"product_cat","embeddable":true,"href":"https:\/\/www.eventixgroup.it\/it\/wp-json\/wp\/v2\/product_cat?post=28554"},{"taxonomy":"product_tag","embeddable":true,"href":"https:\/\/www.eventixgroup.it\/it\/wp-json\/wp\/v2\/product_tag?post=28554"}],"curies":[{"name":"wp","href":"https:\/\/api.w.org\/{rel}","templated":true}]}}