{"id":28551,"date":"2022-02-14T11:01:07","date_gmt":"2023-09-01T08:45:09","guid":{"rendered":"https:\/\/www.eventixgroup.it\/product\/the-rode-blimp\/"},"modified":"2023-09-05T14:25:50","modified_gmt":"2023-09-05T12:25:50","slug":"the-rode-blimp","status":"publish","type":"product","link":"https:\/\/www.eventixgroup.it\/it\/prodotto\/the-rode-blimp\/","title":{"rendered":"The R\u00d8DE Blimp"},"content":{"rendered":"","protected":false},"excerpt":{"rendered":"<p>Il R\u00d8DE Blimp \u00e8 un accessorio completo per il montaggio di parabrezza e ammortizzatori per i microfoni NTG1, NTG2, NTG3, NTG4 e NTG4+, nonch\u00e9 per qualsiasi microfono shotgun di terze parti fino a 325 mm (12 \u00be&#8221;) di lunghezza. Dotato del sistema di sospensione Rycote\u00ae Lyre, il Blimp offre il massimo in termini di sospensione e isolamento del microfono. Costruita in un unico pezzo di termoplastica resistente, la Lyre offre una sospensione acustica superiore alle soluzioni elastiche tradizionali e non si usura, non si incurva e non si spezza mai. Anche l&#8217;impugnatura del Blimp \u00e8 stata completamente ridisegnata, riducendo il peso del prodotto in modo significativo e aumentando l&#8217;ergonomia per l&#8217;uso a mano. All&#8217;interno dell&#8217;impugnatura \u00e8 alloggiato un cavo Mogami per impieghi intensivi che si sdoppia attraverso una scatola di giunzione in un cavo sottile altamente flessibile all&#8217;interno del Blimp, per ridurre al minimo il trasferimento delle vibrazioni al microfono. Grazie al design leggero dell&#8217;impugnatura e del sistema di sospensione, il nuovo design Blimp \u00e8 pi\u00f9 leggero del 25% (550 g senza microfono o DeadWombat). Il Blimp si fissa a qualsiasi asta standard tramite un attacco filettato da 3\/8&#8243; alla base. Il supporto universale per Blimp \u00e8 disponibile come opzione per rimuovere l&#8217;impugnatura quando il Blimp viene utilizzato principalmente su una boompole per ridurre il peso. Sono inclusi il parabrezza Dead Wombat, la spazzola per la cura e il cavo di coda\/patch.<\/p>\n","protected":false},"featured_media":21188,"template":"","meta":{"_monsterinsights_skip_tracking":false,"_monsterinsights_sitenote_active":false,"_monsterinsights_sitenote_note":"","_monsterinsights_sitenote_category":0},"product_brand":[],"product_cat":[1343],"product_tag":[],"class_list":{"0":"post-28551","1":"product","2":"type-product","3":"status-publish","4":"has-post-thumbnail","6":"product_cat-audio-equipment-it","8":"first","9":"instock","10":"shipping-taxable","11":"product-type-simple"},"aioseo_notices":[],"_links":{"self":[{"href":"https:\/\/www.eventixgroup.it\/it\/wp-json\/wp\/v2\/product\/28551","targetHints":{"allow":["GET"]}}],"collection":[{"href":"https:\/\/www.eventixgroup.it\/it\/wp-json\/wp\/v2\/product"}],"about":[{"href":"https:\/\/www.eventixgroup.it\/it\/wp-json\/wp\/v2\/types\/product"}],"wp:featuredmedia":[{"embeddable":true,"href":"https:\/\/www.eventixgroup.it\/it\/wp-json\/wp\/v2\/media\/21188"}],"wp:attachment":[{"href":"https:\/\/www.eventixgroup.it\/it\/wp-json\/wp\/v2\/media?parent=28551"}],"wp:term":[{"taxonomy":"product_brand","embeddable":true,"href":"https:\/\/www.eventixgroup.it\/it\/wp-json\/wp\/v2\/product_brand?post=28551"},{"taxonomy":"product_cat","embeddable":true,"href":"https:\/\/www.eventixgroup.it\/it\/wp-json\/wp\/v2\/product_cat?post=28551"},{"taxonomy":"product_tag","embeddable":true,"href":"https:\/\/www.eventixgroup.it\/it\/wp-json\/wp\/v2\/product_tag?post=28551"}],"curies":[{"name":"wp","href":"https:\/\/api.w.org\/{rel}","templated":true}]}}