{"id":19892,"date":"2021-06-06T21:52:54","date_gmt":"2021-06-06T19:52:55","guid":{"rendered":"https:\/\/www.eventixgroup.it\/?post_type=product&#038;p=19892"},"modified":"2023-09-05T14:25:43","modified_gmt":"2023-09-05T12:25:43","slug":"noleggiare-la-videocamera-sony-hdc-4300-hd-broadcastultramotion","status":"publish","type":"product","link":"https:\/\/www.eventixgroup.it\/it\/prodotto\/noleggiare-la-videocamera-sony-hdc-4300-hd-broadcastultramotion\/","title":{"rendered":"Noleggia la telecamera HDC-4300 di Sony per il broadcasting in hd ultramotion"},"content":{"rendered":"<p>Rent Sony HDC-4300 hd broadcast ultramotion camera<\/p>\n","protected":false},"excerpt":{"rendered":"<p>L&#8217;HDC-4300 si aggiunge all&#8217;apprezzata famiglia di soluzioni di Live Production della serie HDC di Sony. Il funzionamento \u00e8 rassicurante e familiare per gli operatori e i cameraman, in modo da essere operativi pi\u00f9 rapidamente senza costosi corsi di formazione.<\/p>\n<p>L&#8217;HDC-4300 \u00e8 pienamente compatibile con un&#8217;ampia gamma di prodotti e flussi di lavoro esistenti, tra cui mirini, adattatori per obiettivi di grandi dimensioni e unit\u00e0 di controllo della telecamera. Non \u00e8 necessario investire in accessori aggiuntivi, riducendo cos\u00ec i costi e le scorte.<\/p>\n","protected":false},"featured_media":21317,"template":"","meta":{"_monsterinsights_skip_tracking":false,"_monsterinsights_sitenote_active":false,"_monsterinsights_sitenote_note":"","_monsterinsights_sitenote_category":0},"product_brand":[],"product_cat":[1350],"product_tag":[3017,3016],"class_list":{"0":"post-19892","1":"product","2":"type-product","3":"status-publish","4":"has-post-thumbnail","6":"product_cat-video-equipment-it","7":"product_tag-hdc-4300-rent-it","8":"product_tag-sony-hdc4300-it","10":"first","11":"instock","12":"shipping-taxable","13":"product-type-simple"},"aioseo_notices":[],"_links":{"self":[{"href":"https:\/\/www.eventixgroup.it\/it\/wp-json\/wp\/v2\/product\/19892","targetHints":{"allow":["GET"]}}],"collection":[{"href":"https:\/\/www.eventixgroup.it\/it\/wp-json\/wp\/v2\/product"}],"about":[{"href":"https:\/\/www.eventixgroup.it\/it\/wp-json\/wp\/v2\/types\/product"}],"wp:featuredmedia":[{"embeddable":true,"href":"https:\/\/www.eventixgroup.it\/it\/wp-json\/wp\/v2\/media\/21317"}],"wp:attachment":[{"href":"https:\/\/www.eventixgroup.it\/it\/wp-json\/wp\/v2\/media?parent=19892"}],"wp:term":[{"taxonomy":"product_brand","embeddable":true,"href":"https:\/\/www.eventixgroup.it\/it\/wp-json\/wp\/v2\/product_brand?post=19892"},{"taxonomy":"product_cat","embeddable":true,"href":"https:\/\/www.eventixgroup.it\/it\/wp-json\/wp\/v2\/product_cat?post=19892"},{"taxonomy":"product_tag","embeddable":true,"href":"https:\/\/www.eventixgroup.it\/it\/wp-json\/wp\/v2\/product_tag?post=19892"}],"curies":[{"name":"wp","href":"https:\/\/api.w.org\/{rel}","templated":true}]}}