{"id":19718,"date":"2017-12-01T17:59:23","date_gmt":"2021-05-22T17:26:58","guid":{"rendered":"https:\/\/www.eventixgroup.it\/product\/litepanels-astra-1x1-bi-color\/"},"modified":"2023-09-05T14:55:39","modified_gmt":"2023-09-05T12:55:39","slug":"litepanels-astra-1x1-bi-color","status":"publish","type":"product","link":"https:\/\/www.eventixgroup.it\/it\/prodotto\/litepanels-astra-1x1-bi-color\/","title":{"rendered":"LITEPANELS ASTRA 1\u00d71 BI-COLOR"},"content":{"rendered":"","protected":false},"excerpt":{"rendered":"<p style=\"text-align: justify;\">Il pannello ASTRA 1&#215;1 Bi-Color raccoglie l&#8217;eredit\u00e0 dell&#8217;apparecchio 1&#215;1 originale, che ha rivoluzionato il settore dell&#8217;illuminazione. Questo innovativo modello di colore sintonizzabile dalla luce diurna al tungsteno \u00e8 stato realizzato per anni, e ogni elemento di design di questo pannello di nuova generazione \u00e8 stato curato nei minimi dettagli. Seguendo la tradizione Litepanels di un fattore di forma di un piede quadrato, la serie ASTRA \u00e8 progettata con LED selezionati di prima qualit\u00e0, ad alto CRI, montati in superficie e abbinati a ottiche TIR progettate su misura. Questi LED a binning stretto e le ottiche perfezionate garantiscono all&#8217;ASTRA 1&#215;1 una riproduzione dei colori superiore e un&#8217;emissione luminosa fino a quattro volte pi\u00f9 luminosa rispetto ai pannelli LED tradizionali. Questa maggiore intensit\u00e0 si traduce in una gittata pi\u00f9 lunga e illumina un&#8217;area pi\u00f9 ampia, consentendo al pannello di competere con forti sorgenti luminose esterne o di illuminare efficacemente un&#8217;ampia area con un solo apparecchio.<\/p>\n","protected":false},"featured_media":14704,"template":"","meta":{"_monsterinsights_skip_tracking":false,"_monsterinsights_sitenote_active":false,"_monsterinsights_sitenote_note":"","_monsterinsights_sitenote_category":0},"product_brand":[],"product_cat":[1347],"product_tag":[1396,1457,2920],"class_list":{"0":"post-19718","1":"product","2":"type-product","3":"status-publish","4":"has-post-thumbnail","6":"product_cat-lighting-equipment-it","7":"product_tag-astra-it","8":"product_tag-bi-color-it","9":"product_tag-litepanels-it","11":"first","12":"instock","13":"shipping-taxable","14":"product-type-simple"},"aioseo_notices":[],"_links":{"self":[{"href":"https:\/\/www.eventixgroup.it\/it\/wp-json\/wp\/v2\/product\/19718","targetHints":{"allow":["GET"]}}],"collection":[{"href":"https:\/\/www.eventixgroup.it\/it\/wp-json\/wp\/v2\/product"}],"about":[{"href":"https:\/\/www.eventixgroup.it\/it\/wp-json\/wp\/v2\/types\/product"}],"wp:featuredmedia":[{"embeddable":true,"href":"https:\/\/www.eventixgroup.it\/it\/wp-json\/wp\/v2\/media\/14704"}],"wp:attachment":[{"href":"https:\/\/www.eventixgroup.it\/it\/wp-json\/wp\/v2\/media?parent=19718"}],"wp:term":[{"taxonomy":"product_brand","embeddable":true,"href":"https:\/\/www.eventixgroup.it\/it\/wp-json\/wp\/v2\/product_brand?post=19718"},{"taxonomy":"product_cat","embeddable":true,"href":"https:\/\/www.eventixgroup.it\/it\/wp-json\/wp\/v2\/product_cat?post=19718"},{"taxonomy":"product_tag","embeddable":true,"href":"https:\/\/www.eventixgroup.it\/it\/wp-json\/wp\/v2\/product_tag?post=19718"}],"curies":[{"name":"wp","href":"https:\/\/api.w.org\/{rel}","templated":true}]}}