{"id":19650,"date":"2018-01-26T17:12:32","date_gmt":"2021-05-22T17:04:10","guid":{"rendered":"https:\/\/www.eventixgroup.it\/product\/clothes-rails-ex0231\/"},"modified":"2023-12-19T16:19:07","modified_gmt":"2023-12-19T15:19:07","slug":"clothes-hangers-with-wheels-ex0231","status":"publish","type":"product","link":"https:\/\/www.eventixgroup.it\/it\/prodotto\/clothes-hangers-with-wheels-ex0231\/","title":{"rendered":"APPENDIABITI EX0231"},"content":{"rendered":"","protected":false},"excerpt":{"rendered":"<p>MATERIALE IN ACCIAIO CROMATO DI ALTA QUALIT\u00c0: Il nostro stendino con ruote \u00e8 realizzato in materiale tubolare in acciaio cromato di alta qualit\u00e0, il gancio \u00e8 resistente all&#8217;usura e facile da pulire. Sia i vestiti asciutti che quelli bagnati si adattano al bastone appendiabiti. Sembra funzionale e bello, perfetto per il tuo soggiorno, camera da letto e ingresso.<br \/>\nDURABILIT\u00c0 E STABILIT\u00c0: Lo stand appendiabiti con ruote regolabile in altezza, realizzato in acciaio inox di alta qualit\u00e0, \u00e8 robusto e resistente alla corrosione, sia asciutti che bagnati.(L&#8217;asta in metallo cromato pu\u00f2 contenere fino a 100 kg di indumenti).<br \/>\n360\u00b0ROTATABLE: Con 4 ruote girevoli a 360\u00b0 in metallo di alta qualit\u00e0, pu\u00f2 essere spostato senza problemi anche quando si appendono molti vestiti. Puoi spostare o fermare lo stand appendiabiti con ruote in qualsiasi momento, spostarlo dove vuoi, quindi riposizionare le rotelle e regolare i freni.<br \/>\nLUNGHEZZA E ALTEZZA REGOLABILI: L&#8217;altezza e la larghezza dell&#8217;appendiabiti telescopico possono essere regolate in base alle proprie esigenze. Le ruote dell&#8217;asta appendiabiti possono essere regolate in altezza (113 cm-170 cm) e in lunghezza (90 cm-132 cm).<br \/>\nMONTAGGIO VELOCE: Viene fornito con le istruzioni di installazione e i relativi accessori, \u00e8 possibile fare riferimento al video di installazione e alla guida all&#8217;installazione, installare rapidamente in pochi minuti senza strumenti professionali e complicati.<\/p>\n","protected":false},"featured_media":29617,"template":"","meta":{"_monsterinsights_skip_tracking":false,"_monsterinsights_sitenote_active":false,"_monsterinsights_sitenote_note":"","_monsterinsights_sitenote_category":0},"product_brand":[],"product_cat":[1346],"product_tag":[3316,2905,2906],"class_list":{"0":"post-19650","1":"product","2":"type-product","3":"status-publish","4":"has-post-thumbnail","6":"product_cat-furniture-it","7":"product_tag-appendiabiti-it-2","8":"product_tag-appendiabiti-it","9":"product_tag-appendiabiti-con-ruote-it","11":"first","12":"instock","13":"shipping-taxable","14":"product-type-simple"},"aioseo_notices":[],"_links":{"self":[{"href":"https:\/\/www.eventixgroup.it\/it\/wp-json\/wp\/v2\/product\/19650","targetHints":{"allow":["GET"]}}],"collection":[{"href":"https:\/\/www.eventixgroup.it\/it\/wp-json\/wp\/v2\/product"}],"about":[{"href":"https:\/\/www.eventixgroup.it\/it\/wp-json\/wp\/v2\/types\/product"}],"wp:featuredmedia":[{"embeddable":true,"href":"https:\/\/www.eventixgroup.it\/it\/wp-json\/wp\/v2\/media\/29617"}],"wp:attachment":[{"href":"https:\/\/www.eventixgroup.it\/it\/wp-json\/wp\/v2\/media?parent=19650"}],"wp:term":[{"taxonomy":"product_brand","embeddable":true,"href":"https:\/\/www.eventixgroup.it\/it\/wp-json\/wp\/v2\/product_brand?post=19650"},{"taxonomy":"product_cat","embeddable":true,"href":"https:\/\/www.eventixgroup.it\/it\/wp-json\/wp\/v2\/product_cat?post=19650"},{"taxonomy":"product_tag","embeddable":true,"href":"https:\/\/www.eventixgroup.it\/it\/wp-json\/wp\/v2\/product_tag?post=19650"}],"curies":[{"name":"wp","href":"https:\/\/api.w.org\/{rel}","templated":true}]}}