{"id":19454,"date":"2021-01-23T12:07:49","date_gmt":"2021-05-20T06:31:42","guid":{"rendered":"https:\/\/www.eventixgroup.it\/product\/stream-deck-elgato\/"},"modified":"2023-09-05T14:42:31","modified_gmt":"2023-09-05T12:42:31","slug":"stream-deck-elgato","status":"publish","type":"product","link":"https:\/\/www.eventixgroup.it\/it\/prodotto\/stream-deck-elgato\/","title":{"rendered":"Stream deck Elgato"},"content":{"rendered":"<p><img decoding=\"async\" class=\"alignnone size-full wp-image-19176\" src=\"https:\/\/www.eventixgroup.it\/wp-content\/uploads\/2021\/01\/elgato-streamdekxl.png\" alt=\"\" width=\"2030\" height=\"2030\" srcset=\"https:\/\/www.eventixgroup.it\/wp-content\/uploads\/2021\/01\/elgato-streamdekxl-66x66.png 66w, https:\/\/www.eventixgroup.it\/wp-content\/uploads\/2021\/01\/elgato-streamdekxl-100x100.png 100w, https:\/\/www.eventixgroup.it\/wp-content\/uploads\/2021\/01\/elgato-streamdekxl-150x150.png 150w, https:\/\/www.eventixgroup.it\/wp-content\/uploads\/2021\/01\/elgato-streamdekxl-200x200.png 200w, https:\/\/www.eventixgroup.it\/wp-content\/uploads\/2021\/01\/elgato-streamdekxl-300x300.png 300w, https:\/\/www.eventixgroup.it\/wp-content\/uploads\/2021\/01\/elgato-streamdekxl-400x400.png 400w, https:\/\/www.eventixgroup.it\/wp-content\/uploads\/2021\/01\/elgato-streamdekxl-500x500.png 500w, https:\/\/www.eventixgroup.it\/wp-content\/uploads\/2021\/01\/elgato-streamdekxl-600x600.png 600w, https:\/\/www.eventixgroup.it\/wp-content\/uploads\/2021\/01\/elgato-streamdekxl-700x700.png 700w, https:\/\/www.eventixgroup.it\/wp-content\/uploads\/2021\/01\/elgato-streamdekxl-768x768.png 768w, https:\/\/www.eventixgroup.it\/wp-content\/uploads\/2021\/01\/elgato-streamdekxl-800x800.png 800w, https:\/\/www.eventixgroup.it\/wp-content\/uploads\/2021\/01\/elgato-streamdekxl-1024x1024.png 1024w, https:\/\/www.eventixgroup.it\/wp-content\/uploads\/2021\/01\/elgato-streamdekxl-1200x1200.png 1200w, https:\/\/www.eventixgroup.it\/wp-content\/uploads\/2021\/01\/elgato-streamdekxl-1536x1536.png 1536w, https:\/\/www.eventixgroup.it\/wp-content\/uploads\/2021\/01\/elgato-streamdekxl.png 2030w\" sizes=\"(max-width: 2030px) 100vw, 2030px\" \/><\/p>\n","protected":false},"excerpt":{"rendered":"<p>Stream Deck XL aumenta la tua forza creativa. Significa che hai pi\u00f9 controllo a livello di studio per ottimizzare i tuoi contenuti. Pi\u00f9 accesso a integrazioni che fanno risparmiare tempo. Pi\u00f9 spazio per incrementare la tua produzione. Ma pi\u00f9 di tutto mantiene vivo il tuo streaming e incanta il tuo pubblico.<\/p>\n","protected":false},"featured_media":21315,"template":"","meta":{"_monsterinsights_skip_tracking":false,"_monsterinsights_sitenote_active":false,"_monsterinsights_sitenote_note":"","_monsterinsights_sitenote_category":0},"product_brand":[],"product_cat":[1348,1344],"product_tag":[2689,2688,2687,2690],"class_list":{"0":"post-19454","1":"product","2":"type-product","3":"status-publish","4":"has-post-thumbnail","6":"product_cat-projectors-screens-it","7":"product_cat-computers-accessories-it","8":"product_tag-aquilonrs4-it","9":"product_tag-ascender32-it","10":"product_tag-stream-deckxl-it","11":"product_tag-watchout-it","13":"first","14":"instock","15":"shipping-taxable","16":"product-type-simple"},"aioseo_notices":[],"_links":{"self":[{"href":"https:\/\/www.eventixgroup.it\/it\/wp-json\/wp\/v2\/product\/19454","targetHints":{"allow":["GET"]}}],"collection":[{"href":"https:\/\/www.eventixgroup.it\/it\/wp-json\/wp\/v2\/product"}],"about":[{"href":"https:\/\/www.eventixgroup.it\/it\/wp-json\/wp\/v2\/types\/product"}],"wp:featuredmedia":[{"embeddable":true,"href":"https:\/\/www.eventixgroup.it\/it\/wp-json\/wp\/v2\/media\/21315"}],"wp:attachment":[{"href":"https:\/\/www.eventixgroup.it\/it\/wp-json\/wp\/v2\/media?parent=19454"}],"wp:term":[{"taxonomy":"product_brand","embeddable":true,"href":"https:\/\/www.eventixgroup.it\/it\/wp-json\/wp\/v2\/product_brand?post=19454"},{"taxonomy":"product_cat","embeddable":true,"href":"https:\/\/www.eventixgroup.it\/it\/wp-json\/wp\/v2\/product_cat?post=19454"},{"taxonomy":"product_tag","embeddable":true,"href":"https:\/\/www.eventixgroup.it\/it\/wp-json\/wp\/v2\/product_tag?post=19454"}],"curies":[{"name":"wp","href":"https:\/\/api.w.org\/{rel}","templated":true}]}}