{"id":18981,"date":"2021-08-26T22:53:23","date_gmt":"2020-11-26T08:59:25","guid":{"rendered":"https:\/\/www.eventixgroup.it\/?post_type=product&#038;p=18981"},"modified":"2023-09-05T14:42:33","modified_gmt":"2023-09-05T12:42:33","slug":"mo-sys-camera-tracking-startracker","status":"publish","type":"product","link":"https:\/\/www.eventixgroup.it\/it\/prodotto\/mo-sys-camera-tracking-startracker\/","title":{"rendered":"disguise D3,video mapping,D3 rental italy,AV,mediaserver,createtogether"},"content":{"rendered":"<h4 class=\"heading02\">noleggio of mo-sys StarTracker is now available in italy and europe.<\/h4>\n<h4 class=\"heading02\">il miglior prodotto per il tracciamento della telecamera con disguise VX4 e VX2 e RX unreal engine workstation.<\/h4>\n","protected":false},"excerpt":{"rendered":"<h3>noleggio Mosys camera Tracking for virtual studio and extended Reality<\/h3>\n<p>Il sistema osserva le &#8220;stelle&#8221;, che sono piccoli adesivi identici retro-riflettenti, lo stesso materiale riflettente che si trova sui veicoli di emergenza. Questi adesivi vengono applicati in modo casuale al soffitto dello studio o alla griglia di illuminazione. Non \u00e8 necessaria alcuna struttura aggiuntiva. Non devono essere conformi a nessun modello e possono variare in altezza. Le &#8220;stelle&#8221; sono difficilmente visibili a occhio nudo. Un piccolo sensore LED, montato sulla telecamera dello studio, illumina le stelle. Questo definisce la mappa stellare, che consente allo StarTracker di segnalare la posizione e l&#8217;orientamento della telecamera dello studio in tempo reale al motore di rendering.<\/p>\n<p>&nbsp;<\/p>\n<h3>Libert\u00e0 di movimento<\/h3>\n<p>StarTracker offre una libert\u00e0 di movimento illimitata e fornisce dati precisi su posizione, rotazione e obiettivo in tempo reale, rendendolo ideale per Steadicam e riprese a mano. \u00c8 possibile ruotare la telecamera dello studio di 360 gradi e spostarla in qualsiasi posizione dello studio, anche sul bordo, purch\u00e9 un numero sufficiente di &#8220;stelle&#8221; sia in vista della telecamera di rilevamento. Altri sistemi sono spesso limitati nel volume di tracciamento. StarTracker pu\u00f2 tracciare in studi alti da 3 a 20 metri. Poich\u00e9 il sensore di tracciamento punta verso l&#8217;alto anzich\u00e9 guardare nella scena, il tracciamento non \u00e8 influenzato dalle condizioni dello studio, come gli oggetti in movimento, i cambi di set, le configurazioni di illuminazione, i riflessi e gli ambienti con schermo verde.<\/p>\n<p>&nbsp;<\/p>\n<h3>Nessuna restrizione di illuminazione<\/h3>\n<p>Poich\u00e9 le &#8220;stelle&#8221; possono essere applicate in modo casuale, senza uno schema preciso, sopra la griglia di illuminazione, non limitano in alcun modo le luci dello studio. Nonostante sia ottico, StarTracker non \u00e8 influenzato dall&#8217;illuminazione dello studio, offrendo la massima libert\u00e0 di installare e regolare le luci secondo le necessit\u00e0. Si tratta di un&#8217;esclusiva di StarTracker<\/p>\n<p>&nbsp;<\/p>\n<h3>Tracciamento assoluto<\/h3>\n<p>StarTracker non va alla deriva, a differenza dei piedistalli meccanici codificati che funzionano con il dead-reckoning e accumulano errori con la distanza percorsa. Questo li esclude da quasi tutte le applicazioni AR. Poich\u00e9 StarTracker fa sempre riferimento alla sua mappa stellare, la sua posizione \u00e8 assoluta e senza deriva.<\/p>\n","protected":false},"featured_media":18983,"template":"","meta":{"_monsterinsights_skip_tracking":false,"_monsterinsights_sitenote_active":false,"_monsterinsights_sitenote_note":"","_monsterinsights_sitenote_category":0},"product_brand":[],"product_cat":[1348,1344],"product_tag":[2668,2671,2403,2669,2408,2405,2406,2407,2667,2666,2670,1693],"class_list":{"0":"post-18981","1":"product","2":"type-product","3":"status-publish","4":"has-post-thumbnail","6":"product_cat-projectors-screens-it","7":"product_cat-computers-accessories-it","8":"product_tag-ar-and-vr-it","9":"product_tag-ar-applications-it","10":"product_tag-audiovisivi","11":"product_tag-camera-tracking-it","12":"product_tag-creazione-di-contenuti-multimediali","13":"product_tag-disguise-it","14":"product_tag-disguise-d3","15":"product_tag-live-show-server-multimediale","16":"product_tag-mo-sys-it","17":"product_tag-startracker-it","18":"product_tag-tracking-technology-it","19":"product_tag-videomapping-it","21":"first","22":"instock","23":"shipping-taxable","24":"product-type-simple"},"aioseo_notices":[],"_links":{"self":[{"href":"https:\/\/www.eventixgroup.it\/it\/wp-json\/wp\/v2\/product\/18981","targetHints":{"allow":["GET"]}}],"collection":[{"href":"https:\/\/www.eventixgroup.it\/it\/wp-json\/wp\/v2\/product"}],"about":[{"href":"https:\/\/www.eventixgroup.it\/it\/wp-json\/wp\/v2\/types\/product"}],"wp:featuredmedia":[{"embeddable":true,"href":"https:\/\/www.eventixgroup.it\/it\/wp-json\/wp\/v2\/media\/18983"}],"wp:attachment":[{"href":"https:\/\/www.eventixgroup.it\/it\/wp-json\/wp\/v2\/media?parent=18981"}],"wp:term":[{"taxonomy":"product_brand","embeddable":true,"href":"https:\/\/www.eventixgroup.it\/it\/wp-json\/wp\/v2\/product_brand?post=18981"},{"taxonomy":"product_cat","embeddable":true,"href":"https:\/\/www.eventixgroup.it\/it\/wp-json\/wp\/v2\/product_cat?post=18981"},{"taxonomy":"product_tag","embeddable":true,"href":"https:\/\/www.eventixgroup.it\/it\/wp-json\/wp\/v2\/product_tag?post=18981"}],"curies":[{"name":"wp","href":"https:\/\/api.w.org\/{rel}","templated":true}]}}