{"id":16253,"date":"2018-05-25T15:24:37","date_gmt":"2018-05-25T13:24:37","guid":{"rendered":"http:\/\/www.eventixgroup.it\/product\/lens-canon-22x-hd\/"},"modified":"2023-11-20T14:11:08","modified_gmt":"2023-11-20T13:11:08","slug":"lens-canon-22x-hd","status":"publish","type":"product","link":"https:\/\/www.eventixgroup.it\/it\/prodotto\/lens-canon-22x-hd\/","title":{"rendered":"Canon 22x HD Lens"},"content":{"rendered":"","protected":false},"excerpt":{"rendered":"<p style=\"text-align: justify;\">Canon 22x HD \u00e8 un obiettivo zoom 22x di alta qualit\u00e0 per videocamere professionali 2\/3&#8243; remote. Questo modello \u00e8 estremamente versatile e pu\u00f2 essere utilizzato in una variet\u00e0 di applicazioni professionali, tra cui teleconferenze, formazione a distanza e trasmissioni specializzate, compresa la copertura sportiva. La gamma di lunghezze focali \u00e8 di 7,6-168 mm con una distanza minima dall&#8217;oggetto di 2,8&#8242; (0,9 m). Inoltre, l&#8217;obiettivo \u00e8 dotato di un estensore 2x ad azionamento manuale che pu\u00f2 essere accoppiato a un&#8217;unit\u00e0 di controllo esterna.<\/p>\n","protected":false},"featured_media":15256,"template":"","meta":{"_monsterinsights_skip_tracking":false,"_monsterinsights_sitenote_active":false,"_monsterinsights_sitenote_note":"","_monsterinsights_sitenote_category":0},"product_brand":[],"product_cat":[1350],"product_tag":[1420,1813,1814],"class_list":{"0":"post-16253","1":"product","2":"type-product","3":"status-publish","4":"has-post-thumbnail","6":"product_cat-video-equipment-it","7":"product_tag-canon-it","8":"product_tag-high-quality-it","9":"product_tag-lens-22x-it","11":"first","12":"instock","13":"shipping-taxable","14":"product-type-simple"},"aioseo_notices":[],"_links":{"self":[{"href":"https:\/\/www.eventixgroup.it\/it\/wp-json\/wp\/v2\/product\/16253","targetHints":{"allow":["GET"]}}],"collection":[{"href":"https:\/\/www.eventixgroup.it\/it\/wp-json\/wp\/v2\/product"}],"about":[{"href":"https:\/\/www.eventixgroup.it\/it\/wp-json\/wp\/v2\/types\/product"}],"wp:featuredmedia":[{"embeddable":true,"href":"https:\/\/www.eventixgroup.it\/it\/wp-json\/wp\/v2\/media\/15256"}],"wp:attachment":[{"href":"https:\/\/www.eventixgroup.it\/it\/wp-json\/wp\/v2\/media?parent=16253"}],"wp:term":[{"taxonomy":"product_brand","embeddable":true,"href":"https:\/\/www.eventixgroup.it\/it\/wp-json\/wp\/v2\/product_brand?post=16253"},{"taxonomy":"product_cat","embeddable":true,"href":"https:\/\/www.eventixgroup.it\/it\/wp-json\/wp\/v2\/product_cat?post=16253"},{"taxonomy":"product_tag","embeddable":true,"href":"https:\/\/www.eventixgroup.it\/it\/wp-json\/wp\/v2\/product_tag?post=16253"}],"curies":[{"name":"wp","href":"https:\/\/api.w.org\/{rel}","templated":true}]}}