{"id":16249,"date":"2018-05-25T17:01:49","date_gmt":"2018-05-25T15:01:49","guid":{"rendered":"http:\/\/www.eventixgroup.it\/product\/workstation-for-video-editing-edius\/"},"modified":"2023-11-20T13:03:32","modified_gmt":"2023-11-20T12:03:32","slug":"workstation-for-video-editing-edius","status":"publish","type":"product","link":"https:\/\/www.eventixgroup.it\/it\/prodotto\/workstation-for-video-editing-edius\/","title":{"rendered":"Stazione di lavoro per il montaggio video con Edius"},"content":{"rendered":"","protected":false},"excerpt":{"rendered":"<p style=\"text-align: justify;\">EDIUS \u00e8 il software di editing ideale per professionisti e ambiziosi appassionati di video. I suoi utenti includono registi, giornalisti video, YouTubers, universit\u00e0, emittenti, studi cinematografici, societ\u00e0 di produzione e agenzie governative.<br \/>\nEDIUS non limita la creativit\u00e0 e la produttivit\u00e0, in quanto consente di lavorare in modo intuitivo e veloce, anzich\u00e9 con rendering e attese, con una stabilit\u00e0 di sistema superiore.<br \/>\nEDIUS supporta i pi\u00f9 recenti formati di registrazione, telecamere e codec in modo nativo. Ci\u00f2 consente l&#8217;elaborazione simultanea di diversi livelli di materiale 4K in tempo reale, compresa la correzione del colore e i filtri aggiuntivi.<br \/>\nLa versione 9 di EDIUS supporta l&#8217;High Dynamic Range (HDR) in un modo molto semplice, che comprende l&#8217;importazione, la modifica e l&#8217;esportazione come nessun&#8217;altra soluzione di editing. Il programma a 64 bit supporta anche le schede di I\/O di produttori come AJA, Blackmagic Design e Matrox e integra perfettamente l&#8217;hardware esistente. Inoltre, EDIUS 9 include un programma Mync migliorato per organizzare e condividere filmati e altri file multimediali.<\/p>\n","protected":false},"featured_media":15269,"template":"","meta":{"_monsterinsights_skip_tracking":false,"_monsterinsights_sitenote_active":false,"_monsterinsights_sitenote_note":"","_monsterinsights_sitenote_category":0},"product_brand":[],"product_cat":[1344],"product_tag":[1810,1811,1696],"class_list":{"0":"post-16249","1":"product","2":"type-product","3":"status-publish","4":"has-post-thumbnail","6":"product_cat-computers-accessories-it","7":"product_tag-edius-it","8":"product_tag-video-editing-it","9":"product_tag-workstation-it","11":"first","12":"instock","13":"shipping-taxable","14":"product-type-simple"},"aioseo_notices":[],"_links":{"self":[{"href":"https:\/\/www.eventixgroup.it\/it\/wp-json\/wp\/v2\/product\/16249","targetHints":{"allow":["GET"]}}],"collection":[{"href":"https:\/\/www.eventixgroup.it\/it\/wp-json\/wp\/v2\/product"}],"about":[{"href":"https:\/\/www.eventixgroup.it\/it\/wp-json\/wp\/v2\/types\/product"}],"wp:featuredmedia":[{"embeddable":true,"href":"https:\/\/www.eventixgroup.it\/it\/wp-json\/wp\/v2\/media\/15269"}],"wp:attachment":[{"href":"https:\/\/www.eventixgroup.it\/it\/wp-json\/wp\/v2\/media?parent=16249"}],"wp:term":[{"taxonomy":"product_brand","embeddable":true,"href":"https:\/\/www.eventixgroup.it\/it\/wp-json\/wp\/v2\/product_brand?post=16249"},{"taxonomy":"product_cat","embeddable":true,"href":"https:\/\/www.eventixgroup.it\/it\/wp-json\/wp\/v2\/product_cat?post=16249"},{"taxonomy":"product_tag","embeddable":true,"href":"https:\/\/www.eventixgroup.it\/it\/wp-json\/wp\/v2\/product_tag?post=16249"}],"curies":[{"name":"wp","href":"https:\/\/api.w.org\/{rel}","templated":true}]}}