{"id":16244,"date":"2018-05-25T17:29:21","date_gmt":"2018-05-25T15:29:21","guid":{"rendered":"http:\/\/www.eventixgroup.it\/product\/pipe-drape-base\/"},"modified":"2023-11-20T14:33:23","modified_gmt":"2023-11-20T13:33:23","slug":"pipe-drape-base","status":"publish","type":"product","link":"https:\/\/www.eventixgroup.it\/it\/prodotto\/pipe-drape-base\/","title":{"rendered":"Base per tubi e teli"},"content":{"rendered":"","protected":false},"excerpt":{"rendered":"<p style=\"text-align: justify;\">Rivoluzionario sistema di connettori a 4 vie<br \/>\nSe avete gi\u00e0 utilizzato un sistema Pipes &amp; Drapes, probabilmente sapete quali sono i suoi difetti: ad esempio, supporti telescopici che si staccano, tende sospese irregolari o montaggio maldestro. Il rivoluzionario e brevettato connettore a 4 vie, con il suo sistema di autobloccaggio, rende questi eventi un ricordo del passato. Questo sistema garantisce connessioni solide dei montanti e dei supporti dei teli, che possono essere regolati in tutte le direzioni possibili. Showtec Pipes &amp; Drapes va oltre. Un altro vantaggio \u00e8 che le quattro aperture dei connettori hanno una dimensione universale di 16 mm. In questo modo \u00e8 possibile montare una telecamera, un altoparlante o una luce. Utilizzando un adattatore, \u00e8 possibile collegare il connettore a 4 vie Showtec a tutti i sistemi Pipes &amp; Drapes con montanti rotondi.<\/p>\n<p style=\"text-align: justify;\">Ulteriori vantaggi<br \/>\nScoprirete ulteriori vantaggi utilizzando Showtec Pipes &amp; Drapes. I nostri montanti telescopici in alluminio rinforzato possono essere montati fino a 6 metri senza bisogno di scale e le loro teste di bloccaggio garantiscono un collegamento facile e robusto. Inoltre, le nostre piastre di base con angoli arrotondati sono rinforzate per sopportare un peso maggiore. I supporti per teli rinforzati possono sopportare un peso di 25 kg e possono essere regolati fino a 3 metri di lunghezza. Il sistema a velcro garantisce che le tende siano appese in modo uniforme e diritto.<\/p>\n","protected":false},"featured_media":15271,"template":"","meta":{"_monsterinsights_skip_tracking":false,"_monsterinsights_sitenote_active":false,"_monsterinsights_sitenote_note":"","_monsterinsights_sitenote_category":0},"product_brand":[],"product_cat":[1349],"product_tag":[1804,1805],"class_list":{"0":"post-16244","1":"product","2":"type-product","3":"status-publish","4":"has-post-thumbnail","6":"product_cat-structures-it","7":"product_tag-base-it","8":"product_tag-pipedrape-it","10":"first","11":"instock","12":"shipping-taxable","13":"product-type-simple"},"aioseo_notices":[],"_links":{"self":[{"href":"https:\/\/www.eventixgroup.it\/it\/wp-json\/wp\/v2\/product\/16244","targetHints":{"allow":["GET"]}}],"collection":[{"href":"https:\/\/www.eventixgroup.it\/it\/wp-json\/wp\/v2\/product"}],"about":[{"href":"https:\/\/www.eventixgroup.it\/it\/wp-json\/wp\/v2\/types\/product"}],"wp:featuredmedia":[{"embeddable":true,"href":"https:\/\/www.eventixgroup.it\/it\/wp-json\/wp\/v2\/media\/15271"}],"wp:attachment":[{"href":"https:\/\/www.eventixgroup.it\/it\/wp-json\/wp\/v2\/media?parent=16244"}],"wp:term":[{"taxonomy":"product_brand","embeddable":true,"href":"https:\/\/www.eventixgroup.it\/it\/wp-json\/wp\/v2\/product_brand?post=16244"},{"taxonomy":"product_cat","embeddable":true,"href":"https:\/\/www.eventixgroup.it\/it\/wp-json\/wp\/v2\/product_cat?post=16244"},{"taxonomy":"product_tag","embeddable":true,"href":"https:\/\/www.eventixgroup.it\/it\/wp-json\/wp\/v2\/product_tag?post=16244"}],"curies":[{"name":"wp","href":"https:\/\/api.w.org\/{rel}","templated":true}]}}