{"id":16238,"date":"2018-05-25T17:36:29","date_gmt":"2018-05-25T15:36:29","guid":{"rendered":"http:\/\/www.eventixgroup.it\/product\/cdj-pioneer-2000-nexus-2\/"},"modified":"2023-11-20T15:06:21","modified_gmt":"2023-11-20T14:06:21","slug":"cdj-pioneer-2000-nexus-2","status":"publish","type":"product","link":"https:\/\/www.eventixgroup.it\/it\/prodotto\/cdj-pioneer-2000-nexus-2\/","title":{"rendered":"CDJ Pioneer 2000 Nexus 2"},"content":{"rendered":"","protected":false},"excerpt":{"rendered":"<p style=\"text-align: justify;\">Il CDJ-2000NXS2 eredita tutte le migliori caratteristiche del suo predecessore, il CDJ-2000NXS, e fa un enorme passo avanti. Abbiamo aggiunto un touch screen pi\u00f9 grande e multicolore con una tastiera Qwerty e filtri di ricerca per aiutarvi a selezionare i brani pi\u00f9 velocemente. 2 banchi di 4 Hot Cues offrono una maggiore libert\u00e0 creativa, mentre la scheda audio a 96 kHz\/24 bit e il supporto per FLAC\/Apple Lossless Audio (ALAC) consentono di giocare con formati a pi\u00f9 alta risoluzione.<\/p>\n<h2>CARATTERISTICHE CHIAVE<\/h2>\n<p>SOUND DESIGN MIGLIORATO<br \/>\nPer ottenere il miglior suono possibile nei club, abbiamo aggiunto una scheda audio a 96 kHz\/24 bit e migliorato l&#8217;elaborazione del segnale digitale (DSP) e l&#8217;uscita digitale. Il rumore analogico \u00e8 ridotto al minimo da un convertitore D\/A a 32 bit ad alte prestazioni e da un&#8217;alimentazione analogica separata. L&#8217;audio nitido ad alta risoluzione \u00e8 supportato per FLAC, Apple Lossless Audio (ALAC), oltre che per MP3, WAV, AAC e AIFF.<\/p>\n<p>TOUCH SCREEN<br \/>\nIl touch screen a colori da 7 pollici consente di controllare in modo istintivo le funzioni preferite. Visualizza tutte le informazioni necessarie, tra cui lo Wave Zoom, il Needle Countdown, il Phase Meter e altro ancora. Le modalit\u00e0 di ricerca per parole chiave e di filtro dei brani consentono di sfogliare e selezionare pi\u00f9 rapidamente i brani per una performance senza sforzo.<\/p>\n<p>8 HOT CUES<br \/>\nImpostare i cue point in rekordbox e personalizzarne i colori. 2 banchi di 4 Hot Cues illuminati a colori consentono la riproduzione istantanea di punti preimpostati.<\/p>\n<p>BEAT PERFETTO<br \/>\nIl Quantize aggancia gli spunti e i loop alla griglia di beat di Rekordbox per una performance sempre affidabile.<\/p>\n<p>AGGIUNGI UN DDJ-SP1<br \/>\nAggiungete il DDJ-SP1 alla vostra configurazione e avrete accesso a un numero ancora maggiore di funzioni. \u00c8 sufficiente collegare un cavo USB per controllare fino a 4 CDJ-2000NXS2 tramite Pro DJ Link.<\/p>\n","protected":false},"featured_media":15276,"template":"","meta":{"_monsterinsights_skip_tracking":false,"_monsterinsights_sitenote_active":false,"_monsterinsights_sitenote_note":"","_monsterinsights_sitenote_category":0},"product_brand":[],"product_cat":[1343],"product_tag":[1390,1791,1792,1793],"class_list":{"0":"post-16238","1":"product","2":"type-product","3":"status-publish","4":"has-post-thumbnail","6":"product_cat-audio-equipment-it","7":"product_tag-2000-it","8":"product_tag-cdj-it","9":"product_tag-nexus2-it","10":"product_tag-pioneer-it","12":"first","13":"instock","14":"shipping-taxable","15":"product-type-simple"},"aioseo_notices":[],"_links":{"self":[{"href":"https:\/\/www.eventixgroup.it\/it\/wp-json\/wp\/v2\/product\/16238","targetHints":{"allow":["GET"]}}],"collection":[{"href":"https:\/\/www.eventixgroup.it\/it\/wp-json\/wp\/v2\/product"}],"about":[{"href":"https:\/\/www.eventixgroup.it\/it\/wp-json\/wp\/v2\/types\/product"}],"wp:featuredmedia":[{"embeddable":true,"href":"https:\/\/www.eventixgroup.it\/it\/wp-json\/wp\/v2\/media\/15276"}],"wp:attachment":[{"href":"https:\/\/www.eventixgroup.it\/it\/wp-json\/wp\/v2\/media?parent=16238"}],"wp:term":[{"taxonomy":"product_brand","embeddable":true,"href":"https:\/\/www.eventixgroup.it\/it\/wp-json\/wp\/v2\/product_brand?post=16238"},{"taxonomy":"product_cat","embeddable":true,"href":"https:\/\/www.eventixgroup.it\/it\/wp-json\/wp\/v2\/product_cat?post=16238"},{"taxonomy":"product_tag","embeddable":true,"href":"https:\/\/www.eventixgroup.it\/it\/wp-json\/wp\/v2\/product_tag?post=16238"}],"curies":[{"name":"wp","href":"https:\/\/api.w.org\/{rel}","templated":true}]}}