{"id":16211,"date":"2018-07-18T16:33:13","date_gmt":"2018-07-18T14:33:13","guid":{"rendered":"http:\/\/www.eventixgroup.it\/product\/gopro-hero-6\/"},"modified":"2023-11-20T11:58:06","modified_gmt":"2023-11-20T10:58:06","slug":"gopro-hero-6","status":"publish","type":"product","link":"https:\/\/www.eventixgroup.it\/it\/prodotto\/gopro-hero-6\/","title":{"rendered":"GoPro Hero 6 Black"},"content":{"rendered":"","protected":false},"excerpt":{"rendered":"<p style=\"text-align: justify;\">La <strong>GoPro Hero6 Black<\/strong> ha lo stesso aspetto della Hero5 Black. Ha le stesse dimensioni ridotte ed \u00e8 ancora impermeabile fino a 10 metri (33 piedi) con le stesse porte, gli stessi controlli, la stessa batteria e lo stesso schermo touchscreen sul retro.<\/p>\n<p style=\"text-align: justify;\">Ma, come dice il proverbio, \u00e8 quello che c&#8217;\u00e8 dentro che conta, e il nuovo processore progettato su misura, il GP1, \u00e8 responsabile di un gran numero di miglioramenti. L&#8217;amministratore delegato Nick Woodman ha dichiarato che in passato GoPro costruiva le sue videocamere su processori non standard e che tali chip erano disponibili anche per i concorrenti. Il GP1 pone fine a questa situazione, consentendo a GoPro di realizzare una telecamera con le funzionalit\u00e0 che desiderava.<\/p>\n<p style=\"text-align: justify;\">La Hero6 Black \u00e8 in grado di registrare clip con risoluzione <strong>4K<\/strong> da 2.160 pixel a 60 fotogrammi al secondo, per dare all&#8217;azione veloce un aspetto pi\u00f9 fluido. E se siete amanti dei filmati al rallentatore, potete registrare in 2,7K a 120fps e in 1.080p a 240fps.<\/p>\n<p style=\"text-align: justify;\"><strong>Risoluzioni video:<\/strong><\/p>\n<p style=\"text-align: justify;\">800 x 480 | 1280 x 720 |1920 x 1080 | 2560 x 1440 | 3840 x 2160 pixels<\/p>\n<p style=\"text-align: justify;\">\n","protected":false},"featured_media":15351,"template":"","meta":{"_monsterinsights_skip_tracking":false,"_monsterinsights_sitenote_active":false,"_monsterinsights_sitenote_note":"","_monsterinsights_sitenote_category":0},"product_brand":[],"product_cat":[1350],"product_tag":[1449,1403,1763,1764,1765,1766,1767],"class_list":{"0":"post-16211","1":"product","2":"type-product","3":"status-publish","4":"has-post-thumbnail","6":"product_cat-video-equipment-it","7":"product_tag-actioncam-it","8":"product_tag-black-it","9":"product_tag-go-pro-it","10":"product_tag-gopro-it","11":"product_tag-hero-it","12":"product_tag-hero6-it","13":"product_tag-minicam-it","15":"first","16":"instock","17":"shipping-taxable","18":"product-type-simple"},"aioseo_notices":[],"_links":{"self":[{"href":"https:\/\/www.eventixgroup.it\/it\/wp-json\/wp\/v2\/product\/16211","targetHints":{"allow":["GET"]}}],"collection":[{"href":"https:\/\/www.eventixgroup.it\/it\/wp-json\/wp\/v2\/product"}],"about":[{"href":"https:\/\/www.eventixgroup.it\/it\/wp-json\/wp\/v2\/types\/product"}],"wp:featuredmedia":[{"embeddable":true,"href":"https:\/\/www.eventixgroup.it\/it\/wp-json\/wp\/v2\/media\/15351"}],"wp:attachment":[{"href":"https:\/\/www.eventixgroup.it\/it\/wp-json\/wp\/v2\/media?parent=16211"}],"wp:term":[{"taxonomy":"product_brand","embeddable":true,"href":"https:\/\/www.eventixgroup.it\/it\/wp-json\/wp\/v2\/product_brand?post=16211"},{"taxonomy":"product_cat","embeddable":true,"href":"https:\/\/www.eventixgroup.it\/it\/wp-json\/wp\/v2\/product_cat?post=16211"},{"taxonomy":"product_tag","embeddable":true,"href":"https:\/\/www.eventixgroup.it\/it\/wp-json\/wp\/v2\/product_tag?post=16211"}],"curies":[{"name":"wp","href":"https:\/\/api.w.org\/{rel}","templated":true}]}}