{"id":16207,"date":"2019-01-10T09:25:28","date_gmt":"2019-01-10T08:25:28","guid":{"rendered":"http:\/\/www.eventixgroup.it\/product\/audioservice-dbaudio-rental\/"},"modified":"2023-11-20T16:06:41","modified_gmt":"2023-11-20T15:06:41","slug":"audioservice-dbaudio-rental","status":"publish","type":"product","link":"https:\/\/www.eventixgroup.it\/it\/prodotto\/audioservice-dbaudio-rental\/","title":{"rendered":"d&amp;b Q7 loudspeaker"},"content":{"rendered":"","protected":false},"excerpt":{"rendered":"<p style=\"text-align: justify;\">Il Q7 \u00e8 un diffusore passivo a 2 vie da 75\u00b0 x 40\u00b0 che ospita due driver LF da 10&#8243; e un driver a compressione HF da 1,3&#8243; con una tromba a direttivit\u00e0 costante ruotabile e un filtro crossover passivo. I due altoparlanti LF da 10&#8243; al neodimio sono posizionati in una disposizione dipolare che offre un eccezionale controllo della dispersione verticale, con un angolo nominale mantenuto fino a 400 Hz. Il Q7 ruotato viene utilizzato per montare il diffusore in orizzontale quando lo spazio \u00e8 limitato o \u00e8 necessario il massimo controllo del pattern orizzontale e quando viene aggiunto alla base di array Q1. Il Q7 pu\u00f2 essere utilizzato come sistema indipendente a gamma completa, in combinazione con altri cabinet della Serie Q impilati a terra o montati su un supporto alto con una staffa girevole. Possono anche essere combinati in sistemi ad array volanti. Il mobile Q7 \u00e8 costruito in compensato marino e presenta una verniciatura resistente agli urti. La parte anteriore del cabinet del diffusore \u00e8 protetta da una griglia metallica rigida, ricoperta da una schiuma acusticamente trasparente sostituibile. Il cabinet incorpora una coppia di maniglie e sul pannello posteriore sono montati due connettori EP5 o NL4 collegati in parallelo.<\/p>\n","protected":false},"featured_media":15202,"template":"","meta":{"_monsterinsights_skip_tracking":false,"_monsterinsights_sitenote_active":false,"_monsterinsights_sitenote_note":"","_monsterinsights_sitenote_category":0},"product_brand":[],"product_cat":[1343],"product_tag":[1681,1756,1757],"class_list":{"0":"post-16207","1":"product","2":"type-product","3":"status-publish","4":"has-post-thumbnail","6":"product_cat-audio-equipment-it","7":"product_tag-loudspeaker-it","8":"product_tag-q7-it","9":"product_tag-rent-italy-db-it","11":"first","12":"instock","13":"shipping-taxable","14":"purchasable","15":"product-type-simple"},"aioseo_notices":[],"_links":{"self":[{"href":"https:\/\/www.eventixgroup.it\/it\/wp-json\/wp\/v2\/product\/16207","targetHints":{"allow":["GET"]}}],"collection":[{"href":"https:\/\/www.eventixgroup.it\/it\/wp-json\/wp\/v2\/product"}],"about":[{"href":"https:\/\/www.eventixgroup.it\/it\/wp-json\/wp\/v2\/types\/product"}],"wp:featuredmedia":[{"embeddable":true,"href":"https:\/\/www.eventixgroup.it\/it\/wp-json\/wp\/v2\/media\/15202"}],"wp:attachment":[{"href":"https:\/\/www.eventixgroup.it\/it\/wp-json\/wp\/v2\/media?parent=16207"}],"wp:term":[{"taxonomy":"product_brand","embeddable":true,"href":"https:\/\/www.eventixgroup.it\/it\/wp-json\/wp\/v2\/product_brand?post=16207"},{"taxonomy":"product_cat","embeddable":true,"href":"https:\/\/www.eventixgroup.it\/it\/wp-json\/wp\/v2\/product_cat?post=16207"},{"taxonomy":"product_tag","embeddable":true,"href":"https:\/\/www.eventixgroup.it\/it\/wp-json\/wp\/v2\/product_tag?post=16207"}],"curies":[{"name":"wp","href":"https:\/\/api.w.org\/{rel}","templated":true}]}}