{"id":16206,"date":"2019-01-10T09:28:58","date_gmt":"2019-01-10T08:28:58","guid":{"rendered":"http:\/\/www.eventixgroup.it\/product\/db-e6-loudspeaker\/"},"modified":"2023-11-20T16:06:38","modified_gmt":"2023-11-20T15:06:38","slug":"db-e6-loudspeaker","status":"publish","type":"product","link":"https:\/\/www.eventixgroup.it\/it\/prodotto\/db-e6-loudspeaker\/","title":{"rendered":"d&amp;b E6 loudspeaker"},"content":{"rendered":"","protected":false},"excerpt":{"rendered":"<p style=\"text-align: justify;\">L&#8217;E6 \u00e8 un diffusore multifunzione di dimensioni relativamente ridotte e ad alte prestazioni, che utilizza un altoparlante coassiale integrato. La testata, con un diagramma di dispersione di 100\u00b0 x 55\u00b0, pu\u00f2 essere facilmente ruotata di 90\u00b0 per ottenere un diagramma di 55\u00b0 x 100\u00b0 senza l&#8217;uso di attrezzi. Ci\u00f2 consente di installare il diffusore in verticale o in orizzontale. Il design distintivo del cabinet e l&#8217;ampia gamma di accessori consentono un facile impiego in quasi tutte le situazioni, compreso il monitoraggio del palco. Offre una soluzione di rinforzo molto compatta che entusiasma per la sua qualit\u00e0 sonora ed \u00e8 perfettamente compatibile con i diffusori pi\u00f9 grandi E8 ed E12. Con l&#8217;aggiunta di un subwoofer E12X o di qualsiasi altro subwoofer della Serie E, pu\u00f2 riprodurre anche programmi musicali di alto livello. L&#8217;armadietto E6 ha una verniciatura resistente agli urti che incorpora una maniglia. Il cabinet del diffusore \u00e8 disponibile anche nelle opzioni Special Colour (SC) e Weather Resistant (WR). Entrambe le opzioni sono fornite con una piastra metallica del colore specificato che copre l&#8217;incavo della maniglia.<\/p>\n","protected":false},"featured_media":15210,"template":"","meta":{"_monsterinsights_skip_tracking":false,"_monsterinsights_sitenote_active":false,"_monsterinsights_sitenote_note":"","_monsterinsights_sitenote_category":0},"product_brand":[],"product_cat":[1343],"product_tag":[1703,1754,1755,1681],"class_list":{"0":"post-16206","1":"product","2":"type-product","3":"status-publish","4":"has-post-thumbnail","6":"product_cat-audio-equipment-it","7":"product_tag-db-it","8":"product_tag-e6-it","9":"product_tag-high-performance-it","10":"product_tag-loudspeaker-it","12":"first","13":"instock","14":"shipping-taxable","15":"product-type-simple"},"aioseo_notices":[],"_links":{"self":[{"href":"https:\/\/www.eventixgroup.it\/it\/wp-json\/wp\/v2\/product\/16206","targetHints":{"allow":["GET"]}}],"collection":[{"href":"https:\/\/www.eventixgroup.it\/it\/wp-json\/wp\/v2\/product"}],"about":[{"href":"https:\/\/www.eventixgroup.it\/it\/wp-json\/wp\/v2\/types\/product"}],"wp:featuredmedia":[{"embeddable":true,"href":"https:\/\/www.eventixgroup.it\/it\/wp-json\/wp\/v2\/media\/15210"}],"wp:attachment":[{"href":"https:\/\/www.eventixgroup.it\/it\/wp-json\/wp\/v2\/media?parent=16206"}],"wp:term":[{"taxonomy":"product_brand","embeddable":true,"href":"https:\/\/www.eventixgroup.it\/it\/wp-json\/wp\/v2\/product_brand?post=16206"},{"taxonomy":"product_cat","embeddable":true,"href":"https:\/\/www.eventixgroup.it\/it\/wp-json\/wp\/v2\/product_cat?post=16206"},{"taxonomy":"product_tag","embeddable":true,"href":"https:\/\/www.eventixgroup.it\/it\/wp-json\/wp\/v2\/product_tag?post=16206"}],"curies":[{"name":"wp","href":"https:\/\/api.w.org\/{rel}","templated":true}]}}