{"id":16199,"date":"2019-01-13T11:27:27","date_gmt":"2019-01-13T10:27:27","guid":{"rendered":"http:\/\/www.eventixgroup.it\/product\/dpa-4099\/"},"modified":"2023-11-20T17:44:38","modified_gmt":"2023-11-20T16:44:38","slug":"dpa-4099","status":"publish","type":"product","link":"https:\/\/www.eventixgroup.it\/it\/prodotto\/dpa-4099\/","title":{"rendered":"DPA 4099"},"content":{"rendered":"","protected":false},"excerpt":{"rendered":"<p style=\"text-align: justify;\">Design del microfono per strumenti<br \/>\nQuando si parla di versatilit\u00e0, nessun microfono pu\u00f2 fare di pi\u00f9 del d:vote\u2122 CORE 4099 Instrument Microphone. Potete usarlo oggi in studio e domani durante le vostre performance dal vivo.<br \/>\nProgettato con uno schema polare supercardioide per un&#8217;elevata reiezione e un guadagno superiore prima del feedback, il microfono mantiene una risposta in frequenza fuori asse estremamente uniforme. \u00c8 inoltre dotato di un design migliorato per il montaggio degli ammortizzatori, di una scelta di cavi staccabili in due diametri e di un versatile estensore a collo d&#8217;oca.<br \/>\nNoti per le dimensioni discrete e l&#8217;eleganza, questi microfoni sono caratterizzati da un design leggero. Tuttavia, i microfoni per strumenti d:vote\u2122 CORE 4099 sono anche robusti. Il versatile sistema a &#8220;collo d&#8217;oca&#8221; assicura un posizionamento stabile e ripetibile. I microfoni possono essere facilmente sganciati e riposizionati o spostati su un altro strumento. Il sistema di montaggio \u00e8 progettato per non rovinare o graffiare la finitura dello strumento. Il design flessibile supporta un&#8217;ampia variet\u00e0 di possibilit\u00e0 di montaggio e posizionamento.<\/p>\n","protected":false},"featured_media":14632,"template":"","meta":{"_monsterinsights_skip_tracking":false,"_monsterinsights_sitenote_active":false,"_monsterinsights_sitenote_note":"","_monsterinsights_sitenote_category":0},"product_brand":[],"product_cat":[1343],"product_tag":[1445,1713,1425,1740],"class_list":{"0":"post-16199","1":"product","2":"type-product","3":"status-publish","4":"has-post-thumbnail","6":"product_cat-audio-equipment-it","7":"product_tag-4099-it","8":"product_tag-audio-it","9":"product_tag-dpa-it","10":"product_tag-microfono-it","12":"first","13":"instock","14":"shipping-taxable","15":"product-type-simple"},"aioseo_notices":[],"_links":{"self":[{"href":"https:\/\/www.eventixgroup.it\/it\/wp-json\/wp\/v2\/product\/16199","targetHints":{"allow":["GET"]}}],"collection":[{"href":"https:\/\/www.eventixgroup.it\/it\/wp-json\/wp\/v2\/product"}],"about":[{"href":"https:\/\/www.eventixgroup.it\/it\/wp-json\/wp\/v2\/types\/product"}],"wp:featuredmedia":[{"embeddable":true,"href":"https:\/\/www.eventixgroup.it\/it\/wp-json\/wp\/v2\/media\/14632"}],"wp:attachment":[{"href":"https:\/\/www.eventixgroup.it\/it\/wp-json\/wp\/v2\/media?parent=16199"}],"wp:term":[{"taxonomy":"product_brand","embeddable":true,"href":"https:\/\/www.eventixgroup.it\/it\/wp-json\/wp\/v2\/product_brand?post=16199"},{"taxonomy":"product_cat","embeddable":true,"href":"https:\/\/www.eventixgroup.it\/it\/wp-json\/wp\/v2\/product_cat?post=16199"},{"taxonomy":"product_tag","embeddable":true,"href":"https:\/\/www.eventixgroup.it\/it\/wp-json\/wp\/v2\/product_tag?post=16199"}],"curies":[{"name":"wp","href":"https:\/\/api.w.org\/{rel}","templated":true}]}}