{"id":16198,"date":"2019-01-13T11:48:43","date_gmt":"2019-01-13T10:48:43","guid":{"rendered":"http:\/\/www.eventixgroup.it\/product\/dpa-dfine-4088\/"},"modified":"2023-11-20T17:37:33","modified_gmt":"2023-11-20T16:37:33","slug":"dpa-dfine-4088","status":"publish","type":"product","link":"https:\/\/www.eventixgroup.it\/it\/prodotto\/dpa-dfine-4088\/","title":{"rendered":"DPA DFine 4088"},"content":{"rendered":"","protected":false},"excerpt":{"rendered":"<p style=\"text-align: justify;\">Questo microfono offre un&#8217;eccellente reiezione fuori asse in situazioni ad alto SPL. Sopprime efficacemente le sorgenti sonore distanti, rendendolo perfetto per gli ambienti di spettacolo dal vivo pi\u00f9 esigenti, dove il rumore di fondo e il feedback sono un problema. In eventi ad alto volume o quando il feedback \u00e8 un problema, questo microfono affronta queste sfide con facilit\u00e0. La risposta dei bassi \u00e8 progettata per ottenere una linearit\u00e0 ottimale a 2-3 cm dalla sorgente sonora. Ci\u00f2 significa che il roll-off dei bassi sar\u00e0 relativamente prominente a una distanza maggiore, un fattore fondamentale quando si tratta di respingere il rumore di fondo e di evitare il feedback.<br \/>\nIl design liscio ed elegante del microfono per cuffie direzionali d:fine\u2122 4088 lo rende il microfono cardioide vero e proprio da indossare sulla testa pi\u00f9 invisibile al mondo. Questo microfono ha un design sicuro a doppio orecchio che pu\u00f2 essere utilizzato per varie applicazioni di spettacolo. Ha un diametro ridotto di 0,64 cm, che ne consente un uso discreto. Pesa solo 14 g ed \u00e8 molto comodo se indossato per lunghi periodi. Il microfono pu\u00f2 essere montato sul lato destro o sinistro.<\/p>\n","protected":false},"featured_media":14633,"template":"","meta":{"_monsterinsights_skip_tracking":false,"_monsterinsights_sitenote_active":false,"_monsterinsights_sitenote_note":"","_monsterinsights_sitenote_category":0},"product_brand":[],"product_cat":[1343],"product_tag":[1713,1739,1425,1740],"class_list":{"0":"post-16198","1":"product","2":"type-product","3":"status-publish","4":"has-post-thumbnail","6":"product_cat-audio-equipment-it","7":"product_tag-audio-it","8":"product_tag-dfine-4088-it","9":"product_tag-dpa-it","10":"product_tag-microfono-it","12":"first","13":"instock","14":"shipping-taxable","15":"product-type-simple"},"aioseo_notices":[],"_links":{"self":[{"href":"https:\/\/www.eventixgroup.it\/it\/wp-json\/wp\/v2\/product\/16198","targetHints":{"allow":["GET"]}}],"collection":[{"href":"https:\/\/www.eventixgroup.it\/it\/wp-json\/wp\/v2\/product"}],"about":[{"href":"https:\/\/www.eventixgroup.it\/it\/wp-json\/wp\/v2\/types\/product"}],"wp:featuredmedia":[{"embeddable":true,"href":"https:\/\/www.eventixgroup.it\/it\/wp-json\/wp\/v2\/media\/14633"}],"wp:attachment":[{"href":"https:\/\/www.eventixgroup.it\/it\/wp-json\/wp\/v2\/media?parent=16198"}],"wp:term":[{"taxonomy":"product_brand","embeddable":true,"href":"https:\/\/www.eventixgroup.it\/it\/wp-json\/wp\/v2\/product_brand?post=16198"},{"taxonomy":"product_cat","embeddable":true,"href":"https:\/\/www.eventixgroup.it\/it\/wp-json\/wp\/v2\/product_cat?post=16198"},{"taxonomy":"product_tag","embeddable":true,"href":"https:\/\/www.eventixgroup.it\/it\/wp-json\/wp\/v2\/product_tag?post=16198"}],"curies":[{"name":"wp","href":"https:\/\/api.w.org\/{rel}","templated":true}]}}