{"id":16183,"date":"2019-01-15T12:58:35","date_gmt":"2019-01-15T11:58:35","guid":{"rendered":"http:\/\/www.eventixgroup.it\/product\/barco-hdx-w20-flex\/"},"modified":"2023-11-20T17:23:50","modified_gmt":"2023-11-20T16:23:50","slug":"barco-hdx-w20-flex","status":"publish","type":"product","link":"https:\/\/www.eventixgroup.it\/it\/prodotto\/barco-hdx-w20-flex\/","title":{"rendered":"BARCO HDX-W20 Flex"},"content":{"rendered":"","protected":false},"excerpt":{"rendered":"<p style=\"text-align: justify;\">L&#8217;HDX-W20 FLEX \u00e8 il proiettore rugged pi\u00f9 compatto che offre una potenza luminosa di 20.000 lumen attualmente disponibile. Una delle sue caratteristiche pi\u00f9 evidenti \u00e8 che \u00e8 dotata di serie dell&#8217;opzione light-on-demand per un&#8217;emissione luminosa flessibile.<\/p>\n<h2>Scegli la luminosit\u00e0<\/h2>\n<p style=\"text-align: justify;\">Luce su richiesta: grazie alla funzione luce su richiesta, \u00e8 possibile regolare completamente l&#8217;emissione luminosa del proiettore in base all&#8217;evento: \u00e8 possibile programmare un&#8217;emissione luminosa da 10.000 a 20.000 lumen in 2.000 incrementi. Le societ\u00e0 di noleggio hanno ora la flessibilit\u00e0 di offrire ai propri clienti la potenza luminosa desiderata.<\/p>\n<h2>Scalabilit\u00e0 flessibile<\/h2>\n<p style=\"text-align: justify;\">Basato sulla rinomata serie ImagePRO di Barco con scaler AthenaTM , l&#8217;HDX \u00e8 dotato di un&#8217;elaborazione delle immagini integrata per una scalatura illimitata e flessibile. Questo stimola la creativit\u00e0 e riduce al minimo il tempo necessario per portare le fonti sullo schermo.<\/p>\n<h2>Anteprima rapida e controllo wireless<\/h2>\n<p style=\"text-align: justify;\">Lo schermo LCD a colori integrato dell&#8217;HDX-W20 FLEX fornisce tutte le informazioni necessarie sullo stato del proiettore e consente di visualizzare in anteprima le sorgenti collegate. Sia da un PC centrale che tramite l&#8217;applicazione di controllo del proiettore Android per smartphone o tablet, rimarrete sempre connessi all&#8217;HDX.<\/p>\n<h2>Compatibilit\u00e0 3G\/BarcoLink<\/h2>\n<p style=\"text-align: justify;\">L&#8217;HDX-W20 FLEX dispone di un ingresso nativo 3G HDSDI\/SDI, che lo rende compatibile con le sorgenti HD progressive attraverso un singolo cavo BNC. Ci\u00f2 significa anche che l&#8217;HDX consente ingressi digitali che non passano attraverso i fragili cavi in fibra DVI. Inoltre, i proiettori sono dotati di BarcoLink, che consente la distribuzione progressiva del segnale WUXGA 50\/59,94\/60 Hz su un unico cavo coassiale BNC.<\/p>\n<h2>Proiettore compatto con soli cinque elementi costruttivi<\/h2>\n<p style=\"text-align: justify;\">Essendo il proiettore HDX-W20 FLEX il pi\u00f9 piccolo e il pi\u00f9 leggero proiettore da 20.000 lumen sul mercato, pu\u00f2 essere facilmente imballato e spedito e pu\u00f2 essere inserito in flight case standard. Presenta solo cinque blocchi di costruzione che possono essere rimossi e sostituiti rapidamente.<\/p>\n","protected":false},"featured_media":14647,"template":"","meta":{"_monsterinsights_skip_tracking":false,"_monsterinsights_sitenote_active":false,"_monsterinsights_sitenote_note":"","_monsterinsights_sitenote_category":0},"product_brand":[],"product_cat":[1348],"product_tag":[1678,1697,1698,1699],"class_list":{"0":"post-16183","1":"product","2":"type-product","3":"status-publish","4":"has-post-thumbnail","6":"product_cat-projectors-screens-it","7":"product_tag-audiovisual-services-italy-it","8":"product_tag-event-facilities-rome-it","9":"product_tag-hdx-w20-flex-it","10":"product_tag-video-mapping-italy-it","12":"first","13":"instock","14":"shipping-taxable","15":"purchasable","16":"product-type-simple"},"aioseo_notices":[],"_links":{"self":[{"href":"https:\/\/www.eventixgroup.it\/it\/wp-json\/wp\/v2\/product\/16183","targetHints":{"allow":["GET"]}}],"collection":[{"href":"https:\/\/www.eventixgroup.it\/it\/wp-json\/wp\/v2\/product"}],"about":[{"href":"https:\/\/www.eventixgroup.it\/it\/wp-json\/wp\/v2\/types\/product"}],"wp:featuredmedia":[{"embeddable":true,"href":"https:\/\/www.eventixgroup.it\/it\/wp-json\/wp\/v2\/media\/14647"}],"wp:attachment":[{"href":"https:\/\/www.eventixgroup.it\/it\/wp-json\/wp\/v2\/media?parent=16183"}],"wp:term":[{"taxonomy":"product_brand","embeddable":true,"href":"https:\/\/www.eventixgroup.it\/it\/wp-json\/wp\/v2\/product_brand?post=16183"},{"taxonomy":"product_cat","embeddable":true,"href":"https:\/\/www.eventixgroup.it\/it\/wp-json\/wp\/v2\/product_cat?post=16183"},{"taxonomy":"product_tag","embeddable":true,"href":"https:\/\/www.eventixgroup.it\/it\/wp-json\/wp\/v2\/product_tag?post=16183"}],"curies":[{"name":"wp","href":"https:\/\/api.w.org\/{rel}","templated":true}]}}