{"id":16178,"date":"2019-01-16T01:35:33","date_gmt":"2019-01-16T00:35:33","guid":{"rendered":"http:\/\/www.eventixgroup.it\/product\/barco-udx-4k32-laser-projector-32-000-ansilumen-rent\/"},"modified":"2025-08-27T10:48:13","modified_gmt":"2025-08-27T08:48:13","slug":"barco-udx-4k32-laser-projector-32-000-ansilumen-rent","status":"publish","type":"product","link":"https:\/\/www.eventixgroup.it\/it\/prodotto\/barco-udx-4k32-laser-projector-32-000-ansilumen-rent\/","title":{"rendered":"Barco UDX-4K32 proiettore laser 32.000 ansilumen"},"content":{"rendered":"<p>La gamma di prodotti UDX offre esperienza d\u2019uso eccezionale e risparmio su installazione e tempi di consegna. In questo modo, diminuiscono sensibilmente i costi. I proiettori laser UDX sono i pi\u00f9 compatti e ad alta luminosit\u00e0 del mercato, dotati di sistema di raffreddamento integrato. Offrono inoltre immagini 4K molto nitide e affidabili per qualsiasi evento e luogo.<\/p>\n<p>Il prodotto UDX-4K32 include risoluzione 4K UHD e uscita luminosa da 31.000 lumen, caratteristiche che assicurano proiezioni impeccabili con visualizzazione dei colori accurata in qualsiasi situazione. La funzione <strong>Constant Light Output (CLO)<\/strong> assicura tranquillit\u00e0 perch\u00e9 offre <strong>luminosit\u00e0 e colori costanti <\/strong>in qualsiasi momento. La piattaforma UDX offre <strong>lo spettro cromatico pi\u00f9 ampio <\/strong>del settore. Senza rinunciare alla luminosit\u00e0, la qualit\u00e0 dei colori dei prodotti UDX corrisponde alla qualit\u00e0 Xenon aggiornata e supera i requisiti dello spazio colori previsti dalla Rec. 709<\/p>\n","protected":false},"excerpt":{"rendered":"<p>Barco UDX-4K32 proiettore laser 32.000 ansilumen<\/p>\n<p>&nbsp;<\/p>\n<p>La gamma di prodotti UDX offre esperienza d\u2019uso eccezionale e risparmio su installazione e tempi di consegna. In questo modo, diminuiscono sensibilmente i costi. I proiettori laser UDX sono i pi\u00f9 compatti e ad alta luminosit\u00e0 del mercato, dotati di sistema di raffreddamento integrato. Offrono inoltre immagini 4K molto nitide e affidabili per qualsiasi evento e luogo.<\/p>\n<p>Il prodotto UDX-4K32 include risoluzione 4K UHD e uscita luminosa da 31.000 lumen, caratteristiche che assicurano proiezioni impeccabili con visualizzazione dei colori accurata in qualsiasi situazione. La funzione <strong>Constant Light Output (CLO)<\/strong> assicura tranquillit\u00e0 perch\u00e9 offre <strong>luminosit\u00e0 e colori costanti <\/strong>in qualsiasi momento. La piattaforma UDX offre <strong>lo spettro cromatico pi\u00f9 ampio <\/strong>del settore. Senza rinunciare alla luminosit\u00e0, la qualit\u00e0 dei colori dei prodotti UDX corrisponde alla qualit\u00e0 Xenon aggiornata e supera i requisiti dello spazio colori previsti dalla Rec. 709<\/p>\n","protected":false},"featured_media":15919,"template":"","meta":{"_monsterinsights_skip_tracking":false,"_monsterinsights_sitenote_active":false,"_monsterinsights_sitenote_note":"","_monsterinsights_sitenote_category":0},"product_brand":[],"product_cat":[1348],"product_tag":[1678,1679,1680],"class_list":{"0":"post-16178","1":"product","2":"type-product","3":"status-publish","4":"has-post-thumbnail","6":"product_cat-projectors-screens-it","7":"product_tag-audiovisual-services-italy-it","8":"product_tag-rent-barco-32k-4k-laser-projector-it","9":"product_tag-rental-company-av-rome-it","11":"first","12":"instock","13":"shipping-taxable","14":"purchasable","15":"product-type-simple"},"aioseo_notices":[],"_links":{"self":[{"href":"https:\/\/www.eventixgroup.it\/it\/wp-json\/wp\/v2\/product\/16178","targetHints":{"allow":["GET"]}}],"collection":[{"href":"https:\/\/www.eventixgroup.it\/it\/wp-json\/wp\/v2\/product"}],"about":[{"href":"https:\/\/www.eventixgroup.it\/it\/wp-json\/wp\/v2\/types\/product"}],"wp:featuredmedia":[{"embeddable":true,"href":"https:\/\/www.eventixgroup.it\/it\/wp-json\/wp\/v2\/media\/15919"}],"wp:attachment":[{"href":"https:\/\/www.eventixgroup.it\/it\/wp-json\/wp\/v2\/media?parent=16178"}],"wp:term":[{"taxonomy":"product_brand","embeddable":true,"href":"https:\/\/www.eventixgroup.it\/it\/wp-json\/wp\/v2\/product_brand?post=16178"},{"taxonomy":"product_cat","embeddable":true,"href":"https:\/\/www.eventixgroup.it\/it\/wp-json\/wp\/v2\/product_cat?post=16178"},{"taxonomy":"product_tag","embeddable":true,"href":"https:\/\/www.eventixgroup.it\/it\/wp-json\/wp\/v2\/product_tag?post=16178"}],"curies":[{"name":"wp","href":"https:\/\/api.w.org\/{rel}","templated":true}]}}