{"id":16173,"date":"2019-01-28T14:57:01","date_gmt":"2019-01-28T13:57:01","guid":{"rendered":"http:\/\/www.eventixgroup.it\/product\/k-eye-k10-hcr\/"},"modified":"2023-11-20T16:33:06","modified_gmt":"2023-11-20T15:33:06","slug":"k-eye-k10-hcr","status":"publish","type":"product","link":"https:\/\/www.eventixgroup.it\/it\/prodotto\/k-eye-k10-hcr\/","title":{"rendered":"K-EYE K10 HCR"},"content":{"rendered":"","protected":false},"excerpt":{"rendered":"<p style=\"text-align: justify;\">K-EYE HCR \u00e8 una luce wash a LED che offre un controllo totale sulla qualit\u00e0 di tutte le forme di luce bianca o colorata. La nuova tecnologia HCR utilizzata nei K-EYE \u00e8 una piattaforma elettronica esclusiva sviluppata da Claypaky in collaborazione con Osram per rispondere alle esigenze dei lighting designer di tutto il mondo che non erano pienamente soddisfatti delle prestazioni dei dispositivi LED rispetto alle lampade tradizionali, in particolare a causa della gamma cromatica incompleta, dello scarso indice di resa cromatica e della mancanza di coerenza. Tutte queste limitazioni sono state superate nel K-EYE HCR, ed \u00e8 finalmente possibile produrre ogni colore, ogni sfumatura e ogni tonalit\u00e0 con una qualit\u00e0 soddisfacente. Il cuore della lampada wash K-EYE HCR \u00e8 una sorgente luminosa a LED costituita da un modulo con sei chip, ciascuno per un colore diverso: oltre ai tre &#8220;classici&#8221; colori di base rosso, verde e blu, Claypaky ha aggiunto ambra, ciano e lime. Questo esclusivo dispositivo Claypaky offre una gamma di colori molto ampia con un&#8217;eccellente copertura dello spettro cromatico.<\/p>\n<h2><\/h2>\n<h2>CARATTERISTICHE:<\/h2>\n<ul>\n<li>Luce wash a testa mobile a LED avanzata<\/li>\n<li>Sorgenti luminose: 19 moduli LED<\/li>\n<li>Modulo LED a 6 colori: RGB + ambra + ciano + lime<\/li>\n<li>Vita media nominale del modulo LED: 50.000 h<\/li>\n<li>CRI &gt; 97 (fino a 99)<\/li>\n<li>Correzione della temperatura di colore 2500K-8000K.<\/li>\n<li>Controllo del colore: Modalit\u00e0 RAW, HSL, RGB, CMY<\/li>\n<li>Canale macro a colori dedicato<\/li>\n<li>Algoritmo software di Osram<\/li>\n<li>6\u00b0- 50\u00b0 zoom lineare<\/li>\n<li>Dimmer elettronico lineare, 16 bit<\/li>\n<li>Cornice opzionale per gel esterni e filtri antigelo<\/li>\n<li>Cappello a cilindro opzionale<\/li>\n<li>Protocolli\/Funzioni: RDM, server web e ArtNet<\/li>\n<li>Totalmente privo di sfarfallii<\/li>\n<li>Molto silenzioso: 40,5 dB(A)<\/li>\n<\/ul>\n","protected":false},"featured_media":15152,"template":"","meta":{"_monsterinsights_skip_tracking":false,"_monsterinsights_sitenote_active":false,"_monsterinsights_sitenote_note":"","_monsterinsights_sitenote_category":0},"product_brand":[],"product_cat":[1347],"product_tag":[1651,1652,1653,1654,1655,1656,1657,1658,1659,1660],"class_list":{"0":"post-16173","1":"product","2":"type-product","3":"status-publish","4":"has-post-thumbnail","6":"product_cat-lighting-equipment-it","7":"product_tag-colored-light-it","8":"product_tag-hcr-it","9":"product_tag-k-eye-it","10":"product_tag-k10-it","11":"product_tag-led-it","12":"product_tag-light-it","13":"product_tag-light-and-structure-facilityes-italy-claypaky-it","14":"product_tag-light-services-it","15":"product_tag-quality-it","16":"product_tag-rental-lighing-it","18":"first","19":"instock","20":"shipping-taxable","21":"purchasable","22":"product-type-simple"},"aioseo_notices":[],"_links":{"self":[{"href":"https:\/\/www.eventixgroup.it\/it\/wp-json\/wp\/v2\/product\/16173","targetHints":{"allow":["GET"]}}],"collection":[{"href":"https:\/\/www.eventixgroup.it\/it\/wp-json\/wp\/v2\/product"}],"about":[{"href":"https:\/\/www.eventixgroup.it\/it\/wp-json\/wp\/v2\/types\/product"}],"wp:featuredmedia":[{"embeddable":true,"href":"https:\/\/www.eventixgroup.it\/it\/wp-json\/wp\/v2\/media\/15152"}],"wp:attachment":[{"href":"https:\/\/www.eventixgroup.it\/it\/wp-json\/wp\/v2\/media?parent=16173"}],"wp:term":[{"taxonomy":"product_brand","embeddable":true,"href":"https:\/\/www.eventixgroup.it\/it\/wp-json\/wp\/v2\/product_brand?post=16173"},{"taxonomy":"product_cat","embeddable":true,"href":"https:\/\/www.eventixgroup.it\/it\/wp-json\/wp\/v2\/product_cat?post=16173"},{"taxonomy":"product_tag","embeddable":true,"href":"https:\/\/www.eventixgroup.it\/it\/wp-json\/wp\/v2\/product_tag?post=16173"}],"curies":[{"name":"wp","href":"https:\/\/api.w.org\/{rel}","templated":true}]}}