{"id":16172,"date":"2019-01-28T16:54:55","date_gmt":"2019-01-28T15:54:55","guid":{"rendered":"http:\/\/www.eventixgroup.it\/product\/clay-paky-alphaspot800-qwo\/"},"modified":"2023-11-20T17:11:02","modified_gmt":"2023-11-20T16:11:02","slug":"clay-paky-alphaspot800-qwo","status":"publish","type":"product","link":"https:\/\/www.eventixgroup.it\/it\/prodotto\/clay-paky-alphaspot800-qwo\/","title":{"rendered":"Clay Paky Alphaspot800 &#8211; QWO"},"content":{"rendered":"","protected":false},"excerpt":{"rendered":"<p style=\"text-align: justify;\">Alpha Spot QWO 800 utilizza la pi\u00f9 recente lampada MSR Platinum, una sorgente luminosa da 800W che produce un&#8217;intensa luce scintillante, pi\u00f9 luminosa anche delle vecchie lampade da 1200W. Inoltre, Alpha Spot QWO 800 \u00e8 dotato di caratteristiche ottiche che lo pongono ai vertici della categoria, tra cui un&#8217;ampia gamma di zoom da 7,6\u00b0 a 55\u00b0, una distribuzione uniforme del fascio a tutti gli angoli di zoom e un&#8217;esclusiva funzione Stay-Sharp-Zoom che blocca le immagini a fuoco durante lo zoom.<br \/>\nDyna-Cue-Creator \u00e8 uno strumento potente che non solo velocizza la programmazione, ma sincronizza automaticamente gli effetti in un modo che sarebbe molto complesso da programmare manualmente.<br \/>\nStruttura piccola e leggera, impressionante gamma di zoom, eccellente luminosit\u00e0, fascio uniforme, basso consumo: queste sono solo alcune delle caratteristiche che rendono l&#8217;Alpha Spot QWO 800 uno strumento eccellente per la TV, il teatro, gli eventi aziendali e innumerevoli altre applicazioni di illuminazione impegnative.<\/p>\n","protected":false},"featured_media":14689,"template":"","meta":{"_monsterinsights_skip_tracking":false,"_monsterinsights_sitenote_active":false,"_monsterinsights_sitenote_note":"","_monsterinsights_sitenote_category":0},"product_brand":[],"product_cat":[1347],"product_tag":[1645,1646,1647,1648],"class_list":{"0":"post-16172","1":"product","2":"type-product","3":"status-publish","4":"has-post-thumbnail","6":"product_cat-lighting-equipment-it","7":"product_tag-light-service-italy-it","8":"product_tag-light-show-italy-claypaky-it","9":"product_tag-rental-italy-lighing-it","10":"product_tag-sharpy-beam-it","12":"first","13":"instock","14":"shipping-taxable","15":"purchasable","16":"product-type-simple"},"aioseo_notices":[],"_links":{"self":[{"href":"https:\/\/www.eventixgroup.it\/it\/wp-json\/wp\/v2\/product\/16172","targetHints":{"allow":["GET"]}}],"collection":[{"href":"https:\/\/www.eventixgroup.it\/it\/wp-json\/wp\/v2\/product"}],"about":[{"href":"https:\/\/www.eventixgroup.it\/it\/wp-json\/wp\/v2\/types\/product"}],"wp:featuredmedia":[{"embeddable":true,"href":"https:\/\/www.eventixgroup.it\/it\/wp-json\/wp\/v2\/media\/14689"}],"wp:attachment":[{"href":"https:\/\/www.eventixgroup.it\/it\/wp-json\/wp\/v2\/media?parent=16172"}],"wp:term":[{"taxonomy":"product_brand","embeddable":true,"href":"https:\/\/www.eventixgroup.it\/it\/wp-json\/wp\/v2\/product_brand?post=16172"},{"taxonomy":"product_cat","embeddable":true,"href":"https:\/\/www.eventixgroup.it\/it\/wp-json\/wp\/v2\/product_cat?post=16172"},{"taxonomy":"product_tag","embeddable":true,"href":"https:\/\/www.eventixgroup.it\/it\/wp-json\/wp\/v2\/product_tag?post=16172"}],"curies":[{"name":"wp","href":"https:\/\/api.w.org\/{rel}","templated":true}]}}