{"id":16087,"date":"2019-01-16T02:29:13","date_gmt":"2019-01-24T22:41:03","guid":{"rendered":"http:\/\/www.eventixgroup.it\/product\/rent-led-screen-unitech-3-75mm-indoor\/"},"modified":"2023-09-05T14:44:35","modified_gmt":"2023-09-05T12:44:35","slug":"rent-led-screen-unitech-3-75mm-indoor","status":"publish","type":"product","link":"https:\/\/www.eventixgroup.it\/it\/prodotto\/rent-led-screen-unitech-3-75mm-indoor\/","title":{"rendered":"Rent LED Screen Unitech 3.75mm indoor"},"content":{"rendered":"<p class=\"p1\">X series video panels \u00e8 una serie di display per uso indoor ad altissima risoluzione ed elevata luminosit\u00e0 sviluppati dalla Unitech grazie alla vasta esperienza maturata nel campo della trasmissione video.<\/p>\n<p class=\"p1\">La X serie di Unitech rappresenta una scelta eccellente per qualit\u00e0 ed affidabilit\u00e0: altissimo contrasto, un record per la categoria per Dot Pitch fino a 1.9mm, velocit\u00e0 di montaggio, leggerezza, affidabilit\u00e0 e soprattutto performance video di rilievo.<\/p>\n","protected":false},"excerpt":{"rendered":"<p class=\"p1\">Rent of 850 tiles of unitech led screen 3.75mm indoor X3<\/p>\n","protected":false},"featured_media":15947,"template":"","meta":{"_monsterinsights_skip_tracking":false,"_monsterinsights_sitenote_active":false,"_monsterinsights_sitenote_note":"","_monsterinsights_sitenote_category":0},"product_brand":[],"product_cat":[1348],"product_tag":[3250,3249],"class_list":{"0":"post-16087","1":"product","2":"type-product","3":"status-publish","4":"has-post-thumbnail","6":"product_cat-projectors-screens-it","7":"product_tag-audiovisual-service-it","8":"product_tag-led-screen-rent-italy-it","10":"first","11":"instock","12":"shipping-taxable","13":"purchasable","14":"product-type-simple"},"aioseo_notices":[],"_links":{"self":[{"href":"https:\/\/www.eventixgroup.it\/it\/wp-json\/wp\/v2\/product\/16087","targetHints":{"allow":["GET"]}}],"collection":[{"href":"https:\/\/www.eventixgroup.it\/it\/wp-json\/wp\/v2\/product"}],"about":[{"href":"https:\/\/www.eventixgroup.it\/it\/wp-json\/wp\/v2\/types\/product"}],"wp:featuredmedia":[{"embeddable":true,"href":"https:\/\/www.eventixgroup.it\/it\/wp-json\/wp\/v2\/media\/15947"}],"wp:attachment":[{"href":"https:\/\/www.eventixgroup.it\/it\/wp-json\/wp\/v2\/media?parent=16087"}],"wp:term":[{"taxonomy":"product_brand","embeddable":true,"href":"https:\/\/www.eventixgroup.it\/it\/wp-json\/wp\/v2\/product_brand?post=16087"},{"taxonomy":"product_cat","embeddable":true,"href":"https:\/\/www.eventixgroup.it\/it\/wp-json\/wp\/v2\/product_cat?post=16087"},{"taxonomy":"product_tag","embeddable":true,"href":"https:\/\/www.eventixgroup.it\/it\/wp-json\/wp\/v2\/product_tag?post=16087"}],"curies":[{"name":"wp","href":"https:\/\/api.w.org\/{rel}","templated":true}]}}