{"id":20232,"date":"2021-08-27T12:54:25","date_gmt":"2021-08-27T10:54:25","guid":{"rendered":"https:\/\/www.eventixgroup.it\/servizi\/interventi-chirurgici\/"},"modified":"2021-08-27T12:54:29","modified_gmt":"2021-08-27T10:54:29","slug":"interventi-chirurgici","status":"publish","type":"page","link":"https:\/\/www.eventixgroup.it\/it\/servizi\/interventi-chirurgici\/","title":{"rendered":"Interventi chirurgici"},"content":{"rendered":"<div class=\"fusion-fullwidth fullwidth-box fusion-builder-row-1 fusion-flex-container nonhundred-percent-fullwidth non-hundred-percent-height-scrolling\" style=\"--awb-border-radius-top-left:0px;--awb-border-radius-top-right:0px;--awb-border-radius-bottom-right:0px;--awb-border-radius-bottom-left:0px;--awb-flex-wrap:wrap;\" ><div class=\"fusion-builder-row fusion-row fusion-flex-align-items-flex-start fusion-flex-content-wrap\" style=\"max-width:1144px;margin-left: calc(-4% \/ 2 );margin-right: calc(-4% \/ 2 );\"><div class=\"fusion-layout-column fusion_builder_column fusion-builder-column-0 fusion_builder_column_1_2 1_2 fusion-flex-column\" style=\"--awb-bg-size:cover;--awb-width-large:50%;--awb-margin-top-large:0px;--awb-spacing-right-large:3.84%;--awb-margin-bottom-large:20px;--awb-spacing-left-large:3.84%;--awb-width-medium:50%;--awb-spacing-right-medium:3.84%;--awb-spacing-left-medium:3.84%;--awb-width-small:100%;--awb-spacing-right-small:1.92%;--awb-spacing-left-small:1.92%;\"><div class=\"fusion-column-wrapper fusion-flex-justify-content-flex-start fusion-content-layout-column\"><div class=\"fusion-image-carousel fusion-image-carousel-auto fusion-image-carousel-1 fusion-carousel-border\"><div class=\"awb-carousel awb-swiper awb-swiper-carousel\" data-autoplay=\"no\" data-columns=\"1\" data-itemmargin=\"13\" data-itemwidth=\"180\" data-touchscroll=\"no\" data-imagesize=\"auto\" style=\"--awb-columns:1;\"><div class=\"swiper-wrapper awb-image-carousel-wrapper fusion-flex-align-items-center\"><div class=\"swiper-slide\"><div class=\"fusion-carousel-item-wrapper\"><div class=\"fusion-image-wrapper hover-type-none\"><img decoding=\"async\" width=\"1920\" height=\"1080\" src=\"https:\/\/www.eventixgroup.it\/wp-content\/uploads\/2019\/02\/Live-surgery_00.jpg\" class=\"attachment-full size-full\" alt=\"\" srcset=\"https:\/\/www.eventixgroup.it\/wp-content\/uploads\/2019\/02\/Live-surgery_00-200x113.jpg 200w, https:\/\/www.eventixgroup.it\/wp-content\/uploads\/2019\/02\/Live-surgery_00-300x169.jpg 300w, https:\/\/www.eventixgroup.it\/wp-content\/uploads\/2019\/02\/Live-surgery_00-320x180.jpg 320w, https:\/\/www.eventixgroup.it\/wp-content\/uploads\/2019\/02\/Live-surgery_00-360x203.jpg 360w, https:\/\/www.eventixgroup.it\/wp-content\/uploads\/2019\/02\/Live-surgery_00-400x225.jpg 400w, https:\/\/www.eventixgroup.it\/wp-content\/uploads\/2019\/02\/Live-surgery_00-500x281.jpg 500w, https:\/\/www.eventixgroup.it\/wp-content\/uploads\/2019\/02\/Live-surgery_00-600x338.jpg 600w, https:\/\/www.eventixgroup.it\/wp-content\/uploads\/2019\/02\/Live-surgery_00-640x360.jpg 640w, https:\/\/www.eventixgroup.it\/wp-content\/uploads\/2019\/02\/Live-surgery_00-700x394.jpg 700w, https:\/\/www.eventixgroup.it\/wp-content\/uploads\/2019\/02\/Live-surgery_00-720x405.jpg 720w, https:\/\/www.eventixgroup.it\/wp-content\/uploads\/2019\/02\/Live-surgery_00-768x432.jpg 768w, https:\/\/www.eventixgroup.it\/wp-content\/uploads\/2019\/02\/Live-surgery_00-800x450.jpg 800w, https:\/\/www.eventixgroup.it\/wp-content\/uploads\/2019\/02\/Live-surgery_00-1024x576.jpg 1024w, https:\/\/www.eventixgroup.it\/wp-content\/uploads\/2019\/02\/Live-surgery_00-1080x608.jpg 1080w, https:\/\/www.eventixgroup.it\/wp-content\/uploads\/2019\/02\/Live-surgery_00-1200x675.jpg 1200w, https:\/\/www.eventixgroup.it\/wp-content\/uploads\/2019\/02\/Live-surgery_00-1280x720.jpg 1280w, https:\/\/www.eventixgroup.it\/wp-content\/uploads\/2019\/02\/Live-surgery_00.jpg 1920w\" sizes=\"(max-width: 1920px) 100vw, 1920px\" \/><\/div><\/div><\/div><\/div><div class=\"awb-swiper-button awb-swiper-button-prev\"><i class=\"awb-icon-angle-left\" aria-hidden=\"true\"><\/i><\/div><div class=\"awb-swiper-button awb-swiper-button-next\"><i class=\"awb-icon-angle-right\" aria-hidden=\"true\"><\/i><\/div><\/div><\/div><\/div><\/div><div class=\"fusion-layout-column fusion_builder_column fusion-builder-column-1 fusion_builder_column_1_2 1_2 fusion-flex-column\" style=\"--awb-bg-size:cover;--awb-width-large:50%;--awb-margin-top-large:0px;--awb-spacing-right-large:3.84%;--awb-margin-bottom-large:20px;--awb-spacing-left-large:3.84%;--awb-width-medium:50%;--awb-spacing-right-medium:3.84%;--awb-spacing-left-medium:3.84%;--awb-width-small:100%;--awb-spacing-right-small:1.92%;--awb-spacing-left-small:1.92%;\"><div class=\"fusion-column-wrapper fusion-flex-justify-content-flex-start fusion-content-layout-column\"><div class=\"fusion-title title fusion-title-1 fusion-title-text fusion-title-size-one\"><div class=\"title-sep-container title-sep-container-left fusion-no-large-visibility fusion-no-medium-visibility fusion-no-small-visibility\"><div class=\"title-sep sep- sep-solid\" style=\"border-color:#e0dede;\"><\/div><\/div><span class=\"awb-title-spacer fusion-no-large-visibility fusion-no-medium-visibility fusion-no-small-visibility\"><\/span><h1 class=\"fusion-title-heading title-heading-left fusion-responsive-typography-calculated\" style=\"margin:0;--fontSize:33;line-height:1.45;\"><h3>Live Surgery<\/h3><\/h1><span class=\"awb-title-spacer\"><\/span><div class=\"title-sep-container title-sep-container-right\"><div class=\"title-sep sep- sep-solid\" style=\"border-color:#e0dede;\"><\/div><\/div><\/div><div class=\"fusion-text fusion-text-1\"><p style=\"text-align: justify;\">La sala operatoria non \u00e8 accessibile a tutte le persone che ne hanno bisogno per la loro formazione chirurgica. Studenti di medicina, medici generici e infermieri necessitano di pratica chirurgica, ma non \u00e8 cos\u00ec semplice partecipare. Supponiamo che un chirurgo da qualche parte nel mondo abbia bisogno di imparare una nuova tecnica per un caso difficile che non ha mai dovuto affrontare prima. La trasmissione in diretta di interventi chirurgici pu\u00f2 essere il modo migliore per apprendere le competenze di cui ha bisogno.<\/p>\n<p style=\"text-align: justify;\">L\u2019idea di trasmettere interventi chirurgici in diretta esiste da diversi anni, ma fino a poco tempo fa, \u00e8 stata in gran parte utilizzata durante le conferenze solamente come componente aggiuntiva. Poich\u00e9 non sono interventi eseguiti di routine, le trasmissioni tendono ad essere lunghe, costose e di qualit\u00e0 variabile.<\/p>\n<\/div><\/div><\/div><div class=\"fusion-layout-column fusion_builder_column fusion-builder-column-2 fusion_builder_column_1_1 1_1 fusion-flex-column\" style=\"--awb-bg-size:cover;--awb-width-large:100%;--awb-margin-top-large:0px;--awb-spacing-right-large:1.92%;--awb-margin-bottom-large:20px;--awb-spacing-left-large:1.92%;--awb-width-medium:100%;--awb-spacing-right-medium:1.92%;--awb-spacing-left-medium:1.92%;--awb-width-small:100%;--awb-spacing-right-small:1.92%;--awb-spacing-left-small:1.92%;\"><div class=\"fusion-column-wrapper fusion-flex-justify-content-flex-start fusion-content-layout-column\"><div class=\"fusion-text fusion-text-2\"><p style=\"text-align: justify;\">Negli ultimi anni sono stati compiuti progressi significativi in tutte le tecnologie correlate ad Internet. Lo streaming video e la disponibilit\u00e0 di banda larga, assieme all\u2019installazione di sistemi di telecamere installate all\u2019interno delle sale operatorie, hanno fornito ai chirurghi opportunit\u00e0 uniche. Oggigiorno \u00e8 possibile consentire un accesso \u201cvirtuale\u201d alla sala operatoria a chi non pu\u00f2 esserci fisicamente. Inoltre, consente a chirurghi non specialisti di accedere alle competenze di chirurghi pi\u00f9 specializzati dei centri pi\u00f9 importanti.<\/p>\n<\/div><\/div><\/div><div class=\"fusion-layout-column fusion_builder_column fusion-builder-column-3 fusion_builder_column_1_2 1_2 fusion-flex-column\" style=\"--awb-bg-size:cover;--awb-width-large:50%;--awb-margin-top-large:0px;--awb-spacing-right-large:3.84%;--awb-margin-bottom-large:20px;--awb-spacing-left-large:3.84%;--awb-width-medium:50%;--awb-spacing-right-medium:3.84%;--awb-spacing-left-medium:3.84%;--awb-width-small:100%;--awb-spacing-right-small:1.92%;--awb-spacing-left-small:1.92%;\"><div class=\"fusion-column-wrapper fusion-flex-justify-content-flex-start fusion-content-layout-column\"><div class=\"fusion-title title fusion-title-2 fusion-title-text fusion-title-size-one\"><div class=\"title-sep-container title-sep-container-left fusion-no-large-visibility fusion-no-medium-visibility fusion-no-small-visibility\"><div class=\"title-sep sep- sep-solid\" style=\"border-color:#e0dede;\"><\/div><\/div><span class=\"awb-title-spacer fusion-no-large-visibility fusion-no-medium-visibility fusion-no-small-visibility\"><\/span><h1 class=\"fusion-title-heading title-heading-left fusion-responsive-typography-calculated\" style=\"margin:0;--fontSize:33;line-height:1.45;\"><h3>Cosa facciamo<\/h3><\/h1><span class=\"awb-title-spacer\"><\/span><div class=\"title-sep-container title-sep-container-right\"><div class=\"title-sep sep- sep-solid\" style=\"border-color:#e0dede;\"><\/div><\/div><\/div><div class=\"fusion-text fusion-text-3\"><p style=\"text-align: justify;\">Da diversi anni Eventi-X \u00e8 specializzata nel campo delle riprese di interventi chirurgici dal vivo, dello streaming e della produzione video. Disponiamo sia delle attrezzature che del personale altamente qualificato per svolgere questo lavoro cos\u00ec importante.<\/p>\n<p style=\"text-align: justify;\">\u00c8 possibile filmare l\u2019operazione in formati video HD o 4K, trasmetterla in streaming dal vivo in qualsiasi parte del mondo o, qualora fosse richiesto, siamo in grado di gestire tutto il lavoro di post-produzione, inclusi voice-over e grafica 3D.<\/p>\n<p>Grazie al rapido progresso della tecnologia, i chirurghi stanno eseguendo operazioni salvavita in grado di cambiare il futuro di molte persone. Eventi-X, \u00e8 orgogliosa di aiutarli.<\/p>\n<\/div><\/div><\/div><div class=\"fusion-layout-column fusion_builder_column fusion-builder-column-4 fusion_builder_column_1_2 1_2 fusion-flex-column\" style=\"--awb-bg-size:cover;--awb-width-large:50%;--awb-margin-top-large:0px;--awb-spacing-right-large:3.84%;--awb-margin-bottom-large:20px;--awb-spacing-left-large:3.84%;--awb-width-medium:50%;--awb-spacing-right-medium:3.84%;--awb-spacing-left-medium:3.84%;--awb-width-small:100%;--awb-spacing-right-small:1.92%;--awb-spacing-left-small:1.92%;\"><div class=\"fusion-column-wrapper fusion-flex-justify-content-flex-start fusion-content-layout-column\"><div class=\"fusion-image-carousel fusion-image-carousel-auto fusion-image-carousel-2 fusion-carousel-border\"><div class=\"awb-carousel awb-swiper awb-swiper-carousel\" data-autoplay=\"no\" data-columns=\"1\" data-itemmargin=\"13\" data-itemwidth=\"180\" data-touchscroll=\"no\" data-imagesize=\"auto\" style=\"--awb-columns:1;\"><div class=\"swiper-wrapper awb-image-carousel-wrapper fusion-flex-align-items-center\"><div class=\"swiper-slide\"><div class=\"fusion-carousel-item-wrapper\"><div class=\"fusion-image-wrapper hover-type-none\"><img decoding=\"async\" width=\"1920\" height=\"1080\" src=\"https:\/\/www.eventixgroup.it\/wp-content\/uploads\/2019\/02\/Live-surgery_01.jpg\" class=\"attachment-full size-full\" alt=\"\" srcset=\"https:\/\/www.eventixgroup.it\/wp-content\/uploads\/2019\/02\/Live-surgery_01-200x113.jpg 200w, https:\/\/www.eventixgroup.it\/wp-content\/uploads\/2019\/02\/Live-surgery_01-300x169.jpg 300w, https:\/\/www.eventixgroup.it\/wp-content\/uploads\/2019\/02\/Live-surgery_01-320x180.jpg 320w, https:\/\/www.eventixgroup.it\/wp-content\/uploads\/2019\/02\/Live-surgery_01-360x203.jpg 360w, https:\/\/www.eventixgroup.it\/wp-content\/uploads\/2019\/02\/Live-surgery_01-400x225.jpg 400w, https:\/\/www.eventixgroup.it\/wp-content\/uploads\/2019\/02\/Live-surgery_01-500x281.jpg 500w, https:\/\/www.eventixgroup.it\/wp-content\/uploads\/2019\/02\/Live-surgery_01-600x338.jpg 600w, https:\/\/www.eventixgroup.it\/wp-content\/uploads\/2019\/02\/Live-surgery_01-640x360.jpg 640w, https:\/\/www.eventixgroup.it\/wp-content\/uploads\/2019\/02\/Live-surgery_01-700x394.jpg 700w, https:\/\/www.eventixgroup.it\/wp-content\/uploads\/2019\/02\/Live-surgery_01-720x405.jpg 720w, https:\/\/www.eventixgroup.it\/wp-content\/uploads\/2019\/02\/Live-surgery_01-768x432.jpg 768w, https:\/\/www.eventixgroup.it\/wp-content\/uploads\/2019\/02\/Live-surgery_01-800x450.jpg 800w, https:\/\/www.eventixgroup.it\/wp-content\/uploads\/2019\/02\/Live-surgery_01-1024x576.jpg 1024w, https:\/\/www.eventixgroup.it\/wp-content\/uploads\/2019\/02\/Live-surgery_01-1080x608.jpg 1080w, https:\/\/www.eventixgroup.it\/wp-content\/uploads\/2019\/02\/Live-surgery_01-1200x675.jpg 1200w, https:\/\/www.eventixgroup.it\/wp-content\/uploads\/2019\/02\/Live-surgery_01-1280x720.jpg 1280w, https:\/\/www.eventixgroup.it\/wp-content\/uploads\/2019\/02\/Live-surgery_01.jpg 1920w\" sizes=\"(max-width: 1920px) 100vw, 1920px\" \/><\/div><\/div><\/div><\/div><div class=\"awb-swiper-button awb-swiper-button-prev\"><i class=\"awb-icon-angle-left\" aria-hidden=\"true\"><\/i><\/div><div class=\"awb-swiper-button awb-swiper-button-next\"><i class=\"awb-icon-angle-right\" aria-hidden=\"true\"><\/i><\/div><\/div><\/div><\/div><\/div><\/div><\/div>\n","protected":false},"excerpt":{"rendered":"","protected":false},"author":3,"featured_media":0,"parent":15521,"menu_order":0,"comment_status":"closed","ping_status":"closed","template":"","meta":{"_monsterinsights_skip_tracking":false,"_monsterinsights_sitenote_active":false,"_monsterinsights_sitenote_note":"","_monsterinsights_sitenote_category":0,"footnotes":""},"class_list":["post-20232","page","type-page","status-publish","hentry"],"aioseo_notices":[],"_links":{"self":[{"href":"https:\/\/www.eventixgroup.it\/it\/wp-json\/wp\/v2\/pages\/20232","targetHints":{"allow":["GET"]}}],"collection":[{"href":"https:\/\/www.eventixgroup.it\/it\/wp-json\/wp\/v2\/pages"}],"about":[{"href":"https:\/\/www.eventixgroup.it\/it\/wp-json\/wp\/v2\/types\/page"}],"author":[{"embeddable":true,"href":"https:\/\/www.eventixgroup.it\/it\/wp-json\/wp\/v2\/users\/3"}],"replies":[{"embeddable":true,"href":"https:\/\/www.eventixgroup.it\/it\/wp-json\/wp\/v2\/comments?post=20232"}],"version-history":[{"count":5,"href":"https:\/\/www.eventixgroup.it\/it\/wp-json\/wp\/v2\/pages\/20232\/revisions"}],"predecessor-version":[{"id":20237,"href":"https:\/\/www.eventixgroup.it\/it\/wp-json\/wp\/v2\/pages\/20232\/revisions\/20237"}],"up":[{"embeddable":true,"href":"https:\/\/www.eventixgroup.it\/it\/wp-json\/wp\/v2\/pages\/15521"}],"wp:attachment":[{"href":"https:\/\/www.eventixgroup.it\/it\/wp-json\/wp\/v2\/media?parent=20232"}],"curies":[{"name":"wp","href":"https:\/\/api.w.org\/{rel}","templated":true}]}}