{"id":20229,"date":"2021-08-27T11:58:44","date_gmt":"2021-08-27T09:58:44","guid":{"rendered":"https:\/\/www.eventixgroup.it\/servizi\/eventi-digitali-e-ibridi\/"},"modified":"2021-09-01T14:41:01","modified_gmt":"2021-09-01T12:41:01","slug":"eventi-digitali-e-ibridi","status":"publish","type":"page","link":"https:\/\/www.eventixgroup.it\/it\/servizi\/eventi-digitali-e-ibridi\/","title":{"rendered":"Eventi digitali e ibridi"},"content":{"rendered":"<p><div class=\"fusion-fullwidth fullwidth-box fusion-builder-row-1 fusion-flex-container nonhundred-percent-fullwidth non-hundred-percent-height-scrolling\" style=\"--awb-border-radius-top-left:0px;--awb-border-radius-top-right:0px;--awb-border-radius-bottom-right:0px;--awb-border-radius-bottom-left:0px;--awb-flex-wrap:wrap;\" ><div class=\"fusion-builder-row fusion-row fusion-flex-align-items-flex-start fusion-flex-content-wrap\" style=\"max-width:1144px;margin-left: calc(-4% \/ 2 );margin-right: calc(-4% \/ 2 );\"><div class=\"fusion-layout-column fusion_builder_column fusion-builder-column-0 fusion_builder_column_1_2 1_2 fusion-flex-column\" style=\"--awb-bg-size:cover;--awb-width-large:50%;--awb-margin-top-large:0px;--awb-spacing-right-large:3.84%;--awb-margin-bottom-large:20px;--awb-spacing-left-large:3.84%;--awb-width-medium:50%;--awb-spacing-right-medium:3.84%;--awb-spacing-left-medium:3.84%;--awb-width-small:100%;--awb-spacing-right-small:1.92%;--awb-spacing-left-small:1.92%;\"><div class=\"fusion-column-wrapper fusion-column-has-shadow fusion-flex-justify-content-flex-start fusion-content-layout-column\"><div class=\"fusion-video fusion-vimeo\" style=\"--awb-max-width:600px;--awb-max-height:360px;\"><div class=\"video-shortcode\"><div class=\"fluid-width-video-wrapper\" style=\"padding-top:60%;\" ><iframe title=\"Vimeo video player 1\" src=\"https:\/\/player.vimeo.com\/video\/411329374?autoplay=0&autopause=0\" width=\"600\" height=\"360\" allowfullscreen allow=\"autoplay; fullscreen\"><\/iframe><\/div><\/div><\/div><\/div><\/div><div class=\"fusion-layout-column fusion_builder_column fusion-builder-column-1 fusion_builder_column_1_2 1_2 fusion-flex-column\" style=\"--awb-bg-size:cover;--awb-width-large:50%;--awb-margin-top-large:0px;--awb-spacing-right-large:3.84%;--awb-margin-bottom-large:20px;--awb-spacing-left-large:3.84%;--awb-width-medium:50%;--awb-spacing-right-medium:3.84%;--awb-spacing-left-medium:3.84%;--awb-width-small:100%;--awb-spacing-right-small:1.92%;--awb-spacing-left-small:1.92%;\"><div class=\"fusion-column-wrapper fusion-column-has-shadow fusion-flex-justify-content-flex-start fusion-content-layout-column\"><div class=\"fusion-title title fusion-title-1 fusion-title-text fusion-title-size-one\"><div class=\"title-sep-container title-sep-container-left fusion-no-large-visibility fusion-no-medium-visibility fusion-no-small-visibility\"><div class=\"title-sep sep- sep-solid\" style=\"border-color:#e0dede;\"><\/div><\/div><span class=\"awb-title-spacer fusion-no-large-visibility fusion-no-medium-visibility fusion-no-small-visibility\"><\/span><h1 class=\"fusion-title-heading title-heading-left fusion-responsive-typography-calculated\" style=\"margin:0;--fontSize:33;line-height:1.45;\"><h3>Studio Live Stream<\/h3><\/h1><span class=\"awb-title-spacer\"><\/span><div class=\"title-sep-container title-sep-container-right\"><div class=\"title-sep sep- sep-solid\" style=\"border-color:#e0dede;\"><\/div><\/div><\/div><div class=\"fusion-text fusion-text-1\"><p style=\"text-align: justify;\">Nel corso degli anni, ma soprattutto negli ultimi mesi, il live streaming \u00e8 passato da uno strumento un po\u2019 complicato, principalmente basato sui social media, a un mezzo essenziale di comunicazione aziendale.<\/p>\n<p style=\"text-align: justify;\">Finch\u00e9 il mondo \u00e8 fermo, e la salute e la sicurezza hanno la priorit\u00e0 nella nostra vita, siamo determinati a mantenere vive le relazioni, i collegamenti tra i team di lavoro fornendo una gamma di soluzioni e servizi per conferenze online ed eventi virtuali. Che si tratti di una conferenza web interattiva, di un live streaming della tua riunione online o webinar, possiamo offrire qualsiasi tipo di soluzione.<\/p>\n<\/div><\/div><\/div><\/div><\/div><div class=\"fusion-fullwidth fullwidth-box fusion-builder-row-2 fusion-flex-container nonhundred-percent-fullwidth non-hundred-percent-height-scrolling\" style=\"--awb-border-radius-top-left:0px;--awb-border-radius-top-right:0px;--awb-border-radius-bottom-right:0px;--awb-border-radius-bottom-left:0px;--awb-flex-wrap:wrap;\" ><div class=\"fusion-builder-row fusion-row fusion-flex-align-items-flex-start fusion-flex-content-wrap\" style=\"max-width:1144px;margin-left: calc(-4% \/ 2 );margin-right: calc(-4% \/ 2 );\"><div class=\"fusion-layout-column fusion_builder_column fusion-builder-column-2 fusion_builder_column_1_2 1_2 fusion-flex-column\" style=\"--awb-bg-size:cover;--awb-width-large:50%;--awb-margin-top-large:0px;--awb-spacing-right-large:3.84%;--awb-margin-bottom-large:20px;--awb-spacing-left-large:3.84%;--awb-width-medium:50%;--awb-spacing-right-medium:3.84%;--awb-spacing-left-medium:3.84%;--awb-width-small:100%;--awb-spacing-right-small:1.92%;--awb-spacing-left-small:1.92%;\"><div class=\"fusion-column-wrapper fusion-column-has-shadow fusion-flex-justify-content-flex-start fusion-content-layout-column\"><div class=\"fusion-title title fusion-title-2 fusion-title-text fusion-title-size-one\"><div class=\"title-sep-container title-sep-container-left fusion-no-large-visibility fusion-no-medium-visibility fusion-no-small-visibility\"><div class=\"title-sep sep- sep-solid\" style=\"border-color:#e0dede;\"><\/div><\/div><span class=\"awb-title-spacer fusion-no-large-visibility fusion-no-medium-visibility fusion-no-small-visibility\"><\/span><h1 class=\"fusion-title-heading title-heading-left fusion-responsive-typography-calculated\" style=\"margin:0;--fontSize:33;line-height:1.45;\"><h3 data-fontsize=\"17\" data-lineheight=\"23\">Cosa facciamo<\/h3><\/h1><span class=\"awb-title-spacer\"><\/span><div class=\"title-sep-container title-sep-container-right\"><div class=\"title-sep sep- sep-solid\" style=\"border-color:#e0dede;\"><\/div><\/div><\/div><div class=\"fusion-text fusion-text-2\"><p style=\"text-align: justify;\">&#8211; <strong>Eventi ibridi,<\/strong> alcuni ospiti in sala conferenza (rispettando le norme di distanziamento sociale imposte dal Covid), e altri partecipanti collegati in remoto con zoom, team e live streaming<br \/>\n&#8211; <strong>Eventi virtuali<\/strong>, il presentatore in sala conferenza o in studi televisivi e tutti i partecipanti collegati online, con la possibilit\u00e0 di condividere ppt, contenuti audiovisivi, e molto altro.<br \/>\n&#8211; <strong>Greenscreen <\/strong>, (chroma key), studi virtuali di base con inqudratura fissa. Il presentatore viene sovrapposto a scenari virtuali.<br \/>\n&#8211; <strong>Greenscreen Advanced<\/strong>, studio virtuale animato con l\u2019utilizzo di diverse camere fisse e mobili. I presentatori possono camminare nello studio virtuale.<\/p>\n<\/div><div class=\"fusion-image-carousel fusion-image-carousel-auto fusion-image-carousel-1 fusion-carousel-border\"><div class=\"awb-carousel awb-swiper awb-swiper-carousel\" data-autoplay=\"no\" data-columns=\"1\" data-itemmargin=\"13\" data-itemwidth=\"180\" data-touchscroll=\"no\" data-imagesize=\"auto\" style=\"--awb-columns:1;\"><div class=\"swiper-wrapper awb-image-carousel-wrapper fusion-flex-align-items-center\"><div class=\"swiper-slide\"><div class=\"fusion-carousel-item-wrapper\"><div class=\"fusion-image-wrapper hover-type-none\"><img decoding=\"async\" width=\"1920\" height=\"1080\" src=\"https:\/\/www.eventixgroup.it\/wp-content\/uploads\/2020\/06\/eventi-x_Hybrid_events.jpg\" class=\"attachment-full size-full\" alt=\"\" srcset=\"https:\/\/www.eventixgroup.it\/wp-content\/uploads\/2020\/06\/eventi-x_Hybrid_events-200x113.jpg 200w, https:\/\/www.eventixgroup.it\/wp-content\/uploads\/2020\/06\/eventi-x_Hybrid_events-300x169.jpg 300w, https:\/\/www.eventixgroup.it\/wp-content\/uploads\/2020\/06\/eventi-x_Hybrid_events-400x225.jpg 400w, https:\/\/www.eventixgroup.it\/wp-content\/uploads\/2020\/06\/eventi-x_Hybrid_events-500x281.jpg 500w, https:\/\/www.eventixgroup.it\/wp-content\/uploads\/2020\/06\/eventi-x_Hybrid_events-600x338.jpg 600w, https:\/\/www.eventixgroup.it\/wp-content\/uploads\/2020\/06\/eventi-x_Hybrid_events-700x394.jpg 700w, https:\/\/www.eventixgroup.it\/wp-content\/uploads\/2020\/06\/eventi-x_Hybrid_events-768x432.jpg 768w, https:\/\/www.eventixgroup.it\/wp-content\/uploads\/2020\/06\/eventi-x_Hybrid_events-800x450.jpg 800w, https:\/\/www.eventixgroup.it\/wp-content\/uploads\/2020\/06\/eventi-x_Hybrid_events-1024x576.jpg 1024w, https:\/\/www.eventixgroup.it\/wp-content\/uploads\/2020\/06\/eventi-x_Hybrid_events-1200x675.jpg 1200w, https:\/\/www.eventixgroup.it\/wp-content\/uploads\/2020\/06\/eventi-x_Hybrid_events-1536x864.jpg 1536w, https:\/\/www.eventixgroup.it\/wp-content\/uploads\/2020\/06\/eventi-x_Hybrid_events.jpg 1920w\" sizes=\"(max-width: 1920px) 100vw, 1920px\" \/><\/div><\/div><\/div><\/div><div class=\"awb-swiper-button awb-swiper-button-prev\"><i class=\"awb-icon-angle-left\" aria-hidden=\"true\"><\/i><\/div><div class=\"awb-swiper-button awb-swiper-button-next\"><i class=\"awb-icon-angle-right\" aria-hidden=\"true\"><\/i><\/div><\/div><\/div><\/div><\/div><div class=\"fusion-layout-column fusion_builder_column fusion-builder-column-3 fusion_builder_column_1_2 1_2 fusion-flex-column\" style=\"--awb-bg-size:cover;--awb-width-large:50%;--awb-margin-top-large:0px;--awb-spacing-right-large:3.84%;--awb-margin-bottom-large:20px;--awb-spacing-left-large:3.84%;--awb-width-medium:50%;--awb-spacing-right-medium:3.84%;--awb-spacing-left-medium:3.84%;--awb-width-small:100%;--awb-spacing-right-small:1.92%;--awb-spacing-left-small:1.92%;\"><div class=\"fusion-column-wrapper fusion-column-has-shadow fusion-flex-justify-content-flex-start fusion-content-layout-column\"><div class=\"fusion-image-carousel fusion-image-carousel-auto fusion-image-carousel-2 fusion-carousel-border\"><div class=\"awb-carousel awb-swiper awb-swiper-carousel\" data-autoplay=\"no\" data-columns=\"1\" data-itemmargin=\"13\" data-itemwidth=\"180\" data-touchscroll=\"no\" data-imagesize=\"auto\" style=\"--awb-columns:1;\"><div class=\"swiper-wrapper awb-image-carousel-wrapper fusion-flex-align-items-center\"><div class=\"swiper-slide\"><div class=\"fusion-carousel-item-wrapper\"><div class=\"fusion-image-wrapper hover-type-none\"><img decoding=\"async\" width=\"1920\" height=\"1080\" src=\"https:\/\/www.eventixgroup.it\/wp-content\/uploads\/2020\/05\/eventi-x_green-screen.jpg\" class=\"attachment-full size-full\" alt=\"\" srcset=\"https:\/\/www.eventixgroup.it\/wp-content\/uploads\/2020\/05\/eventi-x_green-screen-200x113.jpg 200w, https:\/\/www.eventixgroup.it\/wp-content\/uploads\/2020\/05\/eventi-x_green-screen-300x169.jpg 300w, https:\/\/www.eventixgroup.it\/wp-content\/uploads\/2020\/05\/eventi-x_green-screen-400x225.jpg 400w, https:\/\/www.eventixgroup.it\/wp-content\/uploads\/2020\/05\/eventi-x_green-screen-500x281.jpg 500w, https:\/\/www.eventixgroup.it\/wp-content\/uploads\/2020\/05\/eventi-x_green-screen-600x338.jpg 600w, https:\/\/www.eventixgroup.it\/wp-content\/uploads\/2020\/05\/eventi-x_green-screen-700x394.jpg 700w, https:\/\/www.eventixgroup.it\/wp-content\/uploads\/2020\/05\/eventi-x_green-screen-768x432.jpg 768w, https:\/\/www.eventixgroup.it\/wp-content\/uploads\/2020\/05\/eventi-x_green-screen-800x450.jpg 800w, https:\/\/www.eventixgroup.it\/wp-content\/uploads\/2020\/05\/eventi-x_green-screen-1024x576.jpg 1024w, https:\/\/www.eventixgroup.it\/wp-content\/uploads\/2020\/05\/eventi-x_green-screen-1200x675.jpg 1200w, https:\/\/www.eventixgroup.it\/wp-content\/uploads\/2020\/05\/eventi-x_green-screen-1536x864.jpg 1536w, https:\/\/www.eventixgroup.it\/wp-content\/uploads\/2020\/05\/eventi-x_green-screen.jpg 1920w\" sizes=\"(max-width: 1920px) 100vw, 1920px\" \/><\/div><\/div><\/div><div class=\"swiper-slide\"><div class=\"fusion-carousel-item-wrapper\"><div class=\"fusion-image-wrapper hover-type-none\"><img decoding=\"async\" width=\"1646\" height=\"843\" src=\"https:\/\/www.eventixgroup.it\/wp-content\/uploads\/2020\/05\/eventi-x_green-screen2.jpg\" class=\"attachment-full size-full\" alt=\"\" srcset=\"https:\/\/www.eventixgroup.it\/wp-content\/uploads\/2020\/05\/eventi-x_green-screen2-200x102.jpg 200w, https:\/\/www.eventixgroup.it\/wp-content\/uploads\/2020\/05\/eventi-x_green-screen2-300x154.jpg 300w, https:\/\/www.eventixgroup.it\/wp-content\/uploads\/2020\/05\/eventi-x_green-screen2-400x205.jpg 400w, https:\/\/www.eventixgroup.it\/wp-content\/uploads\/2020\/05\/eventi-x_green-screen2-500x256.jpg 500w, https:\/\/www.eventixgroup.it\/wp-content\/uploads\/2020\/05\/eventi-x_green-screen2-600x307.jpg 600w, https:\/\/www.eventixgroup.it\/wp-content\/uploads\/2020\/05\/eventi-x_green-screen2-700x359.jpg 700w, https:\/\/www.eventixgroup.it\/wp-content\/uploads\/2020\/05\/eventi-x_green-screen2-768x393.jpg 768w, https:\/\/www.eventixgroup.it\/wp-content\/uploads\/2020\/05\/eventi-x_green-screen2-800x410.jpg 800w, https:\/\/www.eventixgroup.it\/wp-content\/uploads\/2020\/05\/eventi-x_green-screen2-1024x524.jpg 1024w, https:\/\/www.eventixgroup.it\/wp-content\/uploads\/2020\/05\/eventi-x_green-screen2-1200x615.jpg 1200w, https:\/\/www.eventixgroup.it\/wp-content\/uploads\/2020\/05\/eventi-x_green-screen2-1536x787.jpg 1536w, https:\/\/www.eventixgroup.it\/wp-content\/uploads\/2020\/05\/eventi-x_green-screen2.jpg 1646w\" sizes=\"(max-width: 1646px) 100vw, 1646px\" \/><\/div><\/div><\/div><\/div><div class=\"awb-swiper-button awb-swiper-button-prev\"><i class=\"awb-icon-angle-left\" aria-hidden=\"true\"><\/i><\/div><div class=\"awb-swiper-button awb-swiper-button-next\"><i class=\"awb-icon-angle-right\" aria-hidden=\"true\"><\/i><\/div><\/div><\/div><div class=\"fusion-text fusion-text-3\"><p>&#8211; <strong>Q&amp;A in chat<\/strong> (Domande e risposte) con moderazione di controllo dalla regia tecnica<br \/>\n&#8211; <strong>Q&amp;A live<\/strong> (Domande e risposte) con audio e video dal vivo usando web conference client (zoom, team, etc)<br \/>\n&#8211; <strong>Televoto<\/strong><br \/>\n&#8211; <strong>Sondaggi <\/strong>sulla soddisfazione degli ospiti e sul livello di apprendimento<br \/>\n&#8211;<strong>Sondaggi sulla partecipazione degli utenti a distanza<\/strong><br \/>\n&#8211; <strong>Evento MultiSite <\/strong> con pi\u00f9 location, virtuali o reali, collegate contemporaneamente da diverse localit\u00e0 del mondo<br \/>\n&#8211; <strong>Bassa latenza<\/strong> per garantire una buona interazione tra relatori<br \/>\n&#8211; <strong>Multi-layout<\/strong> grafico sulla configurazione visiva (cam1, cam2, slide + presentatore, solo slide a schermo interno, ecc)<br \/>\n&#8211; <strong>Streaming in realt\u00e0 virtuale<\/strong>, integrazione in ambiente virtuale con vista a 360\u00b0, VR e 3D per garantire all\u2019ospite collegato da remoto una completa partecipazione.<\/p>\n<\/div><\/div><\/div><\/div><\/div><\/p>\n","protected":false},"excerpt":{"rendered":"","protected":false},"author":3,"featured_media":0,"parent":15521,"menu_order":0,"comment_status":"closed","ping_status":"closed","template":"","meta":{"_monsterinsights_skip_tracking":false,"_monsterinsights_sitenote_active":false,"_monsterinsights_sitenote_note":"","_monsterinsights_sitenote_category":0,"footnotes":""},"class_list":["post-20229","page","type-page","status-publish","hentry"],"aioseo_notices":[],"_links":{"self":[{"href":"https:\/\/www.eventixgroup.it\/it\/wp-json\/wp\/v2\/pages\/20229","targetHints":{"allow":["GET"]}}],"collection":[{"href":"https:\/\/www.eventixgroup.it\/it\/wp-json\/wp\/v2\/pages"}],"about":[{"href":"https:\/\/www.eventixgroup.it\/it\/wp-json\/wp\/v2\/types\/page"}],"author":[{"embeddable":true,"href":"https:\/\/www.eventixgroup.it\/it\/wp-json\/wp\/v2\/users\/3"}],"replies":[{"embeddable":true,"href":"https:\/\/www.eventixgroup.it\/it\/wp-json\/wp\/v2\/comments?post=20229"}],"version-history":[{"count":5,"href":"https:\/\/www.eventixgroup.it\/it\/wp-json\/wp\/v2\/pages\/20229\/revisions"}],"predecessor-version":[{"id":20316,"href":"https:\/\/www.eventixgroup.it\/it\/wp-json\/wp\/v2\/pages\/20229\/revisions\/20316"}],"up":[{"embeddable":true,"href":"https:\/\/www.eventixgroup.it\/it\/wp-json\/wp\/v2\/pages\/15521"}],"wp:attachment":[{"href":"https:\/\/www.eventixgroup.it\/it\/wp-json\/wp\/v2\/media?parent=20229"}],"curies":[{"name":"wp","href":"https:\/\/api.w.org\/{rel}","templated":true}]}}