{"id":15495,"date":"2018-10-30T10:17:27","date_gmt":"2018-10-30T09:17:27","guid":{"rendered":"http:\/\/www.eventixgroup.it\/lavora-con-noi\/"},"modified":"2022-04-07T19:43:05","modified_gmt":"2022-04-07T17:43:05","slug":"lavora-con-noi","status":"publish","type":"page","link":"https:\/\/www.eventixgroup.it\/it\/lavora-con-noi\/","title":{"rendered":"Lavora con noi"},"content":{"rendered":"<div class=\"fusion-fullwidth fullwidth-box fusion-builder-row-1 fusion-flex-container nonhundred-percent-fullwidth non-hundred-percent-height-scrolling\" style=\"--awb-border-radius-top-left:0px;--awb-border-radius-top-right:0px;--awb-border-radius-bottom-right:0px;--awb-border-radius-bottom-left:0px;--awb-flex-wrap:wrap;\" ><div class=\"fusion-builder-row fusion-row fusion-flex-align-items-flex-start fusion-flex-content-wrap\" style=\"max-width:calc( 1100px + 0px );margin-left: calc(-0px \/ 2 );margin-right: calc(-0px \/ 2 );\"><div class=\"fusion-layout-column fusion_builder_column fusion-builder-column-0 fusion_builder_column_1_1 1_1 fusion-flex-column\" style=\"--awb-bg-size:cover;--awb-width-large:100%;--awb-margin-top-large:0px;--awb-spacing-right-large:0px;--awb-margin-bottom-large:20px;--awb-spacing-left-large:0px;--awb-width-medium:100%;--awb-spacing-right-medium:0px;--awb-spacing-left-medium:0px;--awb-width-small:100%;--awb-spacing-right-small:0px;--awb-spacing-left-small:0px;\"><div class=\"fusion-column-wrapper fusion-flex-justify-content-flex-start fusion-content-layout-column\"><div class=\"fusion-text fusion-text-1\"><p><!-- Global site tag (gtag.js) - Google Ads: 1009953649 --><br \/>\n<script async src=\"https:\/\/www.googletagmanager.com\/gtag\/js?id=AW-1009953649\"><\/script><br \/>\n<script>\n  window.dataLayer = window.dataLayer || [];\n  function gtag(){dataLayer.push(arguments);}\n  gtag('js', new Date());<\/p>\n<p>  gtag('config', 'AW-1009953649');\n<\/script><\/p>\n<p>Eventi-X Group \u00e8 pi\u00f9 di un semplice nome&#8230;<br \/>\nSiamo un&#8217;azienda focalizzata sulle persone, soprattutto se di talento, sempre impegnate alla ricerca di sviluppare le proprie capacit\u00e0 e in grado di guardare avanti.<br \/>\nSe hai voglia di unirti ad un team di persone affini ai tuoi sogni ed obiettivi, non ti resta che osservare le nostre posizioni aperte.<\/p>\n<p>Qualora la vostra figura fosse in linea con le nostre esigenze, sarete contattati per un colloquio conoscitivo.<\/p>\n<p>&nbsp;<\/p>\n<blockquote>\n<h2>&#8220;Mettersi insieme \u00e8 un inizio, rimanere insieme \u00e8 un progresso, lavorare insieme \u00e8 un successo.&#8221;<br \/>\n<em>-Henry Ford-<\/em><\/h2>\n<\/blockquote>\n<\/div><iframe src=\"https:\/\/docs.google.com\/forms\/d\/e\/1FAIpQLSey7-wk7NX1VjsxGf3D1LqbUs8zun-Pj3MF3BIP11eKyO5tbg\/viewform?embedded=true\" width=\"940\" height=\"3058\" frameborder=\"0\" marginheight=\"0\" marginwidth=\"0\">Caricamento\u2026<\/iframe><\/div><\/div><\/div><\/div>\n","protected":false},"excerpt":{"rendered":"","protected":false},"author":3,"featured_media":15002,"parent":0,"menu_order":0,"comment_status":"open","ping_status":"closed","template":"","meta":{"_monsterinsights_skip_tracking":false,"_monsterinsights_sitenote_active":false,"_monsterinsights_sitenote_note":"","_monsterinsights_sitenote_category":0,"footnotes":""},"class_list":["post-15495","page","type-page","status-publish","has-post-thumbnail","hentry"],"aioseo_notices":[],"_links":{"self":[{"href":"https:\/\/www.eventixgroup.it\/it\/wp-json\/wp\/v2\/pages\/15495","targetHints":{"allow":["GET"]}}],"collection":[{"href":"https:\/\/www.eventixgroup.it\/it\/wp-json\/wp\/v2\/pages"}],"about":[{"href":"https:\/\/www.eventixgroup.it\/it\/wp-json\/wp\/v2\/types\/page"}],"author":[{"embeddable":true,"href":"https:\/\/www.eventixgroup.it\/it\/wp-json\/wp\/v2\/users\/3"}],"replies":[{"embeddable":true,"href":"https:\/\/www.eventixgroup.it\/it\/wp-json\/wp\/v2\/comments?post=15495"}],"version-history":[{"count":7,"href":"https:\/\/www.eventixgroup.it\/it\/wp-json\/wp\/v2\/pages\/15495\/revisions"}],"predecessor-version":[{"id":21618,"href":"https:\/\/www.eventixgroup.it\/it\/wp-json\/wp\/v2\/pages\/15495\/revisions\/21618"}],"wp:featuredmedia":[{"embeddable":true,"href":"https:\/\/www.eventixgroup.it\/it\/wp-json\/wp\/v2\/media\/15002"}],"wp:attachment":[{"href":"https:\/\/www.eventixgroup.it\/it\/wp-json\/wp\/v2\/media?parent=15495"}],"curies":[{"name":"wp","href":"https:\/\/api.w.org\/{rel}","templated":true}]}}